{"id":359,"date":"2023-09-29T10:36:35","date_gmt":"2023-09-29T10:36:35","guid":{"rendered":"https:\/\/wuolah.com\/blog\/?page_id=359"},"modified":"2023-10-02T10:28:41","modified_gmt":"2023-10-02T10:28:41","slug":"fisica","status":"publish","type":"page","link":"https:\/\/wuolah.com\/blog\/fisica\/","title":{"rendered":"F\u00edsica"},"content":{"rendered":"<div  data-slideshow-options=\"{&quot;animation&quot;:&quot;fade&quot;,&quot;autoplay&quot;:false,&quot;loop_autoplay&quot;:&quot;once&quot;,&quot;interval&quot;:5,&quot;loop_manual&quot;:&quot;manual-endless&quot;,&quot;autoplay_stopper&quot;:false,&quot;noNavigation&quot;:false,&quot;show_slide_delay&quot;:90}\" class='avia-content-slider avia-content-grid-active avia-content-slider1 avia-content-slider-odd  avia-builder-el-0  avia-builder-el-no-sibling  av-slideshow-ui av-control-default   av-no-slider-navigation av-slideshow-manual av-loop-once av-loop-manual-endless '  itemscope=\"itemscope\" itemtype=\"https:\/\/schema.org\/Blog\" ><div class=\"avia-content-slider-inner\"><div class=\"slide-entry-wrap\"><article class='slide-entry flex_column  post-entry post-entry-1848 slide-entry-overview slide-loop-1 slide-parity-odd  av_one_third first real-thumbnail post-format-standard'  itemscope=\"itemscope\" itemtype=\"https:\/\/schema.org\/CreativeWork\" ><a href='https:\/\/wuolah.com\/blog\/capas-de-la-atmosfera\/' data-rel='slide-1' class='slide-image' title='Capas de la atm\u00f3sfera: cu\u00e1les son y sus funciones'><img fetchpriority=\"high\" decoding=\"async\" width=\"495\" height=\"400\" src=\"https:\/\/wuolah.com\/blog\/wp-content\/uploads\/sites\/2\/2024\/11\/capas-de-la-atmosfera-495x400.jpg\" class=\"wp-image-1850 avia-img-lazy-loading-not-1850 attachment-portfolio size-portfolio wp-post-image\" alt=\"capas de la atm\u00f3sfera\" srcset=\"https:\/\/wuolah.com\/blog\/wp-content\/uploads\/sites\/2\/2024\/11\/capas-de-la-atmosfera-495x400.jpg 495w, https:\/\/wuolah.com\/blog\/wp-content\/uploads\/sites\/2\/2024\/11\/capas-de-la-atmosfera-845x684.jpg 845w\" sizes=\"(max-width: 495px) 100vw, 495px\" \/><\/a><div class=\"slide-content\"><header class=\"entry-content-header\"><span class=\"blog-categories minor-meta\"><a href=\"https:\/\/wuolah.com\/blog\/category\/fisica\/\" rel=\"tag\">F\u00edsica<\/a> <\/span><h3 class='slide-entry-title entry-title '  itemprop=\"headline\" ><a href='https:\/\/wuolah.com\/blog\/capas-de-la-atmosfera\/' title='Capas de la atm\u00f3sfera: cu\u00e1les son y sus funciones'>Capas de la atm\u00f3sfera: cu\u00e1les son y sus funciones<\/a><\/h3><span class=\"av-vertical-delimiter\"><\/span><\/header><div class='slide-entry-excerpt entry-content'  itemprop=\"text\" >\n\u00bfAlguna vez te has preguntado qu\u00e9 hay m\u00e1s all\u00e1 del cielo azul? La atm\u00f3sfera es un sistema complejo que hace posible la vida en nuestro planeta. En esta entrada, te explicamos cu\u00e1les son las capas que componen la atm\u00f3sfera, sus caracter\u00edsticas\u2026<\/div><\/div><footer class=\"entry-footer\"><div class=\"slide-meta\"><time class='slide-meta-time updated'  itemprop=\"datePublished\" datetime=\"2024-11-13T20:00:00+01:00\" >13\/11\/2024<\/time><\/div><\/footer><span class='hidden'>\n\t\t\t\t<span class='av-structured-data'  itemprop=\"image\" itemscope=\"itemscope\" itemtype=\"https:\/\/schema.org\/ImageObject\" >\n\t\t\t\t\t\t<span itemprop='url'>https:\/\/wuolah.com\/blog\/wp-content\/uploads\/sites\/2\/2024\/11\/capas-de-la-atmosfera.jpg<\/span>\n\t\t\t\t\t\t<span itemprop='height'>720<\/span>\n\t\t\t\t\t\t<span itemprop='width'>1280<\/span>\n\t\t\t\t<\/span>\n\t\t\t\t<span class='av-structured-data'  itemprop=\"publisher\" itemtype=\"https:\/\/schema.org\/Organization\" itemscope=\"itemscope\" >\n\t\t\t\t\t\t<span itemprop='name'>teresa<\/span>\n\t\t\t\t\t\t<span itemprop='logo' itemscope itemtype='https:\/\/schema.org\/ImageObject'>\n\t\t\t\t\t\t\t<span itemprop='url'>https:\/\/wuolah.com\/blog\/wp-content\/uploads\/sites\/2\/2023\/09\/LOGOTIPO-black_con_margen-1-300x111.png<\/span>\n\t\t\t\t\t\t<\/span>\n\t\t\t\t<\/span><span class='av-structured-data'  itemprop=\"author\" itemscope=\"itemscope\" itemtype=\"https:\/\/schema.org\/Person\" ><span itemprop='name'>teresa<\/span><\/span><span class='av-structured-data'  itemprop=\"datePublished\" datetime=\"2023-09-29T10:36:35+01:00\" >2024-11-13 20:00:00<\/span><span class='av-structured-data'  itemprop=\"dateModified\" itemtype=\"https:\/\/schema.org\/dateModified\" >2024-11-10 23:13:07<\/span><span class='av-structured-data'  itemprop=\"mainEntityOfPage\" itemtype=\"https:\/\/schema.org\/mainEntityOfPage\" ><span itemprop='name'>Capas de la atm\u00f3sfera: cu\u00e1les son y sus funciones<\/span><\/span><\/span><\/article><article class='slide-entry flex_column  post-entry post-entry-1818 slide-entry-overview slide-loop-2 slide-parity-even  av_one_third  real-thumbnail post-format-standard'  itemscope=\"itemscope\" itemtype=\"https:\/\/schema.org\/CreativeWork\" ><a href='https:\/\/wuolah.com\/blog\/sismicidad\/' data-rel='slide-1' class='slide-image' title='Sismicidad: qu\u00e9 es, mapas y riesgo'><img decoding=\"async\" width=\"495\" height=\"400\" src=\"https:\/\/wuolah.com\/blog\/wp-content\/uploads\/sites\/2\/2024\/11\/sismicidad-495x400.jpg\" class=\"wp-image-1819 avia-img-lazy-loading-not-1819 attachment-portfolio size-portfolio wp-post-image\" alt=\"sismicidad\" srcset=\"https:\/\/wuolah.com\/blog\/wp-content\/uploads\/sites\/2\/2024\/11\/sismicidad-495x400.jpg 495w, https:\/\/wuolah.com\/blog\/wp-content\/uploads\/sites\/2\/2024\/11\/sismicidad-845x684.jpg 845w\" sizes=\"(max-width: 495px) 100vw, 495px\" \/><\/a><div class=\"slide-content\"><header class=\"entry-content-header\"><span class=\"blog-categories minor-meta\"><a href=\"https:\/\/wuolah.com\/blog\/category\/fisica\/\" rel=\"tag\">F\u00edsica<\/a> <\/span><h3 class='slide-entry-title entry-title '  itemprop=\"headline\" ><a href='https:\/\/wuolah.com\/blog\/sismicidad\/' title='Sismicidad: qu\u00e9 es, mapas y riesgo'>Sismicidad: qu\u00e9 es, mapas y riesgo<\/a><\/h3><span class=\"av-vertical-delimiter\"><\/span><\/header><div class='slide-entry-excerpt entry-content'  itemprop=\"text\" >\nLa sismicidad nos ayuda a comprender la actividad interna de nuestro planeta. En esta entrada, te explicamos qu\u00e9 es la sismicidad, c\u00f3mo se representa en mapas y qu\u00e9 riesgos implica.\n\n\n\n\u00bfQu\u00e9 es la sismicidad?\n\n\n\n\nLa sismicidad es la frecuencia,\u2026<\/div><\/div><footer class=\"entry-footer\"><div class=\"slide-meta\"><time class='slide-meta-time updated'  itemprop=\"datePublished\" datetime=\"2024-11-11T20:00:00+01:00\" >11\/11\/2024<\/time><\/div><\/footer><span class='hidden'>\n\t\t\t\t<span class='av-structured-data'  itemprop=\"image\" itemscope=\"itemscope\" itemtype=\"https:\/\/schema.org\/ImageObject\" >\n\t\t\t\t\t\t<span itemprop='url'>https:\/\/wuolah.com\/blog\/wp-content\/uploads\/sites\/2\/2024\/11\/sismicidad.jpg<\/span>\n\t\t\t\t\t\t<span itemprop='height'>720<\/span>\n\t\t\t\t\t\t<span itemprop='width'>1280<\/span>\n\t\t\t\t<\/span>\n\t\t\t\t<span class='av-structured-data'  itemprop=\"publisher\" itemtype=\"https:\/\/schema.org\/Organization\" itemscope=\"itemscope\" >\n\t\t\t\t\t\t<span itemprop='name'>teresa<\/span>\n\t\t\t\t\t\t<span itemprop='logo' itemscope itemtype='https:\/\/schema.org\/ImageObject'>\n\t\t\t\t\t\t\t<span itemprop='url'>https:\/\/wuolah.com\/blog\/wp-content\/uploads\/sites\/2\/2023\/09\/LOGOTIPO-black_con_margen-1-300x111.png<\/span>\n\t\t\t\t\t\t<\/span>\n\t\t\t\t<\/span><span class='av-structured-data'  itemprop=\"author\" itemscope=\"itemscope\" itemtype=\"https:\/\/schema.org\/Person\" ><span itemprop='name'>teresa<\/span><\/span><span class='av-structured-data'  itemprop=\"datePublished\" datetime=\"2023-09-29T10:36:35+01:00\" >2024-11-11 20:00:00<\/span><span class='av-structured-data'  itemprop=\"dateModified\" itemtype=\"https:\/\/schema.org\/dateModified\" >2024-11-10 18:50:20<\/span><span class='av-structured-data'  itemprop=\"mainEntityOfPage\" itemtype=\"https:\/\/schema.org\/mainEntityOfPage\" ><span itemprop='name'>Sismicidad: qu\u00e9 es, mapas y riesgo<\/span><\/span><\/span><\/article><article class='slide-entry flex_column  post-entry post-entry-1788 slide-entry-overview slide-loop-3 slide-parity-odd  post-entry-last  av_one_third  real-thumbnail post-format-standard'  itemscope=\"itemscope\" itemtype=\"https:\/\/schema.org\/CreativeWork\" ><a href='https:\/\/wuolah.com\/blog\/corriente-alterna\/' data-rel='slide-1' class='slide-image' title='Corriente alterna: qu\u00e9 es, caracter\u00edsticas y aplicaciones'><img decoding=\"async\" width=\"495\" height=\"400\" src=\"https:\/\/wuolah.com\/blog\/wp-content\/uploads\/sites\/2\/2024\/11\/corriente-alterna-495x400.jpg\" class=\"wp-image-1789 avia-img-lazy-loading-not-1789 attachment-portfolio size-portfolio wp-post-image\" alt=\"corriente alterna\" srcset=\"https:\/\/wuolah.com\/blog\/wp-content\/uploads\/sites\/2\/2024\/11\/corriente-alterna-495x400.jpg 495w, https:\/\/wuolah.com\/blog\/wp-content\/uploads\/sites\/2\/2024\/11\/corriente-alterna-845x684.jpg 845w\" sizes=\"(max-width: 495px) 100vw, 495px\" \/><\/a><div class=\"slide-content\"><header class=\"entry-content-header\"><span class=\"blog-categories minor-meta\"><a href=\"https:\/\/wuolah.com\/blog\/category\/fisica\/\" rel=\"tag\">F\u00edsica<\/a> <\/span><h3 class='slide-entry-title entry-title '  itemprop=\"headline\" ><a href='https:\/\/wuolah.com\/blog\/corriente-alterna\/' title='Corriente alterna: qu\u00e9 es, caracter\u00edsticas y aplicaciones'>Corriente alterna: qu\u00e9 es, caracter\u00edsticas y aplicaciones<\/a><\/h3><span class=\"av-vertical-delimiter\"><\/span><\/header><div class='slide-entry-excerpt entry-content'  itemprop=\"text\" >\nSi alguna vez te has preguntado c\u00f3mo llega la electricidad a nuestras casas, sigue leyendo que te contamos c\u00f3mo funciona la corriente alterna, sus caracter\u00edsticas y sus distintas aplicaciones pr\u00e1cticas.\n\n\n\n\n\n\n\n\u00bfQu\u00e9 es la corriente alterna?\n\n\n\n\nLa\u2026<\/div><\/div><footer class=\"entry-footer\"><div class=\"slide-meta\"><time class='slide-meta-time updated'  itemprop=\"datePublished\" datetime=\"2024-11-04T20:00:00+01:00\" >04\/11\/2024<\/time><\/div><\/footer><span class='hidden'>\n\t\t\t\t<span class='av-structured-data'  itemprop=\"image\" itemscope=\"itemscope\" itemtype=\"https:\/\/schema.org\/ImageObject\" >\n\t\t\t\t\t\t<span itemprop='url'>https:\/\/wuolah.com\/blog\/wp-content\/uploads\/sites\/2\/2024\/11\/corriente-alterna.jpg<\/span>\n\t\t\t\t\t\t<span itemprop='height'>720<\/span>\n\t\t\t\t\t\t<span itemprop='width'>1280<\/span>\n\t\t\t\t<\/span>\n\t\t\t\t<span class='av-structured-data'  itemprop=\"publisher\" itemtype=\"https:\/\/schema.org\/Organization\" itemscope=\"itemscope\" >\n\t\t\t\t\t\t<span itemprop='name'>teresa<\/span>\n\t\t\t\t\t\t<span itemprop='logo' itemscope itemtype='https:\/\/schema.org\/ImageObject'>\n\t\t\t\t\t\t\t<span itemprop='url'>https:\/\/wuolah.com\/blog\/wp-content\/uploads\/sites\/2\/2023\/09\/LOGOTIPO-black_con_margen-1-300x111.png<\/span>\n\t\t\t\t\t\t<\/span>\n\t\t\t\t<\/span><span class='av-structured-data'  itemprop=\"author\" itemscope=\"itemscope\" itemtype=\"https:\/\/schema.org\/Person\" ><span itemprop='name'>teresa<\/span><\/span><span class='av-structured-data'  itemprop=\"datePublished\" datetime=\"2023-09-29T10:36:35+01:00\" >2024-11-04 20:00:00<\/span><span class='av-structured-data'  itemprop=\"dateModified\" itemtype=\"https:\/\/schema.org\/dateModified\" >2024-11-01 13:49:01<\/span><span class='av-structured-data'  itemprop=\"mainEntityOfPage\" itemtype=\"https:\/\/schema.org\/mainEntityOfPage\" ><span itemprop='name'>Corriente alterna: qu\u00e9 es, caracter\u00edsticas y aplicaciones<\/span><\/span><\/span><\/article><\/div><\/div><div class='pagination-wrap pagination-slider'><nav class='pagination'><span class='pagination-meta'>P\u00e1gina 1 de 8<\/span><span class='current'>1<\/span><a href='https:\/\/wuolah.com\/blog\/wp-json\/wp\/v2\/pages\/359\/?avia-element-paging=2' class='inactive next_page' >2<\/a><a href='https:\/\/wuolah.com\/blog\/wp-json\/wp\/v2\/pages\/359\/?avia-element-paging=3' class='inactive' >3<\/a><a href='https:\/\/wuolah.com\/blog\/wp-json\/wp\/v2\/pages\/359\/?avia-element-paging=2'>&rsaquo;<\/a><a href='https:\/\/wuolah.com\/blog\/wp-json\/wp\/v2\/pages\/359\/?avia-element-paging=8'>&raquo;<\/a><\/nav>\n<\/div><\/div>\n","protected":false},"excerpt":{"rendered":"","protected":false},"author":1,"featured_media":0,"parent":0,"menu_order":0,"comment_status":"closed","ping_status":"closed","template":"","meta":{"footnotes":""},"class_list":["post-359","page","type-page","status-publish","hentry"],"yoast_head":"<!-- This site is optimized with the Yoast SEO Premium plugin v21.1 (Yoast SEO v25.6) - https:\/\/yoast.com\/wordpress\/plugins\/seo\/ -->\n<title>F\u00edsica - Blog de Educaci\u00f3n - Wuolah<\/title>\n<meta name=\"robots\" content=\"index, follow, max-snippet:-1, max-image-preview:large, max-video-preview:-1\" \/>\n<link rel=\"canonical\" href=\"https:\/\/wuolah.com\/blog\/fisica\/\" \/>\n<meta property=\"og:locale\" content=\"es_ES\" \/>\n<meta property=\"og:type\" content=\"article\" \/>\n<meta property=\"og:title\" content=\"F\u00edsica\" \/>\n<meta property=\"og:url\" content=\"https:\/\/wuolah.com\/blog\/fisica\/\" \/>\n<meta property=\"og:site_name\" content=\"Blog de Educaci\u00f3n - Wuolah\" \/>\n<meta property=\"article:modified_time\" content=\"2023-10-02T10:28:41+00:00\" \/>\n<meta name=\"twitter:card\" content=\"summary_large_image\" \/>\n<meta name=\"twitter:label1\" content=\"Tiempo de lectura\" \/>\n\t<meta name=\"twitter:data1\" content=\"1 minuto\" \/>\n<script type=\"application\/ld+json\" class=\"yoast-schema-graph\">{\"@context\":\"https:\/\/schema.org\",\"@graph\":[{\"@type\":\"WebPage\",\"@id\":\"https:\/\/wuolah.com\/blog\/fisica\/\",\"url\":\"https:\/\/wuolah.com\/blog\/fisica\/\",\"name\":\"F\u00edsica - Blog de Educaci\u00f3n - Wuolah\",\"isPartOf\":{\"@id\":\"https:\/\/wuolah.com\/blog\/#website\"},\"datePublished\":\"2023-09-29T10:36:35+00:00\",\"dateModified\":\"2023-10-02T10:28:41+00:00\",\"breadcrumb\":{\"@id\":\"https:\/\/wuolah.com\/blog\/fisica\/#breadcrumb\"},\"inLanguage\":\"es\",\"potentialAction\":[{\"@type\":\"ReadAction\",\"target\":[\"https:\/\/wuolah.com\/blog\/fisica\/\"]}]},{\"@type\":\"BreadcrumbList\",\"@id\":\"https:\/\/wuolah.com\/blog\/fisica\/#breadcrumb\",\"itemListElement\":[{\"@type\":\"ListItem\",\"position\":1,\"name\":\"Home\",\"item\":\"https:\/\/wuolah.com\/blog\/\"},{\"@type\":\"ListItem\",\"position\":2,\"name\":\"F\u00edsica\"}]},{\"@type\":\"WebSite\",\"@id\":\"https:\/\/wuolah.com\/blog\/#website\",\"url\":\"https:\/\/wuolah.com\/blog\/\",\"name\":\"Blog de Educaci\u00f3n - Wuolah\",\"description\":\"Descubres las ultimas tendencias de Educaci\u00f3n y descarga recursos gratuitos\",\"publisher\":{\"@id\":\"https:\/\/wuolah.com\/blog\/#organization\"},\"potentialAction\":[{\"@type\":\"SearchAction\",\"target\":{\"@type\":\"EntryPoint\",\"urlTemplate\":\"https:\/\/wuolah.com\/blog\/?s={search_term_string}\"},\"query-input\":{\"@type\":\"PropertyValueSpecification\",\"valueRequired\":true,\"valueName\":\"search_term_string\"}}],\"inLanguage\":\"es\"},{\"@type\":\"Organization\",\"@id\":\"https:\/\/wuolah.com\/blog\/#organization\",\"name\":\"Blog de Educaci\u00f3n - Wuolah\",\"url\":\"https:\/\/wuolah.com\/blog\/\",\"logo\":{\"@type\":\"ImageObject\",\"inLanguage\":\"es\",\"@id\":\"https:\/\/wuolah.com\/blog\/#\/schema\/logo\/image\/\",\"url\":\"https:\/\/wuolah.com\/blog\/wp-content\/uploads\/sites\/2\/2023\/09\/LOGOTIPO-black_con_margen-1.png\",\"contentUrl\":\"https:\/\/wuolah.com\/blog\/wp-content\/uploads\/sites\/2\/2023\/09\/LOGOTIPO-black_con_margen-1.png\",\"width\":6095,\"height\":2263,\"caption\":\"Blog de Educaci\u00f3n - Wuolah\"},\"image\":{\"@id\":\"https:\/\/wuolah.com\/blog\/#\/schema\/logo\/image\/\"}}]}<\/script>\n<!-- \/ Yoast SEO Premium plugin. -->","yoast_head_json":{"title":"F\u00edsica - Blog de Educaci\u00f3n - Wuolah","robots":{"index":"index","follow":"follow","max-snippet":"max-snippet:-1","max-image-preview":"max-image-preview:large","max-video-preview":"max-video-preview:-1"},"canonical":"https:\/\/wuolah.com\/blog\/fisica\/","og_locale":"es_ES","og_type":"article","og_title":"F\u00edsica","og_url":"https:\/\/wuolah.com\/blog\/fisica\/","og_site_name":"Blog de Educaci\u00f3n - Wuolah","article_modified_time":"2023-10-02T10:28:41+00:00","twitter_card":"summary_large_image","twitter_misc":{"Tiempo de lectura":"1 minuto"},"schema":{"@context":"https:\/\/schema.org","@graph":[{"@type":"WebPage","@id":"https:\/\/wuolah.com\/blog\/fisica\/","url":"https:\/\/wuolah.com\/blog\/fisica\/","name":"F\u00edsica - Blog de Educaci\u00f3n - Wuolah","isPartOf":{"@id":"https:\/\/wuolah.com\/blog\/#website"},"datePublished":"2023-09-29T10:36:35+00:00","dateModified":"2023-10-02T10:28:41+00:00","breadcrumb":{"@id":"https:\/\/wuolah.com\/blog\/fisica\/#breadcrumb"},"inLanguage":"es","potentialAction":[{"@type":"ReadAction","target":["https:\/\/wuolah.com\/blog\/fisica\/"]}]},{"@type":"BreadcrumbList","@id":"https:\/\/wuolah.com\/blog\/fisica\/#breadcrumb","itemListElement":[{"@type":"ListItem","position":1,"name":"Home","item":"https:\/\/wuolah.com\/blog\/"},{"@type":"ListItem","position":2,"name":"F\u00edsica"}]},{"@type":"WebSite","@id":"https:\/\/wuolah.com\/blog\/#website","url":"https:\/\/wuolah.com\/blog\/","name":"Blog de Educaci\u00f3n - Wuolah","description":"Descubres las ultimas tendencias de Educaci\u00f3n y descarga recursos gratuitos","publisher":{"@id":"https:\/\/wuolah.com\/blog\/#organization"},"potentialAction":[{"@type":"SearchAction","target":{"@type":"EntryPoint","urlTemplate":"https:\/\/wuolah.com\/blog\/?s={search_term_string}"},"query-input":{"@type":"PropertyValueSpecification","valueRequired":true,"valueName":"search_term_string"}}],"inLanguage":"es"},{"@type":"Organization","@id":"https:\/\/wuolah.com\/blog\/#organization","name":"Blog de Educaci\u00f3n - Wuolah","url":"https:\/\/wuolah.com\/blog\/","logo":{"@type":"ImageObject","inLanguage":"es","@id":"https:\/\/wuolah.com\/blog\/#\/schema\/logo\/image\/","url":"https:\/\/wuolah.com\/blog\/wp-content\/uploads\/sites\/2\/2023\/09\/LOGOTIPO-black_con_margen-1.png","contentUrl":"https:\/\/wuolah.com\/blog\/wp-content\/uploads\/sites\/2\/2023\/09\/LOGOTIPO-black_con_margen-1.png","width":6095,"height":2263,"caption":"Blog de Educaci\u00f3n - Wuolah"},"image":{"@id":"https:\/\/wuolah.com\/blog\/#\/schema\/logo\/image\/"}}]}},"_links":{"self":[{"href":"https:\/\/wuolah.com\/blog\/wp-json\/wp\/v2\/pages\/359"}],"collection":[{"href":"https:\/\/wuolah.com\/blog\/wp-json\/wp\/v2\/pages"}],"about":[{"href":"https:\/\/wuolah.com\/blog\/wp-json\/wp\/v2\/types\/page"}],"author":[{"embeddable":true,"href":"https:\/\/wuolah.com\/blog\/wp-json\/wp\/v2\/users\/1"}],"replies":[{"embeddable":true,"href":"https:\/\/wuolah.com\/blog\/wp-json\/wp\/v2\/comments?post=359"}],"version-history":[{"count":1,"href":"https:\/\/wuolah.com\/blog\/wp-json\/wp\/v2\/pages\/359\/revisions"}],"predecessor-version":[{"id":362,"href":"https:\/\/wuolah.com\/blog\/wp-json\/wp\/v2\/pages\/359\/revisions\/362"}],"wp:attachment":[{"href":"https:\/\/wuolah.com\/blog\/wp-json\/wp\/v2\/media?parent=359"}],"curies":[{"name":"wp","href":"https:\/\/api.w.org\/{rel}","templated":true}]}}