{"id":363,"date":"2023-09-29T10:37:24","date_gmt":"2023-09-29T10:37:24","guid":{"rendered":"https:\/\/wuolah.com\/blog\/?page_id=363"},"modified":"2023-10-02T10:29:19","modified_gmt":"2023-10-02T10:29:19","slug":"interes","status":"publish","type":"page","link":"https:\/\/wuolah.com\/blog\/interes\/","title":{"rendered":"Inter\u00e9s"},"content":{"rendered":"<div  data-slideshow-options=\"{&quot;animation&quot;:&quot;fade&quot;,&quot;autoplay&quot;:false,&quot;loop_autoplay&quot;:&quot;once&quot;,&quot;interval&quot;:5,&quot;loop_manual&quot;:&quot;manual-endless&quot;,&quot;autoplay_stopper&quot;:false,&quot;noNavigation&quot;:false,&quot;show_slide_delay&quot;:90}\" class='avia-content-slider avia-content-grid-active avia-content-slider1 avia-content-slider-odd  avia-builder-el-0  avia-builder-el-no-sibling  av-slideshow-ui av-control-default   av-no-slider-navigation av-slideshow-manual av-loop-once av-loop-manual-endless '  itemscope=\"itemscope\" itemtype=\"https:\/\/schema.org\/Blog\" ><div class=\"avia-content-slider-inner\"><div class=\"slide-entry-wrap\"><article class='slide-entry flex_column  post-entry post-entry-1930 slide-entry-overview slide-loop-1 slide-parity-odd  av_one_third first real-thumbnail post-format-standard'  itemscope=\"itemscope\" itemtype=\"https:\/\/schema.org\/CreativeWork\" ><a href='https:\/\/wuolah.com\/blog\/carreras-del-futuro\/' data-rel='slide-1' class='slide-image' title='\u00bfNo sabes qu\u00e9 estudiar? Descubre cu\u00e1les son las carreras del futuro'><img fetchpriority=\"high\" decoding=\"async\" width=\"495\" height=\"400\" src=\"https:\/\/wuolah.com\/blog\/wp-content\/uploads\/sites\/2\/2025\/07\/carreras-futuro-495x400.webp\" class=\"wp-image-1931 avia-img-lazy-loading-not-1931 attachment-portfolio size-portfolio wp-post-image\" alt=\"carrera del futuro\" \/><\/a><div class=\"slide-content\"><header class=\"entry-content-header\"><span class=\"blog-categories minor-meta\"><a href=\"https:\/\/wuolah.com\/blog\/category\/interes\/\" rel=\"tag\">Inter\u00e9s<\/a> <\/span><h3 class='slide-entry-title entry-title '  itemprop=\"headline\" ><a href='https:\/\/wuolah.com\/blog\/carreras-del-futuro\/' title='\u00bfNo sabes qu\u00e9 estudiar? Descubre cu\u00e1les son las carreras del futuro'>\u00bfNo sabes qu\u00e9 estudiar? Descubre cu\u00e1les son las carreras del futuro<\/a><\/h3><span class=\"av-vertical-delimiter\"><\/span><\/header><div class='slide-entry-excerpt entry-content'  itemprop=\"text\" >\nElegir qu\u00e9 estudiar nunca ha sido una decisi\u00f3n f\u00e1cil y lo mejor es que el mundo est\u00e1 cambiando tan r\u00e1pido, que las carreras del futuro ya no tienen por qu\u00e9 parecerse a las opciones tradicionales que nos contaban en el colegio.\n\n\n\nHoy,\u2026<\/div><\/div><footer class=\"entry-footer\"><div class=\"slide-meta\"><time class='slide-meta-time updated'  itemprop=\"datePublished\" datetime=\"2025-07-16T13:15:34+01:00\" >16\/07\/2025<\/time><\/div><\/footer><span class='hidden'>\n\t\t\t\t<span class='av-structured-data'  itemprop=\"image\" itemscope=\"itemscope\" itemtype=\"https:\/\/schema.org\/ImageObject\" >\n\t\t\t\t\t\t<span itemprop='url'>https:\/\/wuolah.com\/blog\/wp-content\/uploads\/sites\/2\/2025\/07\/carreras-futuro.webp<\/span>\n\t\t\t\t\t\t<span itemprop='height'>579<\/span>\n\t\t\t\t\t\t<span itemprop='width'>1030<\/span>\n\t\t\t\t<\/span>\n\t\t\t\t<span class='av-structured-data'  itemprop=\"publisher\" itemtype=\"https:\/\/schema.org\/Organization\" itemscope=\"itemscope\" >\n\t\t\t\t\t\t<span itemprop='name'>Wuolah<\/span>\n\t\t\t\t\t\t<span itemprop='logo' itemscope itemtype='https:\/\/schema.org\/ImageObject'>\n\t\t\t\t\t\t\t<span itemprop='url'>https:\/\/wuolah.com\/blog\/wp-content\/uploads\/sites\/2\/2023\/09\/LOGOTIPO-black_con_margen-1-300x111.png<\/span>\n\t\t\t\t\t\t<\/span>\n\t\t\t\t<\/span><span class='av-structured-data'  itemprop=\"author\" itemscope=\"itemscope\" itemtype=\"https:\/\/schema.org\/Person\" ><span itemprop='name'>Wuolah<\/span><\/span><span class='av-structured-data'  itemprop=\"datePublished\" datetime=\"2023-09-29T10:37:24+01:00\" >2025-07-16 13:15:34<\/span><span class='av-structured-data'  itemprop=\"dateModified\" itemtype=\"https:\/\/schema.org\/dateModified\" >2025-07-17 11:17:58<\/span><span class='av-structured-data'  itemprop=\"mainEntityOfPage\" itemtype=\"https:\/\/schema.org\/mainEntityOfPage\" ><span itemprop='name'>\u00bfNo sabes qu\u00e9 estudiar? Descubre cu\u00e1les son las carreras del futuro<\/span><\/span><\/span><\/article><article class='slide-entry flex_column  post-entry post-entry-1876 slide-entry-overview slide-loop-2 slide-parity-even  av_one_third  real-thumbnail post-format-standard'  itemscope=\"itemscope\" itemtype=\"https:\/\/schema.org\/CreativeWork\" ><a href='https:\/\/wuolah.com\/blog\/globalizacion\/' data-rel='slide-1' class='slide-image' title='Globalizaci\u00f3n: qu\u00e9 es, causas y caracter\u00edsticas'><img decoding=\"async\" width=\"495\" height=\"400\" src=\"https:\/\/wuolah.com\/blog\/wp-content\/uploads\/sites\/2\/2024\/11\/globalizacion-495x400.jpg\" class=\"wp-image-1877 avia-img-lazy-loading-not-1877 attachment-portfolio size-portfolio wp-post-image\" alt=\"globalizaci\u00f3n\" srcset=\"https:\/\/wuolah.com\/blog\/wp-content\/uploads\/sites\/2\/2024\/11\/globalizacion-495x400.jpg 495w, https:\/\/wuolah.com\/blog\/wp-content\/uploads\/sites\/2\/2024\/11\/globalizacion-845x684.jpg 845w\" sizes=\"(max-width: 495px) 100vw, 495px\" \/><\/a><div class=\"slide-content\"><header class=\"entry-content-header\"><span class=\"blog-categories minor-meta\"><a href=\"https:\/\/wuolah.com\/blog\/category\/interes\/\" rel=\"tag\">Inter\u00e9s<\/a> <\/span><h3 class='slide-entry-title entry-title '  itemprop=\"headline\" ><a href='https:\/\/wuolah.com\/blog\/globalizacion\/' title='Globalizaci\u00f3n: qu\u00e9 es, causas y caracter\u00edsticas'>Globalizaci\u00f3n: qu\u00e9 es, causas y caracter\u00edsticas<\/a><\/h3><span class=\"av-vertical-delimiter\"><\/span><\/header><div class='slide-entry-excerpt entry-content'  itemprop=\"text\" >\nLa globalizaci\u00f3n es un fen\u00f3meno que afecta a todos los aspectos de nuestra vida, desde el acceso a productos internacionales hasta la cultura y la tecnolog\u00eda. En esta entrada vamos a profundizar en el concepto, sus caracter\u00edsticas, causas\u2026<\/div><\/div><footer class=\"entry-footer\"><div class=\"slide-meta\"><time class='slide-meta-time updated'  itemprop=\"datePublished\" datetime=\"2024-11-14T20:00:00+01:00\" >14\/11\/2024<\/time><\/div><\/footer><span class='hidden'>\n\t\t\t\t<span class='av-structured-data'  itemprop=\"image\" itemscope=\"itemscope\" itemtype=\"https:\/\/schema.org\/ImageObject\" >\n\t\t\t\t\t\t<span itemprop='url'>https:\/\/wuolah.com\/blog\/wp-content\/uploads\/sites\/2\/2024\/11\/globalizacion.jpg<\/span>\n\t\t\t\t\t\t<span itemprop='height'>720<\/span>\n\t\t\t\t\t\t<span itemprop='width'>1280<\/span>\n\t\t\t\t<\/span>\n\t\t\t\t<span class='av-structured-data'  itemprop=\"publisher\" itemtype=\"https:\/\/schema.org\/Organization\" itemscope=\"itemscope\" >\n\t\t\t\t\t\t<span itemprop='name'>teresa<\/span>\n\t\t\t\t\t\t<span itemprop='logo' itemscope itemtype='https:\/\/schema.org\/ImageObject'>\n\t\t\t\t\t\t\t<span itemprop='url'>https:\/\/wuolah.com\/blog\/wp-content\/uploads\/sites\/2\/2023\/09\/LOGOTIPO-black_con_margen-1-300x111.png<\/span>\n\t\t\t\t\t\t<\/span>\n\t\t\t\t<\/span><span class='av-structured-data'  itemprop=\"author\" itemscope=\"itemscope\" itemtype=\"https:\/\/schema.org\/Person\" ><span itemprop='name'>teresa<\/span><\/span><span class='av-structured-data'  itemprop=\"datePublished\" datetime=\"2023-09-29T10:37:24+01:00\" >2024-11-14 20:00:00<\/span><span class='av-structured-data'  itemprop=\"dateModified\" itemtype=\"https:\/\/schema.org\/dateModified\" >2024-11-11 00:07:44<\/span><span class='av-structured-data'  itemprop=\"mainEntityOfPage\" itemtype=\"https:\/\/schema.org\/mainEntityOfPage\" ><span itemprop='name'>Globalizaci\u00f3n: qu\u00e9 es, causas y caracter\u00edsticas<\/span><\/span><\/span><\/article><article class='slide-entry flex_column  post-entry post-entry-1709 slide-entry-overview slide-loop-3 slide-parity-odd  post-entry-last  av_one_third  real-thumbnail post-format-standard'  itemscope=\"itemscope\" itemtype=\"https:\/\/schema.org\/CreativeWork\" ><a href='https:\/\/wuolah.com\/blog\/referendum\/' data-rel='slide-1' class='slide-image' title='Refer\u00e9ndum: concepto, tipos e importancia'><img decoding=\"async\" width=\"495\" height=\"400\" src=\"https:\/\/wuolah.com\/blog\/wp-content\/uploads\/sites\/2\/2024\/10\/DALL\u00b7E-2024-10-15-20.39.02-A-clean-animated-style-image-representing-a-referendum.-The-image-should-feature-a-simple-ballot-box-with-a-voting-paper-being-inserted-symbolizing-495x400.jpg\" class=\"wp-image-1710 avia-img-lazy-loading-not-1710 attachment-portfolio size-portfolio wp-post-image\" alt=\"referendum\" srcset=\"https:\/\/wuolah.com\/blog\/wp-content\/uploads\/sites\/2\/2024\/10\/DALL\u00b7E-2024-10-15-20.39.02-A-clean-animated-style-image-representing-a-referendum.-The-image-should-feature-a-simple-ballot-box-with-a-voting-paper-being-inserted-symbolizing-495x400.jpg 495w, https:\/\/wuolah.com\/blog\/wp-content\/uploads\/sites\/2\/2024\/10\/DALL\u00b7E-2024-10-15-20.39.02-A-clean-animated-style-image-representing-a-referendum.-The-image-should-feature-a-simple-ballot-box-with-a-voting-paper-being-inserted-symbolizing-845x684.jpg 845w\" sizes=\"(max-width: 495px) 100vw, 495px\" \/><\/a><div class=\"slide-content\"><header class=\"entry-content-header\"><span class=\"blog-categories minor-meta\"><a href=\"https:\/\/wuolah.com\/blog\/category\/interes\/\" rel=\"tag\">Inter\u00e9s<\/a> <\/span><h3 class='slide-entry-title entry-title '  itemprop=\"headline\" ><a href='https:\/\/wuolah.com\/blog\/referendum\/' title='Refer\u00e9ndum: concepto, tipos e importancia'>Refer\u00e9ndum: concepto, tipos e importancia<\/a><\/h3><span class=\"av-vertical-delimiter\"><\/span><\/header><div class='slide-entry-excerpt entry-content'  itemprop=\"text\" >\n\u00bfAlguna vez te has preguntado qu\u00e9 es un refer\u00e9ndum? Si has escuchado este t\u00e9rmino en las noticias, en redes sociales o en clase y a\u00fan no sabes bien de qu\u00e9 trata, aqu\u00ed te contamos de manera sencilla todo lo que necesitas saber sobre este\u2026<\/div><\/div><footer class=\"entry-footer\"><div class=\"slide-meta\"><time class='slide-meta-time updated'  itemprop=\"datePublished\" datetime=\"2024-10-15T21:32:48+01:00\" >15\/10\/2024<\/time><\/div><\/footer><span class='hidden'>\n\t\t\t\t<span class='av-structured-data'  itemprop=\"image\" itemscope=\"itemscope\" itemtype=\"https:\/\/schema.org\/ImageObject\" >\n\t\t\t\t\t\t<span itemprop='url'>https:\/\/wuolah.com\/blog\/wp-content\/uploads\/sites\/2\/2024\/10\/DALL\u00b7E-2024-10-15-20.39.02-A-clean-animated-style-image-representing-a-referendum.-The-image-should-feature-a-simple-ballot-box-with-a-voting-paper-being-inserted-symbolizing.jpg<\/span>\n\t\t\t\t\t\t<span itemprop='height'>720<\/span>\n\t\t\t\t\t\t<span itemprop='width'>1260<\/span>\n\t\t\t\t<\/span>\n\t\t\t\t<span class='av-structured-data'  itemprop=\"publisher\" itemtype=\"https:\/\/schema.org\/Organization\" itemscope=\"itemscope\" >\n\t\t\t\t\t\t<span itemprop='name'>teresa<\/span>\n\t\t\t\t\t\t<span itemprop='logo' itemscope itemtype='https:\/\/schema.org\/ImageObject'>\n\t\t\t\t\t\t\t<span itemprop='url'>https:\/\/wuolah.com\/blog\/wp-content\/uploads\/sites\/2\/2023\/09\/LOGOTIPO-black_con_margen-1-300x111.png<\/span>\n\t\t\t\t\t\t<\/span>\n\t\t\t\t<\/span><span class='av-structured-data'  itemprop=\"author\" itemscope=\"itemscope\" itemtype=\"https:\/\/schema.org\/Person\" ><span itemprop='name'>teresa<\/span><\/span><span class='av-structured-data'  itemprop=\"datePublished\" datetime=\"2023-09-29T10:37:24+01:00\" >2024-10-15 21:32:48<\/span><span class='av-structured-data'  itemprop=\"dateModified\" itemtype=\"https:\/\/schema.org\/dateModified\" >2024-10-15 21:34:16<\/span><span class='av-structured-data'  itemprop=\"mainEntityOfPage\" itemtype=\"https:\/\/schema.org\/mainEntityOfPage\" ><span itemprop='name'>Refer\u00e9ndum: concepto, tipos e importancia<\/span><\/span><\/span><\/article><\/div><\/div><div class='pagination-wrap pagination-slider'><nav class='pagination'><span class='pagination-meta'>P\u00e1gina 1 de 4<\/span><span class='current'>1<\/span><a href='https:\/\/wuolah.com\/blog\/wp-json\/wp\/v2\/pages\/363\/?avia-element-paging=2' class='inactive next_page' >2<\/a><a href='https:\/\/wuolah.com\/blog\/wp-json\/wp\/v2\/pages\/363\/?avia-element-paging=3' class='inactive' >3<\/a><a href='https:\/\/wuolah.com\/blog\/wp-json\/wp\/v2\/pages\/363\/?avia-element-paging=4' class='inactive' >4<\/a><\/nav>\n<\/div><\/div>\n","protected":false},"excerpt":{"rendered":"","protected":false},"author":1,"featured_media":0,"parent":0,"menu_order":0,"comment_status":"closed","ping_status":"closed","template":"","meta":{"footnotes":""},"class_list":["post-363","page","type-page","status-publish","hentry"],"yoast_head":"<!-- This site is optimized with the Yoast SEO Premium plugin v21.1 (Yoast SEO v25.6) - https:\/\/yoast.com\/wordpress\/plugins\/seo\/ -->\n<title>Inter\u00e9s - Blog de Educaci\u00f3n - Wuolah<\/title>\n<meta name=\"robots\" content=\"index, follow, max-snippet:-1, max-image-preview:large, max-video-preview:-1\" \/>\n<link rel=\"canonical\" href=\"https:\/\/wuolah.com\/blog\/interes\/\" \/>\n<meta property=\"og:locale\" content=\"es_ES\" \/>\n<meta property=\"og:type\" content=\"article\" \/>\n<meta property=\"og:title\" content=\"Inter\u00e9s\" \/>\n<meta property=\"og:url\" content=\"https:\/\/wuolah.com\/blog\/interes\/\" \/>\n<meta property=\"og:site_name\" content=\"Blog de Educaci\u00f3n - Wuolah\" \/>\n<meta property=\"article:modified_time\" content=\"2023-10-02T10:29:19+00:00\" \/>\n<meta name=\"twitter:card\" content=\"summary_large_image\" \/>\n<meta name=\"twitter:label1\" content=\"Tiempo de lectura\" \/>\n\t<meta name=\"twitter:data1\" content=\"1 minuto\" \/>\n<script type=\"application\/ld+json\" class=\"yoast-schema-graph\">{\"@context\":\"https:\/\/schema.org\",\"@graph\":[{\"@type\":\"WebPage\",\"@id\":\"https:\/\/wuolah.com\/blog\/interes\/\",\"url\":\"https:\/\/wuolah.com\/blog\/interes\/\",\"name\":\"Inter\u00e9s - Blog de Educaci\u00f3n - Wuolah\",\"isPartOf\":{\"@id\":\"https:\/\/wuolah.com\/blog\/#website\"},\"datePublished\":\"2023-09-29T10:37:24+00:00\",\"dateModified\":\"2023-10-02T10:29:19+00:00\",\"breadcrumb\":{\"@id\":\"https:\/\/wuolah.com\/blog\/interes\/#breadcrumb\"},\"inLanguage\":\"es\",\"potentialAction\":[{\"@type\":\"ReadAction\",\"target\":[\"https:\/\/wuolah.com\/blog\/interes\/\"]}]},{\"@type\":\"BreadcrumbList\",\"@id\":\"https:\/\/wuolah.com\/blog\/interes\/#breadcrumb\",\"itemListElement\":[{\"@type\":\"ListItem\",\"position\":1,\"name\":\"Home\",\"item\":\"https:\/\/wuolah.com\/blog\/\"},{\"@type\":\"ListItem\",\"position\":2,\"name\":\"Inter\u00e9s\"}]},{\"@type\":\"WebSite\",\"@id\":\"https:\/\/wuolah.com\/blog\/#website\",\"url\":\"https:\/\/wuolah.com\/blog\/\",\"name\":\"Blog de Educaci\u00f3n - Wuolah\",\"description\":\"Descubres las ultimas tendencias de Educaci\u00f3n y descarga recursos gratuitos\",\"publisher\":{\"@id\":\"https:\/\/wuolah.com\/blog\/#organization\"},\"potentialAction\":[{\"@type\":\"SearchAction\",\"target\":{\"@type\":\"EntryPoint\",\"urlTemplate\":\"https:\/\/wuolah.com\/blog\/?s={search_term_string}\"},\"query-input\":{\"@type\":\"PropertyValueSpecification\",\"valueRequired\":true,\"valueName\":\"search_term_string\"}}],\"inLanguage\":\"es\"},{\"@type\":\"Organization\",\"@id\":\"https:\/\/wuolah.com\/blog\/#organization\",\"name\":\"Blog de Educaci\u00f3n - Wuolah\",\"url\":\"https:\/\/wuolah.com\/blog\/\",\"logo\":{\"@type\":\"ImageObject\",\"inLanguage\":\"es\",\"@id\":\"https:\/\/wuolah.com\/blog\/#\/schema\/logo\/image\/\",\"url\":\"https:\/\/wuolah.com\/blog\/wp-content\/uploads\/sites\/2\/2023\/09\/LOGOTIPO-black_con_margen-1.png\",\"contentUrl\":\"https:\/\/wuolah.com\/blog\/wp-content\/uploads\/sites\/2\/2023\/09\/LOGOTIPO-black_con_margen-1.png\",\"width\":6095,\"height\":2263,\"caption\":\"Blog de Educaci\u00f3n - Wuolah\"},\"image\":{\"@id\":\"https:\/\/wuolah.com\/blog\/#\/schema\/logo\/image\/\"}}]}<\/script>\n<!-- \/ Yoast SEO Premium plugin. -->","yoast_head_json":{"title":"Inter\u00e9s - Blog de Educaci\u00f3n - Wuolah","robots":{"index":"index","follow":"follow","max-snippet":"max-snippet:-1","max-image-preview":"max-image-preview:large","max-video-preview":"max-video-preview:-1"},"canonical":"https:\/\/wuolah.com\/blog\/interes\/","og_locale":"es_ES","og_type":"article","og_title":"Inter\u00e9s","og_url":"https:\/\/wuolah.com\/blog\/interes\/","og_site_name":"Blog de Educaci\u00f3n - Wuolah","article_modified_time":"2023-10-02T10:29:19+00:00","twitter_card":"summary_large_image","twitter_misc":{"Tiempo de lectura":"1 minuto"},"schema":{"@context":"https:\/\/schema.org","@graph":[{"@type":"WebPage","@id":"https:\/\/wuolah.com\/blog\/interes\/","url":"https:\/\/wuolah.com\/blog\/interes\/","name":"Inter\u00e9s - Blog de Educaci\u00f3n - Wuolah","isPartOf":{"@id":"https:\/\/wuolah.com\/blog\/#website"},"datePublished":"2023-09-29T10:37:24+00:00","dateModified":"2023-10-02T10:29:19+00:00","breadcrumb":{"@id":"https:\/\/wuolah.com\/blog\/interes\/#breadcrumb"},"inLanguage":"es","potentialAction":[{"@type":"ReadAction","target":["https:\/\/wuolah.com\/blog\/interes\/"]}]},{"@type":"BreadcrumbList","@id":"https:\/\/wuolah.com\/blog\/interes\/#breadcrumb","itemListElement":[{"@type":"ListItem","position":1,"name":"Home","item":"https:\/\/wuolah.com\/blog\/"},{"@type":"ListItem","position":2,"name":"Inter\u00e9s"}]},{"@type":"WebSite","@id":"https:\/\/wuolah.com\/blog\/#website","url":"https:\/\/wuolah.com\/blog\/","name":"Blog de Educaci\u00f3n - Wuolah","description":"Descubres las ultimas tendencias de Educaci\u00f3n y descarga recursos gratuitos","publisher":{"@id":"https:\/\/wuolah.com\/blog\/#organization"},"potentialAction":[{"@type":"SearchAction","target":{"@type":"EntryPoint","urlTemplate":"https:\/\/wuolah.com\/blog\/?s={search_term_string}"},"query-input":{"@type":"PropertyValueSpecification","valueRequired":true,"valueName":"search_term_string"}}],"inLanguage":"es"},{"@type":"Organization","@id":"https:\/\/wuolah.com\/blog\/#organization","name":"Blog de Educaci\u00f3n - Wuolah","url":"https:\/\/wuolah.com\/blog\/","logo":{"@type":"ImageObject","inLanguage":"es","@id":"https:\/\/wuolah.com\/blog\/#\/schema\/logo\/image\/","url":"https:\/\/wuolah.com\/blog\/wp-content\/uploads\/sites\/2\/2023\/09\/LOGOTIPO-black_con_margen-1.png","contentUrl":"https:\/\/wuolah.com\/blog\/wp-content\/uploads\/sites\/2\/2023\/09\/LOGOTIPO-black_con_margen-1.png","width":6095,"height":2263,"caption":"Blog de Educaci\u00f3n - Wuolah"},"image":{"@id":"https:\/\/wuolah.com\/blog\/#\/schema\/logo\/image\/"}}]}},"_links":{"self":[{"href":"https:\/\/wuolah.com\/blog\/wp-json\/wp\/v2\/pages\/363"}],"collection":[{"href":"https:\/\/wuolah.com\/blog\/wp-json\/wp\/v2\/pages"}],"about":[{"href":"https:\/\/wuolah.com\/blog\/wp-json\/wp\/v2\/types\/page"}],"author":[{"embeddable":true,"href":"https:\/\/wuolah.com\/blog\/wp-json\/wp\/v2\/users\/1"}],"replies":[{"embeddable":true,"href":"https:\/\/wuolah.com\/blog\/wp-json\/wp\/v2\/comments?post=363"}],"version-history":[{"count":1,"href":"https:\/\/wuolah.com\/blog\/wp-json\/wp\/v2\/pages\/363\/revisions"}],"predecessor-version":[{"id":366,"href":"https:\/\/wuolah.com\/blog\/wp-json\/wp\/v2\/pages\/363\/revisions\/366"}],"wp:attachment":[{"href":"https:\/\/wuolah.com\/blog\/wp-json\/wp\/v2\/media?parent=363"}],"curies":[{"name":"wp","href":"https:\/\/api.w.org\/{rel}","templated":true}]}}