{"id":367,"date":"2023-09-29T10:38:07","date_gmt":"2023-09-29T10:38:07","guid":{"rendered":"https:\/\/wuolah.com\/blog\/?page_id=367"},"modified":"2023-10-02T10:29:39","modified_gmt":"2023-10-02T10:29:39","slug":"matematicas","status":"publish","type":"page","link":"https:\/\/wuolah.com\/blog\/matematicas\/","title":{"rendered":"Matem\u00e1ticas"},"content":{"rendered":"<div  data-slideshow-options=\"{&quot;animation&quot;:&quot;fade&quot;,&quot;autoplay&quot;:false,&quot;loop_autoplay&quot;:&quot;once&quot;,&quot;interval&quot;:5,&quot;loop_manual&quot;:&quot;manual-endless&quot;,&quot;autoplay_stopper&quot;:false,&quot;noNavigation&quot;:false,&quot;show_slide_delay&quot;:90}\" class='avia-content-slider avia-content-grid-active avia-content-slider1 avia-content-slider-odd  avia-builder-el-0  avia-builder-el-no-sibling  av-slideshow-ui av-control-default   av-no-slider-navigation av-slideshow-manual av-loop-once av-loop-manual-endless '  itemscope=\"itemscope\" itemtype=\"https:\/\/schema.org\/Blog\" ><div class=\"avia-content-slider-inner\"><div class=\"slide-entry-wrap\"><article class='slide-entry flex_column  post-entry post-entry-1894 slide-entry-overview slide-loop-1 slide-parity-odd  av_one_third first real-thumbnail post-format-standard'  itemscope=\"itemscope\" itemtype=\"https:\/\/schema.org\/CreativeWork\" ><a href='https:\/\/wuolah.com\/blog\/asintota\/' data-rel='slide-1' class='slide-image' title='As\u00edntota: qu\u00e9 es y su clasificaci\u00f3n'><img fetchpriority=\"high\" decoding=\"async\" width=\"495\" height=\"400\" src=\"https:\/\/wuolah.com\/blog\/wp-content\/uploads\/sites\/2\/2024\/11\/Proyecto-nuevo-495x400.jpg\" class=\"wp-image-1903 avia-img-lazy-loading-not-1903 attachment-portfolio size-portfolio wp-post-image\" alt=\"as\u00edntota\" srcset=\"https:\/\/wuolah.com\/blog\/wp-content\/uploads\/sites\/2\/2024\/11\/Proyecto-nuevo-495x400.jpg 495w, https:\/\/wuolah.com\/blog\/wp-content\/uploads\/sites\/2\/2024\/11\/Proyecto-nuevo-845x684.jpg 845w\" sizes=\"(max-width: 495px) 100vw, 495px\" \/><\/a><div class=\"slide-content\"><header class=\"entry-content-header\"><span class=\"blog-categories minor-meta\"><a href=\"https:\/\/wuolah.com\/blog\/category\/matematicas\/\" rel=\"tag\">Matem\u00e1ticas<\/a> <\/span><h3 class='slide-entry-title entry-title '  itemprop=\"headline\" ><a href='https:\/\/wuolah.com\/blog\/asintota\/' title='As\u00edntota: qu\u00e9 es y su clasificaci\u00f3n'>As\u00edntota: qu\u00e9 es y su clasificaci\u00f3n<\/a><\/h3><span class=\"av-vertical-delimiter\"><\/span><\/header><div class='slide-entry-excerpt entry-content'  itemprop=\"text\" >\nSi alguna vez te has preguntado por qu\u00e9 ciertas curvas parecen acercarse infinitamente a una l\u00ednea sin llegar a tocarla, qu\u00e9date. En esta entrada te contamos qu\u00e9 es una as\u00edntota, sus tipos y c\u00f3mo permiten entender el comportamiento de\u2026<\/div><\/div><footer class=\"entry-footer\"><div class=\"slide-meta\"><time class='slide-meta-time updated'  itemprop=\"datePublished\" datetime=\"2024-11-19T20:00:00+01:00\" >19\/11\/2024<\/time><\/div><\/footer><span class='hidden'>\n\t\t\t\t<span class='av-structured-data'  itemprop=\"image\" itemscope=\"itemscope\" itemtype=\"https:\/\/schema.org\/ImageObject\" >\n\t\t\t\t\t\t<span itemprop='url'>https:\/\/wuolah.com\/blog\/wp-content\/uploads\/sites\/2\/2024\/11\/Proyecto-nuevo.jpg<\/span>\n\t\t\t\t\t\t<span itemprop='height'>720<\/span>\n\t\t\t\t\t\t<span itemprop='width'>1280<\/span>\n\t\t\t\t<\/span>\n\t\t\t\t<span class='av-structured-data'  itemprop=\"publisher\" itemtype=\"https:\/\/schema.org\/Organization\" itemscope=\"itemscope\" >\n\t\t\t\t\t\t<span itemprop='name'>teresa<\/span>\n\t\t\t\t\t\t<span itemprop='logo' itemscope itemtype='https:\/\/schema.org\/ImageObject'>\n\t\t\t\t\t\t\t<span itemprop='url'>https:\/\/wuolah.com\/blog\/wp-content\/uploads\/sites\/2\/2023\/09\/LOGOTIPO-black_con_margen-1-300x111.png<\/span>\n\t\t\t\t\t\t<\/span>\n\t\t\t\t<\/span><span class='av-structured-data'  itemprop=\"author\" itemscope=\"itemscope\" itemtype=\"https:\/\/schema.org\/Person\" ><span itemprop='name'>teresa<\/span><\/span><span class='av-structured-data'  itemprop=\"datePublished\" datetime=\"2023-09-29T10:38:07+01:00\" >2024-11-19 20:00:00<\/span><span class='av-structured-data'  itemprop=\"dateModified\" itemtype=\"https:\/\/schema.org\/dateModified\" >2024-11-18 00:10:49<\/span><span class='av-structured-data'  itemprop=\"mainEntityOfPage\" itemtype=\"https:\/\/schema.org\/mainEntityOfPage\" ><span itemprop='name'>As\u00edntota: qu\u00e9 es y su clasificaci\u00f3n<\/span><\/span><\/span><\/article><article class='slide-entry flex_column  post-entry post-entry-1887 slide-entry-overview slide-loop-2 slide-parity-even  av_one_third  real-thumbnail post-format-standard'  itemscope=\"itemscope\" itemtype=\"https:\/\/schema.org\/CreativeWork\" ><a href='https:\/\/wuolah.com\/blog\/tipos-de-angulos\/' data-rel='slide-1' class='slide-image' title='Tipos de \u00e1ngulos: concepto y clasificaci\u00f3n'><img decoding=\"async\" width=\"495\" height=\"400\" src=\"https:\/\/wuolah.com\/blog\/wp-content\/uploads\/sites\/2\/2024\/11\/tipos-de-angulos-495x400.jpg\" class=\"wp-image-1890 avia-img-lazy-loading-not-1890 attachment-portfolio size-portfolio wp-post-image\" alt=\"tipos de \u00e1ngulos\" srcset=\"https:\/\/wuolah.com\/blog\/wp-content\/uploads\/sites\/2\/2024\/11\/tipos-de-angulos-495x400.jpg 495w, https:\/\/wuolah.com\/blog\/wp-content\/uploads\/sites\/2\/2024\/11\/tipos-de-angulos-845x684.jpg 845w\" sizes=\"(max-width: 495px) 100vw, 495px\" \/><\/a><div class=\"slide-content\"><header class=\"entry-content-header\"><span class=\"blog-categories minor-meta\"><a href=\"https:\/\/wuolah.com\/blog\/category\/matematicas\/\" rel=\"tag\">Matem\u00e1ticas<\/a> <\/span><h3 class='slide-entry-title entry-title '  itemprop=\"headline\" ><a href='https:\/\/wuolah.com\/blog\/tipos-de-angulos\/' title='Tipos de \u00e1ngulos: concepto y clasificaci\u00f3n'>Tipos de \u00e1ngulos: concepto y clasificaci\u00f3n<\/a><\/h3><span class=\"av-vertical-delimiter\"><\/span><\/header><div class='slide-entry-excerpt entry-content'  itemprop=\"text\" >\nLos \u00e1ngulos est\u00e1n por todas partes, desde las esquinas de tu habitaci\u00f3n hasta el \u00e1ngulo que se forma al abrir un libro. Pero, \u00bfsabr\u00edas identificar y diferenciar los distintos tipos de \u00e1ngulos que existen? En esta entrada, te contamos\u2026<\/div><\/div><footer class=\"entry-footer\"><div class=\"slide-meta\"><time class='slide-meta-time updated'  itemprop=\"datePublished\" datetime=\"2024-11-18T20:00:00+01:00\" >18\/11\/2024<\/time><\/div><\/footer><span class='hidden'>\n\t\t\t\t<span class='av-structured-data'  itemprop=\"image\" itemscope=\"itemscope\" itemtype=\"https:\/\/schema.org\/ImageObject\" >\n\t\t\t\t\t\t<span itemprop='url'>https:\/\/wuolah.com\/blog\/wp-content\/uploads\/sites\/2\/2024\/11\/tipos-de-angulos.jpg<\/span>\n\t\t\t\t\t\t<span itemprop='height'>720<\/span>\n\t\t\t\t\t\t<span itemprop='width'>1280<\/span>\n\t\t\t\t<\/span>\n\t\t\t\t<span class='av-structured-data'  itemprop=\"publisher\" itemtype=\"https:\/\/schema.org\/Organization\" itemscope=\"itemscope\" >\n\t\t\t\t\t\t<span itemprop='name'>teresa<\/span>\n\t\t\t\t\t\t<span itemprop='logo' itemscope itemtype='https:\/\/schema.org\/ImageObject'>\n\t\t\t\t\t\t\t<span itemprop='url'>https:\/\/wuolah.com\/blog\/wp-content\/uploads\/sites\/2\/2023\/09\/LOGOTIPO-black_con_margen-1-300x111.png<\/span>\n\t\t\t\t\t\t<\/span>\n\t\t\t\t<\/span><span class='av-structured-data'  itemprop=\"author\" itemscope=\"itemscope\" itemtype=\"https:\/\/schema.org\/Person\" ><span itemprop='name'>teresa<\/span><\/span><span class='av-structured-data'  itemprop=\"datePublished\" datetime=\"2023-09-29T10:38:07+01:00\" >2024-11-18 20:00:00<\/span><span class='av-structured-data'  itemprop=\"dateModified\" itemtype=\"https:\/\/schema.org\/dateModified\" >2024-11-18 00:10:31<\/span><span class='av-structured-data'  itemprop=\"mainEntityOfPage\" itemtype=\"https:\/\/schema.org\/mainEntityOfPage\" ><span itemprop='name'>Tipos de \u00e1ngulos: concepto y clasificaci\u00f3n<\/span><\/span><\/span><\/article><article class='slide-entry flex_column  post-entry post-entry-1793 slide-entry-overview slide-loop-3 slide-parity-odd  post-entry-last  av_one_third  real-thumbnail post-format-standard'  itemscope=\"itemscope\" itemtype=\"https:\/\/schema.org\/CreativeWork\" ><a href='https:\/\/wuolah.com\/blog\/multiplicacion-de-matrices\/' data-rel='slide-1' class='slide-image' title='Multiplicaci\u00f3n de matrices: qu\u00e9 es, propiedades y ejemplos'><img decoding=\"async\" width=\"495\" height=\"400\" src=\"https:\/\/wuolah.com\/blog\/wp-content\/uploads\/sites\/2\/2024\/11\/multiplicacion-de-matrices-495x400.jpg\" class=\"wp-image-1796 avia-img-lazy-loading-not-1796 attachment-portfolio size-portfolio wp-post-image\" alt=\"multiplicaci\u00f3n de matrices\" srcset=\"https:\/\/wuolah.com\/blog\/wp-content\/uploads\/sites\/2\/2024\/11\/multiplicacion-de-matrices-495x400.jpg 495w, https:\/\/wuolah.com\/blog\/wp-content\/uploads\/sites\/2\/2024\/11\/multiplicacion-de-matrices-845x684.jpg 845w\" sizes=\"(max-width: 495px) 100vw, 495px\" \/><\/a><div class=\"slide-content\"><header class=\"entry-content-header\"><span class=\"blog-categories minor-meta\"><a href=\"https:\/\/wuolah.com\/blog\/category\/matematicas\/\" rel=\"tag\">Matem\u00e1ticas<\/a> <\/span><h3 class='slide-entry-title entry-title '  itemprop=\"headline\" ><a href='https:\/\/wuolah.com\/blog\/multiplicacion-de-matrices\/' title='Multiplicaci\u00f3n de matrices: qu\u00e9 es, propiedades y ejemplos'>Multiplicaci\u00f3n de matrices: qu\u00e9 es, propiedades y ejemplos<\/a><\/h3><span class=\"av-vertical-delimiter\"><\/span><\/header><div class='slide-entry-excerpt entry-content'  itemprop=\"text\" >\nMultiplicar matrices es m\u00e1s sencillo de lo que parece a prioiri. En esta entrada, te guiamos paso a paso para que aprendas a multiplicarlas, conozcas sus propiedades y descubras las distintas aplicaciones pr\u00e1cticas que tiene en econom\u00eda,\u2026<\/div><\/div><footer class=\"entry-footer\"><div class=\"slide-meta\"><time class='slide-meta-time updated'  itemprop=\"datePublished\" datetime=\"2024-11-05T20:00:00+01:00\" >05\/11\/2024<\/time><\/div><\/footer><span class='hidden'>\n\t\t\t\t<span class='av-structured-data'  itemprop=\"image\" itemscope=\"itemscope\" itemtype=\"https:\/\/schema.org\/ImageObject\" >\n\t\t\t\t\t\t<span itemprop='url'>https:\/\/wuolah.com\/blog\/wp-content\/uploads\/sites\/2\/2024\/11\/multiplicacion-de-matrices.jpg<\/span>\n\t\t\t\t\t\t<span itemprop='height'>720<\/span>\n\t\t\t\t\t\t<span itemprop='width'>1280<\/span>\n\t\t\t\t<\/span>\n\t\t\t\t<span class='av-structured-data'  itemprop=\"publisher\" itemtype=\"https:\/\/schema.org\/Organization\" itemscope=\"itemscope\" >\n\t\t\t\t\t\t<span itemprop='name'>teresa<\/span>\n\t\t\t\t\t\t<span itemprop='logo' itemscope itemtype='https:\/\/schema.org\/ImageObject'>\n\t\t\t\t\t\t\t<span itemprop='url'>https:\/\/wuolah.com\/blog\/wp-content\/uploads\/sites\/2\/2023\/09\/LOGOTIPO-black_con_margen-1-300x111.png<\/span>\n\t\t\t\t\t\t<\/span>\n\t\t\t\t<\/span><span class='av-structured-data'  itemprop=\"author\" itemscope=\"itemscope\" itemtype=\"https:\/\/schema.org\/Person\" ><span itemprop='name'>teresa<\/span><\/span><span class='av-structured-data'  itemprop=\"datePublished\" datetime=\"2023-09-29T10:38:07+01:00\" >2024-11-05 20:00:00<\/span><span class='av-structured-data'  itemprop=\"dateModified\" itemtype=\"https:\/\/schema.org\/dateModified\" >2024-11-01 20:30:52<\/span><span class='av-structured-data'  itemprop=\"mainEntityOfPage\" itemtype=\"https:\/\/schema.org\/mainEntityOfPage\" ><span itemprop='name'>Multiplicaci\u00f3n de matrices: qu\u00e9 es, propiedades y ejemplos<\/span><\/span><\/span><\/article><\/div><\/div><div class='pagination-wrap pagination-slider'><nav class='pagination'><span class='pagination-meta'>P\u00e1gina 1 de 10<\/span><span class='current'>1<\/span><a href='https:\/\/wuolah.com\/blog\/wp-json\/wp\/v2\/pages\/367\/?avia-element-paging=2' class='inactive next_page' >2<\/a><a href='https:\/\/wuolah.com\/blog\/wp-json\/wp\/v2\/pages\/367\/?avia-element-paging=3' class='inactive' >3<\/a><a href='https:\/\/wuolah.com\/blog\/wp-json\/wp\/v2\/pages\/367\/?avia-element-paging=2'>&rsaquo;<\/a><a href='https:\/\/wuolah.com\/blog\/wp-json\/wp\/v2\/pages\/367\/?avia-element-paging=10'>&raquo;<\/a><\/nav>\n<\/div><\/div>\n","protected":false},"excerpt":{"rendered":"","protected":false},"author":1,"featured_media":0,"parent":0,"menu_order":0,"comment_status":"closed","ping_status":"closed","template":"","meta":{"footnotes":""},"class_list":["post-367","page","type-page","status-publish","hentry"],"yoast_head":"<!-- This site is optimized with the Yoast SEO Premium plugin v21.1 (Yoast SEO v25.6) - https:\/\/yoast.com\/wordpress\/plugins\/seo\/ -->\n<title>Matem\u00e1ticas - Blog de Educaci\u00f3n - Wuolah<\/title>\n<meta name=\"robots\" content=\"index, follow, max-snippet:-1, max-image-preview:large, max-video-preview:-1\" \/>\n<link rel=\"canonical\" href=\"https:\/\/wuolah.com\/blog\/matematicas\/\" \/>\n<meta property=\"og:locale\" content=\"es_ES\" \/>\n<meta property=\"og:type\" content=\"article\" \/>\n<meta property=\"og:title\" content=\"Matem\u00e1ticas\" \/>\n<meta property=\"og:url\" content=\"https:\/\/wuolah.com\/blog\/matematicas\/\" \/>\n<meta property=\"og:site_name\" content=\"Blog de Educaci\u00f3n - Wuolah\" \/>\n<meta property=\"article:modified_time\" content=\"2023-10-02T10:29:39+00:00\" \/>\n<meta name=\"twitter:card\" content=\"summary_large_image\" \/>\n<meta name=\"twitter:label1\" content=\"Tiempo de lectura\" \/>\n\t<meta name=\"twitter:data1\" content=\"1 minuto\" \/>\n<script type=\"application\/ld+json\" class=\"yoast-schema-graph\">{\"@context\":\"https:\/\/schema.org\",\"@graph\":[{\"@type\":\"WebPage\",\"@id\":\"https:\/\/wuolah.com\/blog\/matematicas\/\",\"url\":\"https:\/\/wuolah.com\/blog\/matematicas\/\",\"name\":\"Matem\u00e1ticas - Blog de Educaci\u00f3n - Wuolah\",\"isPartOf\":{\"@id\":\"https:\/\/wuolah.com\/blog\/#website\"},\"datePublished\":\"2023-09-29T10:38:07+00:00\",\"dateModified\":\"2023-10-02T10:29:39+00:00\",\"breadcrumb\":{\"@id\":\"https:\/\/wuolah.com\/blog\/matematicas\/#breadcrumb\"},\"inLanguage\":\"es\",\"potentialAction\":[{\"@type\":\"ReadAction\",\"target\":[\"https:\/\/wuolah.com\/blog\/matematicas\/\"]}]},{\"@type\":\"BreadcrumbList\",\"@id\":\"https:\/\/wuolah.com\/blog\/matematicas\/#breadcrumb\",\"itemListElement\":[{\"@type\":\"ListItem\",\"position\":1,\"name\":\"Home\",\"item\":\"https:\/\/wuolah.com\/blog\/\"},{\"@type\":\"ListItem\",\"position\":2,\"name\":\"Matem\u00e1ticas\"}]},{\"@type\":\"WebSite\",\"@id\":\"https:\/\/wuolah.com\/blog\/#website\",\"url\":\"https:\/\/wuolah.com\/blog\/\",\"name\":\"Blog de Educaci\u00f3n - Wuolah\",\"description\":\"Descubres las ultimas tendencias de Educaci\u00f3n y descarga recursos gratuitos\",\"publisher\":{\"@id\":\"https:\/\/wuolah.com\/blog\/#organization\"},\"potentialAction\":[{\"@type\":\"SearchAction\",\"target\":{\"@type\":\"EntryPoint\",\"urlTemplate\":\"https:\/\/wuolah.com\/blog\/?s={search_term_string}\"},\"query-input\":{\"@type\":\"PropertyValueSpecification\",\"valueRequired\":true,\"valueName\":\"search_term_string\"}}],\"inLanguage\":\"es\"},{\"@type\":\"Organization\",\"@id\":\"https:\/\/wuolah.com\/blog\/#organization\",\"name\":\"Blog de Educaci\u00f3n - Wuolah\",\"url\":\"https:\/\/wuolah.com\/blog\/\",\"logo\":{\"@type\":\"ImageObject\",\"inLanguage\":\"es\",\"@id\":\"https:\/\/wuolah.com\/blog\/#\/schema\/logo\/image\/\",\"url\":\"https:\/\/wuolah.com\/blog\/wp-content\/uploads\/sites\/2\/2023\/09\/LOGOTIPO-black_con_margen-1.png\",\"contentUrl\":\"https:\/\/wuolah.com\/blog\/wp-content\/uploads\/sites\/2\/2023\/09\/LOGOTIPO-black_con_margen-1.png\",\"width\":6095,\"height\":2263,\"caption\":\"Blog de Educaci\u00f3n - Wuolah\"},\"image\":{\"@id\":\"https:\/\/wuolah.com\/blog\/#\/schema\/logo\/image\/\"}}]}<\/script>\n<!-- \/ Yoast SEO Premium plugin. -->","yoast_head_json":{"title":"Matem\u00e1ticas - Blog de Educaci\u00f3n - Wuolah","robots":{"index":"index","follow":"follow","max-snippet":"max-snippet:-1","max-image-preview":"max-image-preview:large","max-video-preview":"max-video-preview:-1"},"canonical":"https:\/\/wuolah.com\/blog\/matematicas\/","og_locale":"es_ES","og_type":"article","og_title":"Matem\u00e1ticas","og_url":"https:\/\/wuolah.com\/blog\/matematicas\/","og_site_name":"Blog de Educaci\u00f3n - Wuolah","article_modified_time":"2023-10-02T10:29:39+00:00","twitter_card":"summary_large_image","twitter_misc":{"Tiempo de lectura":"1 minuto"},"schema":{"@context":"https:\/\/schema.org","@graph":[{"@type":"WebPage","@id":"https:\/\/wuolah.com\/blog\/matematicas\/","url":"https:\/\/wuolah.com\/blog\/matematicas\/","name":"Matem\u00e1ticas - Blog de Educaci\u00f3n - Wuolah","isPartOf":{"@id":"https:\/\/wuolah.com\/blog\/#website"},"datePublished":"2023-09-29T10:38:07+00:00","dateModified":"2023-10-02T10:29:39+00:00","breadcrumb":{"@id":"https:\/\/wuolah.com\/blog\/matematicas\/#breadcrumb"},"inLanguage":"es","potentialAction":[{"@type":"ReadAction","target":["https:\/\/wuolah.com\/blog\/matematicas\/"]}]},{"@type":"BreadcrumbList","@id":"https:\/\/wuolah.com\/blog\/matematicas\/#breadcrumb","itemListElement":[{"@type":"ListItem","position":1,"name":"Home","item":"https:\/\/wuolah.com\/blog\/"},{"@type":"ListItem","position":2,"name":"Matem\u00e1ticas"}]},{"@type":"WebSite","@id":"https:\/\/wuolah.com\/blog\/#website","url":"https:\/\/wuolah.com\/blog\/","name":"Blog de Educaci\u00f3n - Wuolah","description":"Descubres las ultimas tendencias de Educaci\u00f3n y descarga recursos gratuitos","publisher":{"@id":"https:\/\/wuolah.com\/blog\/#organization"},"potentialAction":[{"@type":"SearchAction","target":{"@type":"EntryPoint","urlTemplate":"https:\/\/wuolah.com\/blog\/?s={search_term_string}"},"query-input":{"@type":"PropertyValueSpecification","valueRequired":true,"valueName":"search_term_string"}}],"inLanguage":"es"},{"@type":"Organization","@id":"https:\/\/wuolah.com\/blog\/#organization","name":"Blog de Educaci\u00f3n - Wuolah","url":"https:\/\/wuolah.com\/blog\/","logo":{"@type":"ImageObject","inLanguage":"es","@id":"https:\/\/wuolah.com\/blog\/#\/schema\/logo\/image\/","url":"https:\/\/wuolah.com\/blog\/wp-content\/uploads\/sites\/2\/2023\/09\/LOGOTIPO-black_con_margen-1.png","contentUrl":"https:\/\/wuolah.com\/blog\/wp-content\/uploads\/sites\/2\/2023\/09\/LOGOTIPO-black_con_margen-1.png","width":6095,"height":2263,"caption":"Blog de Educaci\u00f3n - Wuolah"},"image":{"@id":"https:\/\/wuolah.com\/blog\/#\/schema\/logo\/image\/"}}]}},"_links":{"self":[{"href":"https:\/\/wuolah.com\/blog\/wp-json\/wp\/v2\/pages\/367"}],"collection":[{"href":"https:\/\/wuolah.com\/blog\/wp-json\/wp\/v2\/pages"}],"about":[{"href":"https:\/\/wuolah.com\/blog\/wp-json\/wp\/v2\/types\/page"}],"author":[{"embeddable":true,"href":"https:\/\/wuolah.com\/blog\/wp-json\/wp\/v2\/users\/1"}],"replies":[{"embeddable":true,"href":"https:\/\/wuolah.com\/blog\/wp-json\/wp\/v2\/comments?post=367"}],"version-history":[{"count":1,"href":"https:\/\/wuolah.com\/blog\/wp-json\/wp\/v2\/pages\/367\/revisions"}],"predecessor-version":[{"id":370,"href":"https:\/\/wuolah.com\/blog\/wp-json\/wp\/v2\/pages\/367\/revisions\/370"}],"wp:attachment":[{"href":"https:\/\/wuolah.com\/blog\/wp-json\/wp\/v2\/media?parent=367"}],"curies":[{"name":"wp","href":"https:\/\/api.w.org\/{rel}","templated":true}]}}