{"id":371,"date":"2023-09-29T10:38:53","date_gmt":"2023-09-29T10:38:53","guid":{"rendered":"https:\/\/wuolah.com\/blog\/?page_id=371"},"modified":"2023-10-02T10:29:56","modified_gmt":"2023-10-02T10:29:56","slug":"quimica","status":"publish","type":"page","link":"https:\/\/wuolah.com\/blog\/quimica\/","title":{"rendered":"Qu\u00edmica"},"content":{"rendered":"<div  data-slideshow-options=\"{&quot;animation&quot;:&quot;fade&quot;,&quot;autoplay&quot;:false,&quot;loop_autoplay&quot;:&quot;once&quot;,&quot;interval&quot;:5,&quot;loop_manual&quot;:&quot;manual-endless&quot;,&quot;autoplay_stopper&quot;:false,&quot;noNavigation&quot;:false,&quot;show_slide_delay&quot;:90}\" class='avia-content-slider avia-content-grid-active avia-content-slider1 avia-content-slider-odd  avia-builder-el-0  avia-builder-el-no-sibling  av-slideshow-ui av-control-default   av-no-slider-navigation av-slideshow-manual av-loop-once av-loop-manual-endless '  itemscope=\"itemscope\" itemtype=\"https:\/\/schema.org\/Blog\" ><div class=\"avia-content-slider-inner\"><div class=\"slide-entry-wrap\"><article class='slide-entry flex_column  post-entry post-entry-1828 slide-entry-overview slide-loop-1 slide-parity-odd  av_one_third first real-thumbnail post-format-standard'  itemscope=\"itemscope\" itemtype=\"https:\/\/schema.org\/CreativeWork\" ><a href='https:\/\/wuolah.com\/blog\/factores-que-afectan-la-velocidad-de-reaccion\/' data-rel='slide-1' class='slide-image' title='Factores que afectan la velocidad de reacci\u00f3n: cu\u00e1les son y aplicaciones'><img fetchpriority=\"high\" decoding=\"async\" width=\"495\" height=\"400\" src=\"https:\/\/wuolah.com\/blog\/wp-content\/uploads\/sites\/2\/2024\/11\/factores-que-afectan-la-velocidad-de-reaccion-495x400.jpg\" class=\"wp-image-1829 avia-img-lazy-loading-not-1829 attachment-portfolio size-portfolio wp-post-image\" alt=\"factores que afectan la velocidad de reaccion\" srcset=\"https:\/\/wuolah.com\/blog\/wp-content\/uploads\/sites\/2\/2024\/11\/factores-que-afectan-la-velocidad-de-reaccion-495x400.jpg 495w, https:\/\/wuolah.com\/blog\/wp-content\/uploads\/sites\/2\/2024\/11\/factores-que-afectan-la-velocidad-de-reaccion-845x684.jpg 845w\" sizes=\"(max-width: 495px) 100vw, 495px\" \/><\/a><div class=\"slide-content\"><header class=\"entry-content-header\"><span class=\"blog-categories minor-meta\"><a href=\"https:\/\/wuolah.com\/blog\/category\/quimica\/\" rel=\"tag\">Qu\u00edmica<\/a> <\/span><h3 class='slide-entry-title entry-title '  itemprop=\"headline\" ><a href='https:\/\/wuolah.com\/blog\/factores-que-afectan-la-velocidad-de-reaccion\/' title='Factores que afectan la velocidad de reacci\u00f3n: cu\u00e1les son y aplicaciones'>Factores que afectan la velocidad de reacci\u00f3n: cu\u00e1les son y aplicaciones<\/a><\/h3><span class=\"av-vertical-delimiter\"><\/span><\/header><div class='slide-entry-excerpt entry-content'  itemprop=\"text\" >\nLa velocidad a la que ocurre una reacci\u00f3n qu\u00edmica puede variar seg\u00fan varios factores, desde el tipo de sustancias involucradas hasta las condiciones en las que se lleva a cabo la reacci\u00f3n. En esta entrada, te contamos cu\u00e1les son los factores\u2026<\/div><\/div><footer class=\"entry-footer\"><div class=\"slide-meta\"><time class='slide-meta-time updated'  itemprop=\"datePublished\" datetime=\"2024-11-12T20:00:00+01:00\" >12\/11\/2024<\/time><\/div><\/footer><span class='hidden'>\n\t\t\t\t<span class='av-structured-data'  itemprop=\"image\" itemscope=\"itemscope\" itemtype=\"https:\/\/schema.org\/ImageObject\" >\n\t\t\t\t\t\t<span itemprop='url'>https:\/\/wuolah.com\/blog\/wp-content\/uploads\/sites\/2\/2024\/11\/factores-que-afectan-la-velocidad-de-reaccion.jpg<\/span>\n\t\t\t\t\t\t<span itemprop='height'>720<\/span>\n\t\t\t\t\t\t<span itemprop='width'>1280<\/span>\n\t\t\t\t<\/span>\n\t\t\t\t<span class='av-structured-data'  itemprop=\"publisher\" itemtype=\"https:\/\/schema.org\/Organization\" itemscope=\"itemscope\" >\n\t\t\t\t\t\t<span itemprop='name'>teresa<\/span>\n\t\t\t\t\t\t<span itemprop='logo' itemscope itemtype='https:\/\/schema.org\/ImageObject'>\n\t\t\t\t\t\t\t<span itemprop='url'>https:\/\/wuolah.com\/blog\/wp-content\/uploads\/sites\/2\/2023\/09\/LOGOTIPO-black_con_margen-1-300x111.png<\/span>\n\t\t\t\t\t\t<\/span>\n\t\t\t\t<\/span><span class='av-structured-data'  itemprop=\"author\" itemscope=\"itemscope\" itemtype=\"https:\/\/schema.org\/Person\" ><span itemprop='name'>teresa<\/span><\/span><span class='av-structured-data'  itemprop=\"datePublished\" datetime=\"2023-09-29T10:38:53+01:00\" >2024-11-12 20:00:00<\/span><span class='av-structured-data'  itemprop=\"dateModified\" itemtype=\"https:\/\/schema.org\/dateModified\" >2024-11-10 20:48:54<\/span><span class='av-structured-data'  itemprop=\"mainEntityOfPage\" itemtype=\"https:\/\/schema.org\/mainEntityOfPage\" ><span itemprop='name'>Factores que afectan la velocidad de reacci\u00f3n: cu\u00e1les son y aplicaciones<\/span><\/span><\/span><\/article><article class='slide-entry flex_column  post-entry post-entry-1801 slide-entry-overview slide-loop-2 slide-parity-even  av_one_third  real-thumbnail post-format-standard'  itemscope=\"itemscope\" itemtype=\"https:\/\/schema.org\/CreativeWork\" ><a href='https:\/\/wuolah.com\/blog\/queroseno\/' data-rel='slide-1' class='slide-image' title='Queroseno: qu\u00e9 es, propiedades y usos'><img decoding=\"async\" width=\"495\" height=\"400\" src=\"https:\/\/wuolah.com\/blog\/wp-content\/uploads\/sites\/2\/2024\/11\/queroseno-495x400.jpg\" class=\"wp-image-1802 avia-img-lazy-loading-not-1802 attachment-portfolio size-portfolio wp-post-image\" alt=\"queroseno\" srcset=\"https:\/\/wuolah.com\/blog\/wp-content\/uploads\/sites\/2\/2024\/11\/queroseno-495x400.jpg 495w, https:\/\/wuolah.com\/blog\/wp-content\/uploads\/sites\/2\/2024\/11\/queroseno-845x684.jpg 845w\" sizes=\"(max-width: 495px) 100vw, 495px\" \/><\/a><div class=\"slide-content\"><header class=\"entry-content-header\"><span class=\"blog-categories minor-meta\"><a href=\"https:\/\/wuolah.com\/blog\/category\/quimica\/\" rel=\"tag\">Qu\u00edmica<\/a> <\/span><h3 class='slide-entry-title entry-title '  itemprop=\"headline\" ><a href='https:\/\/wuolah.com\/blog\/queroseno\/' title='Queroseno: qu\u00e9 es, propiedades y usos'>Queroseno: qu\u00e9 es, propiedades y usos<\/a><\/h3><span class=\"av-vertical-delimiter\"><\/span><\/header><div class='slide-entry-excerpt entry-content'  itemprop=\"text\" >\nConoce m\u00e1s acerca de este tipo de combustible con gran peso en sectores como la aviaci\u00f3n o la calefacci\u00f3n. En esta entrada te contamos las propiedades del queroseno, sus aplicaciones e impacto medioambiental.\n\n\n\n\u00bfQu\u00e9 es el queroseno?\n\n\n\n\nEl\u2026<\/div><\/div><footer class=\"entry-footer\"><div class=\"slide-meta\"><time class='slide-meta-time updated'  itemprop=\"datePublished\" datetime=\"2024-11-07T20:00:00+01:00\" >07\/11\/2024<\/time><\/div><\/footer><span class='hidden'>\n\t\t\t\t<span class='av-structured-data'  itemprop=\"image\" itemscope=\"itemscope\" itemtype=\"https:\/\/schema.org\/ImageObject\" >\n\t\t\t\t\t\t<span itemprop='url'>https:\/\/wuolah.com\/blog\/wp-content\/uploads\/sites\/2\/2024\/11\/queroseno.jpg<\/span>\n\t\t\t\t\t\t<span itemprop='height'>720<\/span>\n\t\t\t\t\t\t<span itemprop='width'>1280<\/span>\n\t\t\t\t<\/span>\n\t\t\t\t<span class='av-structured-data'  itemprop=\"publisher\" itemtype=\"https:\/\/schema.org\/Organization\" itemscope=\"itemscope\" >\n\t\t\t\t\t\t<span itemprop='name'>teresa<\/span>\n\t\t\t\t\t\t<span itemprop='logo' itemscope itemtype='https:\/\/schema.org\/ImageObject'>\n\t\t\t\t\t\t\t<span itemprop='url'>https:\/\/wuolah.com\/blog\/wp-content\/uploads\/sites\/2\/2023\/09\/LOGOTIPO-black_con_margen-1-300x111.png<\/span>\n\t\t\t\t\t\t<\/span>\n\t\t\t\t<\/span><span class='av-structured-data'  itemprop=\"author\" itemscope=\"itemscope\" itemtype=\"https:\/\/schema.org\/Person\" ><span itemprop='name'>teresa<\/span><\/span><span class='av-structured-data'  itemprop=\"datePublished\" datetime=\"2023-09-29T10:38:53+01:00\" >2024-11-07 20:00:00<\/span><span class='av-structured-data'  itemprop=\"dateModified\" itemtype=\"https:\/\/schema.org\/dateModified\" >2024-11-01 22:13:30<\/span><span class='av-structured-data'  itemprop=\"mainEntityOfPage\" itemtype=\"https:\/\/schema.org\/mainEntityOfPage\" ><span itemprop='name'>Queroseno: qu\u00e9 es, propiedades y usos<\/span><\/span><\/span><\/article><article class='slide-entry flex_column  post-entry post-entry-1735 slide-entry-overview slide-loop-3 slide-parity-odd  post-entry-last  av_one_third  real-thumbnail post-format-standard'  itemscope=\"itemscope\" itemtype=\"https:\/\/schema.org\/CreativeWork\" ><a href='https:\/\/wuolah.com\/blog\/sistema-nervioso-central\/' data-rel='slide-1' class='slide-image' title='Sistema nervioso central: qu\u00e9 es, partes y funci\u00f3n'><img decoding=\"async\" width=\"495\" height=\"400\" src=\"https:\/\/wuolah.com\/blog\/wp-content\/uploads\/sites\/2\/2024\/10\/sistema-nervioso-central-495x400.jpg\" class=\"wp-image-1738 avia-img-lazy-loading-not-1738 attachment-portfolio size-portfolio wp-post-image\" alt=\"sistema nervioso central\" srcset=\"https:\/\/wuolah.com\/blog\/wp-content\/uploads\/sites\/2\/2024\/10\/sistema-nervioso-central-495x400.jpg 495w, https:\/\/wuolah.com\/blog\/wp-content\/uploads\/sites\/2\/2024\/10\/sistema-nervioso-central-845x684.jpg 845w\" sizes=\"(max-width: 495px) 100vw, 495px\" \/><\/a><div class=\"slide-content\"><header class=\"entry-content-header\"><span class=\"blog-categories minor-meta\"><a href=\"https:\/\/wuolah.com\/blog\/category\/quimica\/\" rel=\"tag\">Qu\u00edmica<\/a> <\/span><h3 class='slide-entry-title entry-title '  itemprop=\"headline\" ><a href='https:\/\/wuolah.com\/blog\/sistema-nervioso-central\/' title='Sistema nervioso central: qu\u00e9 es, partes y funci\u00f3n'>Sistema nervioso central: qu\u00e9 es, partes y funci\u00f3n<\/a><\/h3><span class=\"av-vertical-delimiter\"><\/span><\/header><div class='slide-entry-excerpt entry-content'  itemprop=\"text\" >\nSi tienes curiosidad de c\u00f3mo funciona el sistema nervioso central (SNC) y qu\u00e9 partes lo componen, sigue leyendo \u00a1que te lo contamos todo!\n\n\n\n\u00bfQu\u00e9 es el sistema nervioso central?\n\n\n\n\nEl sistema nervioso central (SNC) es el n\u00facleo de procesamiento\u2026<\/div><\/div><footer class=\"entry-footer\"><div class=\"slide-meta\"><time class='slide-meta-time updated'  itemprop=\"datePublished\" datetime=\"2024-10-24T20:00:00+01:00\" >24\/10\/2024<\/time><\/div><\/footer><span class='hidden'>\n\t\t\t\t<span class='av-structured-data'  itemprop=\"image\" itemscope=\"itemscope\" itemtype=\"https:\/\/schema.org\/ImageObject\" >\n\t\t\t\t\t\t<span itemprop='url'>https:\/\/wuolah.com\/blog\/wp-content\/uploads\/sites\/2\/2024\/10\/sistema-nervioso-central.jpg<\/span>\n\t\t\t\t\t\t<span itemprop='height'>720<\/span>\n\t\t\t\t\t\t<span itemprop='width'>1280<\/span>\n\t\t\t\t<\/span>\n\t\t\t\t<span class='av-structured-data'  itemprop=\"publisher\" itemtype=\"https:\/\/schema.org\/Organization\" itemscope=\"itemscope\" >\n\t\t\t\t\t\t<span itemprop='name'>teresa<\/span>\n\t\t\t\t\t\t<span itemprop='logo' itemscope itemtype='https:\/\/schema.org\/ImageObject'>\n\t\t\t\t\t\t\t<span itemprop='url'>https:\/\/wuolah.com\/blog\/wp-content\/uploads\/sites\/2\/2023\/09\/LOGOTIPO-black_con_margen-1-300x111.png<\/span>\n\t\t\t\t\t\t<\/span>\n\t\t\t\t<\/span><span class='av-structured-data'  itemprop=\"author\" itemscope=\"itemscope\" itemtype=\"https:\/\/schema.org\/Person\" ><span itemprop='name'>teresa<\/span><\/span><span class='av-structured-data'  itemprop=\"datePublished\" datetime=\"2023-09-29T10:38:53+01:00\" >2024-10-24 20:00:00<\/span><span class='av-structured-data'  itemprop=\"dateModified\" itemtype=\"https:\/\/schema.org\/dateModified\" >2024-10-23 22:01:22<\/span><span class='av-structured-data'  itemprop=\"mainEntityOfPage\" itemtype=\"https:\/\/schema.org\/mainEntityOfPage\" ><span itemprop='name'>Sistema nervioso central: qu\u00e9 es, partes y funci\u00f3n<\/span><\/span><\/span><\/article><\/div><\/div><div class='pagination-wrap pagination-slider'><nav class='pagination'><span class='pagination-meta'>P\u00e1gina 1 de 13<\/span><span class='current'>1<\/span><a href='https:\/\/wuolah.com\/blog\/wp-json\/wp\/v2\/pages\/371\/?avia-element-paging=2' class='inactive next_page' >2<\/a><a href='https:\/\/wuolah.com\/blog\/wp-json\/wp\/v2\/pages\/371\/?avia-element-paging=3' class='inactive' >3<\/a><a href='https:\/\/wuolah.com\/blog\/wp-json\/wp\/v2\/pages\/371\/?avia-element-paging=2'>&rsaquo;<\/a><a href='https:\/\/wuolah.com\/blog\/wp-json\/wp\/v2\/pages\/371\/?avia-element-paging=13'>&raquo;<\/a><\/nav>\n<\/div><\/div>\n","protected":false},"excerpt":{"rendered":"","protected":false},"author":1,"featured_media":0,"parent":0,"menu_order":0,"comment_status":"closed","ping_status":"closed","template":"","meta":{"footnotes":""},"class_list":["post-371","page","type-page","status-publish","hentry"],"yoast_head":"<!-- This site is optimized with the Yoast SEO Premium plugin v21.1 (Yoast SEO v25.6) - https:\/\/yoast.com\/wordpress\/plugins\/seo\/ -->\n<title>Qu\u00edmica - Blog de Educaci\u00f3n - Wuolah<\/title>\n<meta name=\"robots\" content=\"index, follow, max-snippet:-1, max-image-preview:large, max-video-preview:-1\" \/>\n<link rel=\"canonical\" href=\"https:\/\/wuolah.com\/blog\/quimica\/\" \/>\n<meta property=\"og:locale\" content=\"es_ES\" \/>\n<meta property=\"og:type\" content=\"article\" \/>\n<meta property=\"og:title\" content=\"Qu\u00edmica\" \/>\n<meta property=\"og:url\" content=\"https:\/\/wuolah.com\/blog\/quimica\/\" \/>\n<meta property=\"og:site_name\" content=\"Blog de Educaci\u00f3n - Wuolah\" \/>\n<meta property=\"article:modified_time\" content=\"2023-10-02T10:29:56+00:00\" \/>\n<meta name=\"twitter:card\" content=\"summary_large_image\" \/>\n<meta name=\"twitter:label1\" content=\"Tiempo de lectura\" \/>\n\t<meta name=\"twitter:data1\" content=\"1 minuto\" \/>\n<script type=\"application\/ld+json\" class=\"yoast-schema-graph\">{\"@context\":\"https:\/\/schema.org\",\"@graph\":[{\"@type\":\"WebPage\",\"@id\":\"https:\/\/wuolah.com\/blog\/quimica\/\",\"url\":\"https:\/\/wuolah.com\/blog\/quimica\/\",\"name\":\"Qu\u00edmica - Blog de Educaci\u00f3n - Wuolah\",\"isPartOf\":{\"@id\":\"https:\/\/wuolah.com\/blog\/#website\"},\"datePublished\":\"2023-09-29T10:38:53+00:00\",\"dateModified\":\"2023-10-02T10:29:56+00:00\",\"breadcrumb\":{\"@id\":\"https:\/\/wuolah.com\/blog\/quimica\/#breadcrumb\"},\"inLanguage\":\"es\",\"potentialAction\":[{\"@type\":\"ReadAction\",\"target\":[\"https:\/\/wuolah.com\/blog\/quimica\/\"]}]},{\"@type\":\"BreadcrumbList\",\"@id\":\"https:\/\/wuolah.com\/blog\/quimica\/#breadcrumb\",\"itemListElement\":[{\"@type\":\"ListItem\",\"position\":1,\"name\":\"Home\",\"item\":\"https:\/\/wuolah.com\/blog\/\"},{\"@type\":\"ListItem\",\"position\":2,\"name\":\"Qu\u00edmica\"}]},{\"@type\":\"WebSite\",\"@id\":\"https:\/\/wuolah.com\/blog\/#website\",\"url\":\"https:\/\/wuolah.com\/blog\/\",\"name\":\"Blog de Educaci\u00f3n - Wuolah\",\"description\":\"Descubres las ultimas tendencias de Educaci\u00f3n y descarga recursos gratuitos\",\"publisher\":{\"@id\":\"https:\/\/wuolah.com\/blog\/#organization\"},\"potentialAction\":[{\"@type\":\"SearchAction\",\"target\":{\"@type\":\"EntryPoint\",\"urlTemplate\":\"https:\/\/wuolah.com\/blog\/?s={search_term_string}\"},\"query-input\":{\"@type\":\"PropertyValueSpecification\",\"valueRequired\":true,\"valueName\":\"search_term_string\"}}],\"inLanguage\":\"es\"},{\"@type\":\"Organization\",\"@id\":\"https:\/\/wuolah.com\/blog\/#organization\",\"name\":\"Blog de Educaci\u00f3n - Wuolah\",\"url\":\"https:\/\/wuolah.com\/blog\/\",\"logo\":{\"@type\":\"ImageObject\",\"inLanguage\":\"es\",\"@id\":\"https:\/\/wuolah.com\/blog\/#\/schema\/logo\/image\/\",\"url\":\"https:\/\/wuolah.com\/blog\/wp-content\/uploads\/sites\/2\/2023\/09\/LOGOTIPO-black_con_margen-1.png\",\"contentUrl\":\"https:\/\/wuolah.com\/blog\/wp-content\/uploads\/sites\/2\/2023\/09\/LOGOTIPO-black_con_margen-1.png\",\"width\":6095,\"height\":2263,\"caption\":\"Blog de Educaci\u00f3n - Wuolah\"},\"image\":{\"@id\":\"https:\/\/wuolah.com\/blog\/#\/schema\/logo\/image\/\"}}]}<\/script>\n<!-- \/ Yoast SEO Premium plugin. -->","yoast_head_json":{"title":"Qu\u00edmica - Blog de Educaci\u00f3n - Wuolah","robots":{"index":"index","follow":"follow","max-snippet":"max-snippet:-1","max-image-preview":"max-image-preview:large","max-video-preview":"max-video-preview:-1"},"canonical":"https:\/\/wuolah.com\/blog\/quimica\/","og_locale":"es_ES","og_type":"article","og_title":"Qu\u00edmica","og_url":"https:\/\/wuolah.com\/blog\/quimica\/","og_site_name":"Blog de Educaci\u00f3n - Wuolah","article_modified_time":"2023-10-02T10:29:56+00:00","twitter_card":"summary_large_image","twitter_misc":{"Tiempo de lectura":"1 minuto"},"schema":{"@context":"https:\/\/schema.org","@graph":[{"@type":"WebPage","@id":"https:\/\/wuolah.com\/blog\/quimica\/","url":"https:\/\/wuolah.com\/blog\/quimica\/","name":"Qu\u00edmica - Blog de Educaci\u00f3n - Wuolah","isPartOf":{"@id":"https:\/\/wuolah.com\/blog\/#website"},"datePublished":"2023-09-29T10:38:53+00:00","dateModified":"2023-10-02T10:29:56+00:00","breadcrumb":{"@id":"https:\/\/wuolah.com\/blog\/quimica\/#breadcrumb"},"inLanguage":"es","potentialAction":[{"@type":"ReadAction","target":["https:\/\/wuolah.com\/blog\/quimica\/"]}]},{"@type":"BreadcrumbList","@id":"https:\/\/wuolah.com\/blog\/quimica\/#breadcrumb","itemListElement":[{"@type":"ListItem","position":1,"name":"Home","item":"https:\/\/wuolah.com\/blog\/"},{"@type":"ListItem","position":2,"name":"Qu\u00edmica"}]},{"@type":"WebSite","@id":"https:\/\/wuolah.com\/blog\/#website","url":"https:\/\/wuolah.com\/blog\/","name":"Blog de Educaci\u00f3n - Wuolah","description":"Descubres las ultimas tendencias de Educaci\u00f3n y descarga recursos gratuitos","publisher":{"@id":"https:\/\/wuolah.com\/blog\/#organization"},"potentialAction":[{"@type":"SearchAction","target":{"@type":"EntryPoint","urlTemplate":"https:\/\/wuolah.com\/blog\/?s={search_term_string}"},"query-input":{"@type":"PropertyValueSpecification","valueRequired":true,"valueName":"search_term_string"}}],"inLanguage":"es"},{"@type":"Organization","@id":"https:\/\/wuolah.com\/blog\/#organization","name":"Blog de Educaci\u00f3n - Wuolah","url":"https:\/\/wuolah.com\/blog\/","logo":{"@type":"ImageObject","inLanguage":"es","@id":"https:\/\/wuolah.com\/blog\/#\/schema\/logo\/image\/","url":"https:\/\/wuolah.com\/blog\/wp-content\/uploads\/sites\/2\/2023\/09\/LOGOTIPO-black_con_margen-1.png","contentUrl":"https:\/\/wuolah.com\/blog\/wp-content\/uploads\/sites\/2\/2023\/09\/LOGOTIPO-black_con_margen-1.png","width":6095,"height":2263,"caption":"Blog de Educaci\u00f3n - Wuolah"},"image":{"@id":"https:\/\/wuolah.com\/blog\/#\/schema\/logo\/image\/"}}]}},"_links":{"self":[{"href":"https:\/\/wuolah.com\/blog\/wp-json\/wp\/v2\/pages\/371"}],"collection":[{"href":"https:\/\/wuolah.com\/blog\/wp-json\/wp\/v2\/pages"}],"about":[{"href":"https:\/\/wuolah.com\/blog\/wp-json\/wp\/v2\/types\/page"}],"author":[{"embeddable":true,"href":"https:\/\/wuolah.com\/blog\/wp-json\/wp\/v2\/users\/1"}],"replies":[{"embeddable":true,"href":"https:\/\/wuolah.com\/blog\/wp-json\/wp\/v2\/comments?post=371"}],"version-history":[{"count":1,"href":"https:\/\/wuolah.com\/blog\/wp-json\/wp\/v2\/pages\/371\/revisions"}],"predecessor-version":[{"id":374,"href":"https:\/\/wuolah.com\/blog\/wp-json\/wp\/v2\/pages\/371\/revisions\/374"}],"wp:attachment":[{"href":"https:\/\/wuolah.com\/blog\/wp-json\/wp\/v2\/media?parent=371"}],"curies":[{"name":"wp","href":"https:\/\/api.w.org\/{rel}","templated":true}]}}