{"id":375,"date":"2023-09-29T10:40:01","date_gmt":"2023-09-29T10:40:01","guid":{"rendered":"https:\/\/wuolah.com\/blog\/?page_id=375"},"modified":"2023-10-02T10:30:14","modified_gmt":"2023-10-02T10:30:14","slug":"resumenes","status":"publish","type":"page","link":"https:\/\/wuolah.com\/blog\/resumenes\/","title":{"rendered":"Res\u00famenes"},"content":{"rendered":"<div  data-slideshow-options=\"{&quot;animation&quot;:&quot;fade&quot;,&quot;autoplay&quot;:false,&quot;loop_autoplay&quot;:&quot;once&quot;,&quot;interval&quot;:5,&quot;loop_manual&quot;:&quot;manual-endless&quot;,&quot;autoplay_stopper&quot;:false,&quot;noNavigation&quot;:false,&quot;show_slide_delay&quot;:90}\" class='avia-content-slider avia-content-grid-active avia-content-slider1 avia-content-slider-odd  avia-builder-el-0  avia-builder-el-no-sibling  av-slideshow-ui av-control-default   av-no-slider-navigation av-slideshow-manual av-loop-once av-loop-manual-endless '  itemscope=\"itemscope\" itemtype=\"https:\/\/schema.org\/Blog\" ><div class=\"avia-content-slider-inner\"><div class=\"slide-entry-wrap\"><article class='slide-entry flex_column  post-entry post-entry-1917 slide-entry-overview slide-loop-1 slide-parity-odd  av_one_third first real-thumbnail post-format-standard'  itemscope=\"itemscope\" itemtype=\"https:\/\/schema.org\/CreativeWork\" ><a href='https:\/\/wuolah.com\/blog\/deforestacion\/' data-rel='slide-1' class='slide-image' title='Deforestaci\u00f3n: causas y consecuencias'><img fetchpriority=\"high\" decoding=\"async\" width=\"495\" height=\"400\" src=\"https:\/\/wuolah.com\/blog\/wp-content\/uploads\/sites\/2\/2024\/11\/deforestacion-495x400.jpg\" class=\"wp-image-1919 avia-img-lazy-loading-not-1919 attachment-portfolio size-portfolio wp-post-image\" alt=\"deforestaci\u00f3n\" srcset=\"https:\/\/wuolah.com\/blog\/wp-content\/uploads\/sites\/2\/2024\/11\/deforestacion-495x400.jpg 495w, https:\/\/wuolah.com\/blog\/wp-content\/uploads\/sites\/2\/2024\/11\/deforestacion-845x684.jpg 845w\" sizes=\"(max-width: 495px) 100vw, 495px\" \/><\/a><div class=\"slide-content\"><header class=\"entry-content-header\"><span class=\"blog-categories minor-meta\"><a href=\"https:\/\/wuolah.com\/blog\/category\/resumenes\/\" rel=\"tag\">Res\u00famenes<\/a> <\/span><h3 class='slide-entry-title entry-title '  itemprop=\"headline\" ><a href='https:\/\/wuolah.com\/blog\/deforestacion\/' title='Deforestaci\u00f3n: causas y consecuencias'>Deforestaci\u00f3n: causas y consecuencias<\/a><\/h3><span class=\"av-vertical-delimiter\"><\/span><\/header><div class='slide-entry-excerpt entry-content'  itemprop=\"text\" >\nLa deforestaci\u00f3n es un problema que va m\u00e1s all\u00e1 de la tala de \u00e1rboles. En esta entrada, te contamos exactamente qu\u00e9 es, sus causas, consecuencias y las soluciones que podemos aplicar para frenar este fen\u00f3meno que amenaza la vida en la\u2026<\/div><\/div><footer class=\"entry-footer\"><div class=\"slide-meta\"><time class='slide-meta-time updated'  itemprop=\"datePublished\" datetime=\"2024-11-21T20:51:02+01:00\" >21\/11\/2024<\/time><\/div><\/footer><span class='hidden'>\n\t\t\t\t<span class='av-structured-data'  itemprop=\"image\" itemscope=\"itemscope\" itemtype=\"https:\/\/schema.org\/ImageObject\" >\n\t\t\t\t\t\t<span itemprop='url'>https:\/\/wuolah.com\/blog\/wp-content\/uploads\/sites\/2\/2024\/11\/deforestacion.jpg<\/span>\n\t\t\t\t\t\t<span itemprop='height'>720<\/span>\n\t\t\t\t\t\t<span itemprop='width'>1280<\/span>\n\t\t\t\t<\/span>\n\t\t\t\t<span class='av-structured-data'  itemprop=\"publisher\" itemtype=\"https:\/\/schema.org\/Organization\" itemscope=\"itemscope\" >\n\t\t\t\t\t\t<span itemprop='name'>teresa<\/span>\n\t\t\t\t\t\t<span itemprop='logo' itemscope itemtype='https:\/\/schema.org\/ImageObject'>\n\t\t\t\t\t\t\t<span itemprop='url'>https:\/\/wuolah.com\/blog\/wp-content\/uploads\/sites\/2\/2023\/09\/LOGOTIPO-black_con_margen-1-300x111.png<\/span>\n\t\t\t\t\t\t<\/span>\n\t\t\t\t<\/span><span class='av-structured-data'  itemprop=\"author\" itemscope=\"itemscope\" itemtype=\"https:\/\/schema.org\/Person\" ><span itemprop='name'>teresa<\/span><\/span><span class='av-structured-data'  itemprop=\"datePublished\" datetime=\"2023-09-29T10:40:01+01:00\" >2024-11-21 20:51:02<\/span><span class='av-structured-data'  itemprop=\"dateModified\" itemtype=\"https:\/\/schema.org\/dateModified\" >2024-11-21 20:51:02<\/span><span class='av-structured-data'  itemprop=\"mainEntityOfPage\" itemtype=\"https:\/\/schema.org\/mainEntityOfPage\" ><span itemprop='name'>Deforestaci\u00f3n: causas y consecuencias<\/span><\/span><\/span><\/article><article class='slide-entry flex_column  post-entry post-entry-1911 slide-entry-overview slide-loop-2 slide-parity-even  av_one_third  real-thumbnail post-format-standard'  itemscope=\"itemscope\" itemtype=\"https:\/\/schema.org\/CreativeWork\" ><a href='https:\/\/wuolah.com\/blog\/autocracia\/' data-rel='slide-1' class='slide-image' title='Autocracia: qu\u00e9 es y caracter\u00edsticas'><img decoding=\"async\" width=\"495\" height=\"400\" src=\"https:\/\/wuolah.com\/blog\/wp-content\/uploads\/sites\/2\/2024\/11\/autocracia-495x400.jpg\" class=\"wp-image-1912 avia-img-lazy-loading-not-1912 attachment-portfolio size-portfolio wp-post-image\" alt=\"autocracia\" srcset=\"https:\/\/wuolah.com\/blog\/wp-content\/uploads\/sites\/2\/2024\/11\/autocracia-495x400.jpg 495w, https:\/\/wuolah.com\/blog\/wp-content\/uploads\/sites\/2\/2024\/11\/autocracia-845x684.jpg 845w\" sizes=\"(max-width: 495px) 100vw, 495px\" \/><\/a><div class=\"slide-content\"><header class=\"entry-content-header\"><span class=\"blog-categories minor-meta\"><a href=\"https:\/\/wuolah.com\/blog\/category\/resumenes\/\" rel=\"tag\">Res\u00famenes<\/a> <\/span><h3 class='slide-entry-title entry-title '  itemprop=\"headline\" ><a href='https:\/\/wuolah.com\/blog\/autocracia\/' title='Autocracia: qu\u00e9 es y caracter\u00edsticas'>Autocracia: qu\u00e9 es y caracter\u00edsticas<\/a><\/h3><span class=\"av-vertical-delimiter\"><\/span><\/header><div class='slide-entry-excerpt entry-content'  itemprop=\"text\" >\n\u00bfEs lo mismo autocracia que dictadura? Si tienes la duda, en esta entrada te hablamos sobre qu\u00e9 es la autocracia y c\u00f3mo se diferencia de otros sistemas pol\u00edticos.\n\n\n\n\u00bfQu\u00e9 es la autocracia?\n\n\n\n\nLa autocracia es un sistema de gobierno en\u2026<\/div><\/div><footer class=\"entry-footer\"><div class=\"slide-meta\"><time class='slide-meta-time updated'  itemprop=\"datePublished\" datetime=\"2024-11-20T20:32:44+01:00\" >20\/11\/2024<\/time><\/div><\/footer><span class='hidden'>\n\t\t\t\t<span class='av-structured-data'  itemprop=\"image\" itemscope=\"itemscope\" itemtype=\"https:\/\/schema.org\/ImageObject\" >\n\t\t\t\t\t\t<span itemprop='url'>https:\/\/wuolah.com\/blog\/wp-content\/uploads\/sites\/2\/2024\/11\/autocracia.jpg<\/span>\n\t\t\t\t\t\t<span itemprop='height'>720<\/span>\n\t\t\t\t\t\t<span itemprop='width'>1280<\/span>\n\t\t\t\t<\/span>\n\t\t\t\t<span class='av-structured-data'  itemprop=\"publisher\" itemtype=\"https:\/\/schema.org\/Organization\" itemscope=\"itemscope\" >\n\t\t\t\t\t\t<span itemprop='name'>teresa<\/span>\n\t\t\t\t\t\t<span itemprop='logo' itemscope itemtype='https:\/\/schema.org\/ImageObject'>\n\t\t\t\t\t\t\t<span itemprop='url'>https:\/\/wuolah.com\/blog\/wp-content\/uploads\/sites\/2\/2023\/09\/LOGOTIPO-black_con_margen-1-300x111.png<\/span>\n\t\t\t\t\t\t<\/span>\n\t\t\t\t<\/span><span class='av-structured-data'  itemprop=\"author\" itemscope=\"itemscope\" itemtype=\"https:\/\/schema.org\/Person\" ><span itemprop='name'>teresa<\/span><\/span><span class='av-structured-data'  itemprop=\"datePublished\" datetime=\"2023-09-29T10:40:01+01:00\" >2024-11-20 20:32:44<\/span><span class='av-structured-data'  itemprop=\"dateModified\" itemtype=\"https:\/\/schema.org\/dateModified\" >2024-11-20 20:32:45<\/span><span class='av-structured-data'  itemprop=\"mainEntityOfPage\" itemtype=\"https:\/\/schema.org\/mainEntityOfPage\" ><span itemprop='name'>Autocracia: qu\u00e9 es y caracter\u00edsticas<\/span><\/span><\/span><\/article><article class='slide-entry flex_column  post-entry post-entry-1764 slide-entry-overview slide-loop-3 slide-parity-odd  post-entry-last  av_one_third  real-thumbnail post-format-standard'  itemscope=\"itemscope\" itemtype=\"https:\/\/schema.org\/CreativeWork\" ><a href='https:\/\/wuolah.com\/blog\/caida-del-imperio-romano\/' data-rel='slide-1' class='slide-image' title='Ca\u00edda del imperio romano: qu\u00e9 es y sus antecedentes'><img decoding=\"async\" width=\"495\" height=\"400\" src=\"https:\/\/wuolah.com\/blog\/wp-content\/uploads\/sites\/2\/2024\/10\/caida-del-imperio-romano-495x400.jpg\" class=\"wp-image-1765 avia-img-lazy-loading-not-1765 attachment-portfolio size-portfolio wp-post-image\" alt=\"ca\u00edda del imperio romano\" srcset=\"https:\/\/wuolah.com\/blog\/wp-content\/uploads\/sites\/2\/2024\/10\/caida-del-imperio-romano-495x400.jpg 495w, https:\/\/wuolah.com\/blog\/wp-content\/uploads\/sites\/2\/2024\/10\/caida-del-imperio-romano-845x684.jpg 845w\" sizes=\"(max-width: 495px) 100vw, 495px\" \/><\/a><div class=\"slide-content\"><header class=\"entry-content-header\"><span class=\"blog-categories minor-meta\"><a href=\"https:\/\/wuolah.com\/blog\/category\/resumenes\/\" rel=\"tag\">Res\u00famenes<\/a> <\/span><h3 class='slide-entry-title entry-title '  itemprop=\"headline\" ><a href='https:\/\/wuolah.com\/blog\/caida-del-imperio-romano\/' title='Ca\u00edda del imperio romano: qu\u00e9 es y sus antecedentes'>Ca\u00edda del imperio romano: qu\u00e9 es y sus antecedentes<\/a><\/h3><span class=\"av-vertical-delimiter\"><\/span><\/header><div class='slide-entry-excerpt entry-content'  itemprop=\"text\" >\nEl Imperio Romano, fundado oficialmente en el 27 a.C., fue una civilizaci\u00f3n que domin\u00f3 el Mediterr\u00e1neo y extendi\u00f3 su influencia por Europa, Asia y el norte de \u00c1frica. Con Augusto como su primer emperador, el imperio se distingui\u00f3 por\u2026<\/div><\/div><footer class=\"entry-footer\"><div class=\"slide-meta\"><time class='slide-meta-time updated'  itemprop=\"datePublished\" datetime=\"2024-10-30T20:00:00+01:00\" >30\/10\/2024<\/time><\/div><\/footer><span class='hidden'>\n\t\t\t\t<span class='av-structured-data'  itemprop=\"image\" itemscope=\"itemscope\" itemtype=\"https:\/\/schema.org\/ImageObject\" >\n\t\t\t\t\t\t<span itemprop='url'>https:\/\/wuolah.com\/blog\/wp-content\/uploads\/sites\/2\/2024\/10\/caida-del-imperio-romano.jpg<\/span>\n\t\t\t\t\t\t<span itemprop='height'>720<\/span>\n\t\t\t\t\t\t<span itemprop='width'>1280<\/span>\n\t\t\t\t<\/span>\n\t\t\t\t<span class='av-structured-data'  itemprop=\"publisher\" itemtype=\"https:\/\/schema.org\/Organization\" itemscope=\"itemscope\" >\n\t\t\t\t\t\t<span itemprop='name'>teresa<\/span>\n\t\t\t\t\t\t<span itemprop='logo' itemscope itemtype='https:\/\/schema.org\/ImageObject'>\n\t\t\t\t\t\t\t<span itemprop='url'>https:\/\/wuolah.com\/blog\/wp-content\/uploads\/sites\/2\/2023\/09\/LOGOTIPO-black_con_margen-1-300x111.png<\/span>\n\t\t\t\t\t\t<\/span>\n\t\t\t\t<\/span><span class='av-structured-data'  itemprop=\"author\" itemscope=\"itemscope\" itemtype=\"https:\/\/schema.org\/Person\" ><span itemprop='name'>teresa<\/span><\/span><span class='av-structured-data'  itemprop=\"datePublished\" datetime=\"2023-09-29T10:40:01+01:00\" >2024-10-30 20:00:00<\/span><span class='av-structured-data'  itemprop=\"dateModified\" itemtype=\"https:\/\/schema.org\/dateModified\" >2024-10-27 22:35:18<\/span><span class='av-structured-data'  itemprop=\"mainEntityOfPage\" itemtype=\"https:\/\/schema.org\/mainEntityOfPage\" ><span itemprop='name'>Ca\u00edda del imperio romano: qu\u00e9 es y sus antecedentes<\/span><\/span><\/span><\/article><\/div><\/div><div class='pagination-wrap pagination-slider'><nav class='pagination'><span class='pagination-meta'>P\u00e1gina 1 de 14<\/span><span class='current'>1<\/span><a href='https:\/\/wuolah.com\/blog\/wp-json\/wp\/v2\/pages\/375\/?avia-element-paging=2' class='inactive next_page' >2<\/a><a href='https:\/\/wuolah.com\/blog\/wp-json\/wp\/v2\/pages\/375\/?avia-element-paging=3' class='inactive' >3<\/a><a href='https:\/\/wuolah.com\/blog\/wp-json\/wp\/v2\/pages\/375\/?avia-element-paging=2'>&rsaquo;<\/a><a href='https:\/\/wuolah.com\/blog\/wp-json\/wp\/v2\/pages\/375\/?avia-element-paging=14'>&raquo;<\/a><\/nav>\n<\/div><\/div>\n","protected":false},"excerpt":{"rendered":"","protected":false},"author":1,"featured_media":0,"parent":0,"menu_order":0,"comment_status":"closed","ping_status":"closed","template":"","meta":{"footnotes":""},"class_list":["post-375","page","type-page","status-publish","hentry"],"yoast_head":"<!-- This site is optimized with the Yoast SEO Premium plugin v21.1 (Yoast SEO v25.6) - https:\/\/yoast.com\/wordpress\/plugins\/seo\/ -->\n<title>Res\u00famenes - Blog de Educaci\u00f3n - Wuolah<\/title>\n<meta name=\"robots\" content=\"index, follow, max-snippet:-1, max-image-preview:large, max-video-preview:-1\" \/>\n<link rel=\"canonical\" href=\"https:\/\/wuolah.com\/blog\/resumenes\/\" \/>\n<meta property=\"og:locale\" content=\"es_ES\" \/>\n<meta property=\"og:type\" content=\"article\" \/>\n<meta property=\"og:title\" content=\"Res\u00famenes\" \/>\n<meta property=\"og:url\" content=\"https:\/\/wuolah.com\/blog\/resumenes\/\" \/>\n<meta property=\"og:site_name\" content=\"Blog de Educaci\u00f3n - Wuolah\" \/>\n<meta property=\"article:modified_time\" content=\"2023-10-02T10:30:14+00:00\" \/>\n<meta name=\"twitter:card\" content=\"summary_large_image\" \/>\n<meta name=\"twitter:label1\" content=\"Tiempo de lectura\" \/>\n\t<meta name=\"twitter:data1\" content=\"1 minuto\" \/>\n<script type=\"application\/ld+json\" class=\"yoast-schema-graph\">{\"@context\":\"https:\/\/schema.org\",\"@graph\":[{\"@type\":\"WebPage\",\"@id\":\"https:\/\/wuolah.com\/blog\/resumenes\/\",\"url\":\"https:\/\/wuolah.com\/blog\/resumenes\/\",\"name\":\"Res\u00famenes - Blog de Educaci\u00f3n - Wuolah\",\"isPartOf\":{\"@id\":\"https:\/\/wuolah.com\/blog\/#website\"},\"datePublished\":\"2023-09-29T10:40:01+00:00\",\"dateModified\":\"2023-10-02T10:30:14+00:00\",\"breadcrumb\":{\"@id\":\"https:\/\/wuolah.com\/blog\/resumenes\/#breadcrumb\"},\"inLanguage\":\"es\",\"potentialAction\":[{\"@type\":\"ReadAction\",\"target\":[\"https:\/\/wuolah.com\/blog\/resumenes\/\"]}]},{\"@type\":\"BreadcrumbList\",\"@id\":\"https:\/\/wuolah.com\/blog\/resumenes\/#breadcrumb\",\"itemListElement\":[{\"@type\":\"ListItem\",\"position\":1,\"name\":\"Home\",\"item\":\"https:\/\/wuolah.com\/blog\/\"},{\"@type\":\"ListItem\",\"position\":2,\"name\":\"Res\u00famenes\"}]},{\"@type\":\"WebSite\",\"@id\":\"https:\/\/wuolah.com\/blog\/#website\",\"url\":\"https:\/\/wuolah.com\/blog\/\",\"name\":\"Blog de Educaci\u00f3n - Wuolah\",\"description\":\"Descubres las ultimas tendencias de Educaci\u00f3n y descarga recursos gratuitos\",\"publisher\":{\"@id\":\"https:\/\/wuolah.com\/blog\/#organization\"},\"potentialAction\":[{\"@type\":\"SearchAction\",\"target\":{\"@type\":\"EntryPoint\",\"urlTemplate\":\"https:\/\/wuolah.com\/blog\/?s={search_term_string}\"},\"query-input\":{\"@type\":\"PropertyValueSpecification\",\"valueRequired\":true,\"valueName\":\"search_term_string\"}}],\"inLanguage\":\"es\"},{\"@type\":\"Organization\",\"@id\":\"https:\/\/wuolah.com\/blog\/#organization\",\"name\":\"Blog de Educaci\u00f3n - Wuolah\",\"url\":\"https:\/\/wuolah.com\/blog\/\",\"logo\":{\"@type\":\"ImageObject\",\"inLanguage\":\"es\",\"@id\":\"https:\/\/wuolah.com\/blog\/#\/schema\/logo\/image\/\",\"url\":\"https:\/\/wuolah.com\/blog\/wp-content\/uploads\/sites\/2\/2023\/09\/LOGOTIPO-black_con_margen-1.png\",\"contentUrl\":\"https:\/\/wuolah.com\/blog\/wp-content\/uploads\/sites\/2\/2023\/09\/LOGOTIPO-black_con_margen-1.png\",\"width\":6095,\"height\":2263,\"caption\":\"Blog de Educaci\u00f3n - Wuolah\"},\"image\":{\"@id\":\"https:\/\/wuolah.com\/blog\/#\/schema\/logo\/image\/\"}}]}<\/script>\n<!-- \/ Yoast SEO Premium plugin. -->","yoast_head_json":{"title":"Res\u00famenes - Blog de Educaci\u00f3n - Wuolah","robots":{"index":"index","follow":"follow","max-snippet":"max-snippet:-1","max-image-preview":"max-image-preview:large","max-video-preview":"max-video-preview:-1"},"canonical":"https:\/\/wuolah.com\/blog\/resumenes\/","og_locale":"es_ES","og_type":"article","og_title":"Res\u00famenes","og_url":"https:\/\/wuolah.com\/blog\/resumenes\/","og_site_name":"Blog de Educaci\u00f3n - Wuolah","article_modified_time":"2023-10-02T10:30:14+00:00","twitter_card":"summary_large_image","twitter_misc":{"Tiempo de lectura":"1 minuto"},"schema":{"@context":"https:\/\/schema.org","@graph":[{"@type":"WebPage","@id":"https:\/\/wuolah.com\/blog\/resumenes\/","url":"https:\/\/wuolah.com\/blog\/resumenes\/","name":"Res\u00famenes - Blog de Educaci\u00f3n - Wuolah","isPartOf":{"@id":"https:\/\/wuolah.com\/blog\/#website"},"datePublished":"2023-09-29T10:40:01+00:00","dateModified":"2023-10-02T10:30:14+00:00","breadcrumb":{"@id":"https:\/\/wuolah.com\/blog\/resumenes\/#breadcrumb"},"inLanguage":"es","potentialAction":[{"@type":"ReadAction","target":["https:\/\/wuolah.com\/blog\/resumenes\/"]}]},{"@type":"BreadcrumbList","@id":"https:\/\/wuolah.com\/blog\/resumenes\/#breadcrumb","itemListElement":[{"@type":"ListItem","position":1,"name":"Home","item":"https:\/\/wuolah.com\/blog\/"},{"@type":"ListItem","position":2,"name":"Res\u00famenes"}]},{"@type":"WebSite","@id":"https:\/\/wuolah.com\/blog\/#website","url":"https:\/\/wuolah.com\/blog\/","name":"Blog de Educaci\u00f3n - Wuolah","description":"Descubres las ultimas tendencias de Educaci\u00f3n y descarga recursos gratuitos","publisher":{"@id":"https:\/\/wuolah.com\/blog\/#organization"},"potentialAction":[{"@type":"SearchAction","target":{"@type":"EntryPoint","urlTemplate":"https:\/\/wuolah.com\/blog\/?s={search_term_string}"},"query-input":{"@type":"PropertyValueSpecification","valueRequired":true,"valueName":"search_term_string"}}],"inLanguage":"es"},{"@type":"Organization","@id":"https:\/\/wuolah.com\/blog\/#organization","name":"Blog de Educaci\u00f3n - Wuolah","url":"https:\/\/wuolah.com\/blog\/","logo":{"@type":"ImageObject","inLanguage":"es","@id":"https:\/\/wuolah.com\/blog\/#\/schema\/logo\/image\/","url":"https:\/\/wuolah.com\/blog\/wp-content\/uploads\/sites\/2\/2023\/09\/LOGOTIPO-black_con_margen-1.png","contentUrl":"https:\/\/wuolah.com\/blog\/wp-content\/uploads\/sites\/2\/2023\/09\/LOGOTIPO-black_con_margen-1.png","width":6095,"height":2263,"caption":"Blog de Educaci\u00f3n - Wuolah"},"image":{"@id":"https:\/\/wuolah.com\/blog\/#\/schema\/logo\/image\/"}}]}},"_links":{"self":[{"href":"https:\/\/wuolah.com\/blog\/wp-json\/wp\/v2\/pages\/375"}],"collection":[{"href":"https:\/\/wuolah.com\/blog\/wp-json\/wp\/v2\/pages"}],"about":[{"href":"https:\/\/wuolah.com\/blog\/wp-json\/wp\/v2\/types\/page"}],"author":[{"embeddable":true,"href":"https:\/\/wuolah.com\/blog\/wp-json\/wp\/v2\/users\/1"}],"replies":[{"embeddable":true,"href":"https:\/\/wuolah.com\/blog\/wp-json\/wp\/v2\/comments?post=375"}],"version-history":[{"count":1,"href":"https:\/\/wuolah.com\/blog\/wp-json\/wp\/v2\/pages\/375\/revisions"}],"predecessor-version":[{"id":378,"href":"https:\/\/wuolah.com\/blog\/wp-json\/wp\/v2\/pages\/375\/revisions\/378"}],"wp:attachment":[{"href":"https:\/\/wuolah.com\/blog\/wp-json\/wp\/v2\/media?parent=375"}],"curies":[{"name":"wp","href":"https:\/\/api.w.org\/{rel}","templated":true}]}}