{"id":12252,"date":"2024-12-02T10:45:19","date_gmt":"2024-12-02T10:45:19","guid":{"rendered":"https:\/\/wuolah.com\/brands\/?page_id=12252"},"modified":"2024-12-02T13:39:16","modified_gmt":"2024-12-02T13:39:16","slug":"observatoriogenz24","status":"publish","type":"page","link":"https:\/\/wuolah.com\/brands\/observatoriogenz24\/","title":{"rendered":"Observatorio de H\u00e1bitos de Consumo de la Gen Z de 2024"},"content":{"rendered":"\t\t<div data-elementor-type=\"wp-page\" data-elementor-id=\"12252\" class=\"elementor elementor-12252\" data-elementor-post-type=\"page\">\n\t\t\t\t<div class=\"elementor-element elementor-element-da32ed9 background e-flex e-con-boxed e-con e-parent\" data-id=\"da32ed9\" data-element_type=\"container\" data-e-type=\"container\" data-settings=\"{&quot;background_background&quot;:&quot;classic&quot;}\">\n\t\t\t\t\t<div class=\"e-con-inner\">\n\t\t<div class=\"elementor-element elementor-element-54ef332 e-con-full e-flex e-con e-child\" data-id=\"54ef332\" data-element_type=\"container\" data-e-type=\"container\">\n\t\t\t\t<div class=\"elementor-element elementor-element-b928827 elementor-widget elementor-widget-spacer\" data-id=\"b928827\" data-element_type=\"widget\" data-e-type=\"widget\" data-widget_type=\"spacer.default\">\n\t\t\t\t<div class=\"elementor-widget-container\">\n\t\t\t\t\t\t\t<div class=\"elementor-spacer\">\n\t\t\t<div class=\"elementor-spacer-inner\"><\/div>\n\t\t<\/div>\n\t\t\t\t\t\t<\/div>\n\t\t\t\t<\/div>\n\t\t<div class=\"elementor-element elementor-element-c7261a9 e-con-full e-flex e-con e-child\" data-id=\"c7261a9\" data-element_type=\"container\" data-e-type=\"container\">\n\t\t<div class=\"elementor-element elementor-element-a78d1a6 e-con-full e-flex e-con e-child\" data-id=\"a78d1a6\" data-element_type=\"container\" data-e-type=\"container\">\n\t\t\t\t<div class=\"elementor-element elementor-element-4be4b04 elementor-widget elementor-widget-heading\" data-id=\"4be4b04\" data-element_type=\"widget\" data-e-type=\"widget\" data-widget_type=\"heading.default\">\n\t\t\t\t<div class=\"elementor-widget-container\">\n\t\t\t\t\t<h1 class=\"elementor-heading-title elementor-size-default\">Descarga el Observatorio Gen Z 2024<\/h1>\t\t\t\t<\/div>\n\t\t\t\t<\/div>\n\t\t\t\t<div class=\"elementor-element elementor-element-4a58392 elementor-widget elementor-widget-text-editor\" data-id=\"4a58392\" data-element_type=\"widget\" data-e-type=\"widget\" data-widget_type=\"text-editor.default\">\n\t\t\t\t<div class=\"elementor-widget-container\">\n\t\t\t\t\t\t\t\t\t<p>A trav\u00e9s de este observatorio, descubrir\u00e1s c\u00f3mo esta generaci\u00f3n interact\u00faa con las marcas, qu\u00e9 formatos publicitarios logran enamorarlos y c\u00f3mo tu estrategia puede alinearse con sus valores.<\/p>\t\t\t\t\t\t\t\t<\/div>\n\t\t\t\t<\/div>\n\t\t\t\t<div class=\"elementor-element elementor-element-b98f2e9 elementor-mobile-align-center hs-cta-trigger-button hs-cta-trigger-button-183412439702 elementor-widget elementor-widget-button\" data-id=\"b98f2e9\" data-element_type=\"widget\" data-e-type=\"widget\" data-settings=\"{&quot;_animation&quot;:&quot;none&quot;,&quot;_animation_delay&quot;:&quot;600&quot;}\" data-widget_type=\"button.default\">\n\t\t\t\t<div class=\"elementor-widget-container\">\n\t\t\t\t\t\t\t\t\t<div class=\"elementor-button-wrapper\">\n\t\t\t\t\t<a class=\"elementor-button elementor-size-lg\" role=\"button\">\n\t\t\t\t\t\t<span class=\"elementor-button-content-wrapper\">\n\t\t\t\t\t\t\t\t\t<span class=\"elementor-button-text\">Descarga el informe<\/span>\n\t\t\t\t\t<\/span>\n\t\t\t\t\t<\/a>\n\t\t\t\t<\/div>\n\t\t\t\t\t\t\t\t<\/div>\n\t\t\t\t<\/div>\n\t\t\t\t<\/div>\n\t\t<div class=\"elementor-element elementor-element-54b2967 e-con-full e-flex e-con e-child\" data-id=\"54b2967\" data-element_type=\"container\" data-e-type=\"container\">\n\t\t\t\t<div class=\"elementor-element elementor-element-59541ed elementor-widget elementor-widget-image\" data-id=\"59541ed\" data-element_type=\"widget\" data-e-type=\"widget\" data-widget_type=\"image.default\">\n\t\t\t\t<div class=\"elementor-widget-container\">\n\t\t\t\t\t\t\t\t\t\t\t\t\t\t\t<img fetchpriority=\"high\" decoding=\"async\" width=\"462\" height=\"585\" src=\"https:\/\/wuolah.com\/brands\/wp-content\/uploads\/sites\/4\/2024\/12\/observatorio_gen_z_wuolah_2024.jpg\" class=\"attachment-full size-full wp-image-12272\" alt=\"\" srcset=\"https:\/\/wuolah.com\/brands\/wp-content\/uploads\/sites\/4\/2024\/12\/observatorio_gen_z_wuolah_2024.jpg 462w, https:\/\/wuolah.com\/brands\/wp-content\/uploads\/sites\/4\/2024\/12\/observatorio_gen_z_wuolah_2024-237x300.jpg 237w\" sizes=\"(max-width: 462px) 100vw, 462px\" \/>\t\t\t\t\t\t\t\t\t\t\t\t\t\t\t<\/div>\n\t\t\t\t<\/div>\n\t\t\t\t<\/div>\n\t\t\t\t<\/div>\n\t\t\t\t<div class=\"elementor-element elementor-element-1d18a13 elementor-widget elementor-widget-spacer\" data-id=\"1d18a13\" data-element_type=\"widget\" data-e-type=\"widget\" data-widget_type=\"spacer.default\">\n\t\t\t\t<div class=\"elementor-widget-container\">\n\t\t\t\t\t\t\t<div class=\"elementor-spacer\">\n\t\t\t<div class=\"elementor-spacer-inner\"><\/div>\n\t\t<\/div>\n\t\t\t\t\t\t<\/div>\n\t\t\t\t<\/div>\n\t\t\t\t<\/div>\n\t\t\t\t\t<\/div>\n\t\t\t\t<\/div>\n\t\t<div class=\"elementor-element elementor-element-e1cd5b3 e-flex e-con-boxed e-con e-parent\" data-id=\"e1cd5b3\" data-element_type=\"container\" data-e-type=\"container\">\n\t\t\t\t\t<div class=\"e-con-inner\">\n\t\t<div class=\"elementor-element elementor-element-03df1d9 e-con-full e-flex e-con e-child\" data-id=\"03df1d9\" data-element_type=\"container\" data-e-type=\"container\">\n\t\t\t\t<div class=\"elementor-element elementor-element-c7003e9 elementor-widget elementor-widget-spacer\" data-id=\"c7003e9\" data-element_type=\"widget\" data-e-type=\"widget\" data-widget_type=\"spacer.default\">\n\t\t\t\t<div class=\"elementor-widget-container\">\n\t\t\t\t\t\t\t<div class=\"elementor-spacer\">\n\t\t\t<div class=\"elementor-spacer-inner\"><\/div>\n\t\t<\/div>\n\t\t\t\t\t\t<\/div>\n\t\t\t\t<\/div>\n\t\t\t\t<div class=\"elementor-element elementor-element-876378c elementor-widget elementor-widget-heading\" data-id=\"876378c\" data-element_type=\"widget\" data-e-type=\"widget\" data-widget_type=\"heading.default\">\n\t\t\t\t<div class=\"elementor-widget-container\">\n\t\t\t\t\t<h2 class=\"elementor-heading-title elementor-size-default\">En este observatorio aprender\u00e1s<\/h2>\t\t\t\t<\/div>\n\t\t\t\t<\/div>\n\t\t\t\t<\/div>\n\t\t\t\t\t<\/div>\n\t\t\t\t<\/div>\n\t\t<div class=\"elementor-element elementor-element-1ea708e e-flex e-con-boxed e-con e-parent\" data-id=\"1ea708e\" data-element_type=\"container\" data-e-type=\"container\">\n\t\t\t\t\t<div class=\"e-con-inner\">\n\t\t<div class=\"elementor-element elementor-element-9ec0620 e-con-full e-flex e-con e-child\" data-id=\"9ec0620\" data-element_type=\"container\" data-e-type=\"container\">\n\t\t<div class=\"elementor-element elementor-element-0c55933 ventaja-1 e-con-full e-flex e-con e-child\" data-id=\"0c55933\" data-element_type=\"container\" data-e-type=\"container\" data-settings=\"{&quot;background_background&quot;:&quot;classic&quot;,&quot;animation&quot;:&quot;none&quot;}\">\n\t\t<div class=\"elementor-element elementor-element-c4e774a e-con-full e-flex e-con e-child\" data-id=\"c4e774a\" data-element_type=\"container\" data-e-type=\"container\">\n\t\t\t\t<div class=\"elementor-element elementor-element-73d3877 elementor-widget elementor-widget-text-editor\" data-id=\"73d3877\" data-element_type=\"widget\" data-e-type=\"widget\" data-widget_type=\"text-editor.default\">\n\t\t\t\t<div class=\"elementor-widget-container\">\n\t\t\t\t\t\t\t\t\tPor qu\u00e9 las nuevas generaciones buscan autenticidad\t\t\t\t\t\t\t\t<\/div>\n\t\t\t\t<\/div>\n\t\t\t\t<div class=\"elementor-element elementor-element-3d41771 elementor-widget elementor-widget-text-editor\" data-id=\"3d41771\" data-element_type=\"widget\" data-e-type=\"widget\" data-widget_type=\"text-editor.default\">\n\t\t\t\t<div class=\"elementor-widget-container\">\n\t\t\t\t\t\t\t\t\tAprende <strong>c\u00f3mo conectar con audiencias j\u00f3venes<\/strong> que priorizan mensajes reales y experiencias personalizadas.\t\t\t\t\t\t\t\t<\/div>\n\t\t\t\t<\/div>\n\t\t\t\t<\/div>\n\t\t\t\t<\/div>\n\t\t\t\t<\/div>\n\t\t<div class=\"elementor-element elementor-element-9725725 e-con-full e-flex e-con e-child\" data-id=\"9725725\" data-element_type=\"container\" data-e-type=\"container\">\n\t\t<div class=\"elementor-element elementor-element-7f0cdd8 ventaja-1 e-con-full e-flex e-con e-child\" data-id=\"7f0cdd8\" data-element_type=\"container\" data-e-type=\"container\" data-settings=\"{&quot;background_background&quot;:&quot;classic&quot;,&quot;animation&quot;:&quot;none&quot;}\">\n\t\t<div class=\"elementor-element elementor-element-87f4bcd e-con-full e-flex e-con e-child\" data-id=\"87f4bcd\" data-element_type=\"container\" data-e-type=\"container\">\n\t\t\t\t<div class=\"elementor-element elementor-element-356a1b9 elementor-widget elementor-widget-text-editor\" data-id=\"356a1b9\" data-element_type=\"widget\" data-e-type=\"widget\" data-widget_type=\"text-editor.default\">\n\t\t\t\t<div class=\"elementor-widget-container\">\n\t\t\t\t\t\t\t\t\tQu\u00e9 estrategias rompen con los modelos saturados\t\t\t\t\t\t\t\t<\/div>\n\t\t\t\t<\/div>\n\t\t\t\t<div class=\"elementor-element elementor-element-10905d4 elementor-widget elementor-widget-text-editor\" data-id=\"10905d4\" data-element_type=\"widget\" data-e-type=\"widget\" data-widget_type=\"text-editor.default\">\n\t\t\t\t<div class=\"elementor-widget-container\">\n\t\t\t\t\t\t\t\t\tDescubre <strong>c\u00f3mo la innovaci\u00f3n puede ayudart<\/strong>e a destacar frente a la competencia en mercados saturados.\t\t\t\t\t\t\t\t<\/div>\n\t\t\t\t<\/div>\n\t\t\t\t<\/div>\n\t\t\t\t<\/div>\n\t\t\t\t<\/div>\n\t\t<div class=\"elementor-element elementor-element-e90bee6 e-con-full e-flex e-con e-child\" data-id=\"e90bee6\" data-element_type=\"container\" data-e-type=\"container\">\n\t\t<div class=\"elementor-element elementor-element-85e54d4 ventaja-1 e-con-full e-flex e-con e-child\" data-id=\"85e54d4\" data-element_type=\"container\" data-e-type=\"container\" data-settings=\"{&quot;background_background&quot;:&quot;classic&quot;}\">\n\t\t<div class=\"elementor-element elementor-element-f8b2cf2 e-con-full e-flex e-con e-child\" data-id=\"f8b2cf2\" data-element_type=\"container\" data-e-type=\"container\">\n\t\t\t\t<div class=\"elementor-element elementor-element-6a15c22 elementor-widget elementor-widget-text-editor\" data-id=\"6a15c22\" data-element_type=\"widget\" data-e-type=\"widget\" data-widget_type=\"text-editor.default\">\n\t\t\t\t<div class=\"elementor-widget-container\">\n\t\t\t\t\t\t\t\t\tC\u00f3mo usar datos generacionales para destacar tu marca\t\t\t\t\t\t\t\t<\/div>\n\t\t\t\t<\/div>\n\t\t\t\t<div class=\"elementor-element elementor-element-32214b4 elementor-widget elementor-widget-text-editor\" data-id=\"32214b4\" data-element_type=\"widget\" data-e-type=\"widget\" data-widget_type=\"text-editor.default\">\n\t\t\t\t<div class=\"elementor-widget-container\">\n\t\t\t\t\t\t\t\t\tEntiende las tendencias clave para <strong>adaptar tus mensajes<\/strong> a los comportamientos de los nuevos consumidores.\t\t\t\t\t\t\t\t<\/div>\n\t\t\t\t<\/div>\n\t\t\t\t<\/div>\n\t\t\t\t<\/div>\n\t\t\t\t<\/div>\n\t\t\t\t\t<\/div>\n\t\t\t\t<\/div>\n\t\t<div class=\"elementor-element elementor-element-1ad46c5 e-flex e-con-boxed e-con e-parent\" data-id=\"1ad46c5\" data-element_type=\"container\" data-e-type=\"container\">\n\t\t\t\t\t<div class=\"e-con-inner\">\n\t\t\t\t<div class=\"elementor-element elementor-element-7c0e1f9 elementor-widget elementor-widget-spacer\" data-id=\"7c0e1f9\" data-element_type=\"widget\" data-e-type=\"widget\" data-widget_type=\"spacer.default\">\n\t\t\t\t<div class=\"elementor-widget-container\">\n\t\t\t\t\t\t\t<div class=\"elementor-spacer\">\n\t\t\t<div class=\"elementor-spacer-inner\"><\/div>\n\t\t<\/div>\n\t\t\t\t\t\t<\/div>\n\t\t\t\t<\/div>\n\t\t\t\t<div class=\"elementor-element elementor-element-46d7a7a elementor-mobile-align-center hs-cta-trigger-button hs-cta-trigger-button-183412439702 elementor-align-center elementor-widget elementor-widget-button\" data-id=\"46d7a7a\" data-element_type=\"widget\" data-e-type=\"widget\" data-settings=\"{&quot;_animation&quot;:&quot;none&quot;,&quot;_animation_delay&quot;:&quot;600&quot;}\" data-widget_type=\"button.default\">\n\t\t\t\t<div class=\"elementor-widget-container\">\n\t\t\t\t\t\t\t\t\t<div class=\"elementor-button-wrapper\">\n\t\t\t\t\t<a class=\"elementor-button elementor-size-lg\" role=\"button\">\n\t\t\t\t\t\t<span class=\"elementor-button-content-wrapper\">\n\t\t\t\t\t\t\t\t\t<span class=\"elementor-button-text\">Descarga el informe<\/span>\n\t\t\t\t\t<\/span>\n\t\t\t\t\t<\/a>\n\t\t\t\t<\/div>\n\t\t\t\t\t\t\t\t<\/div>\n\t\t\t\t<\/div>\n\t\t\t\t<div class=\"elementor-element elementor-element-17541e9 elementor-widget elementor-widget-spacer\" data-id=\"17541e9\" data-element_type=\"widget\" data-e-type=\"widget\" data-widget_type=\"spacer.default\">\n\t\t\t\t<div class=\"elementor-widget-container\">\n\t\t\t\t\t\t\t<div class=\"elementor-spacer\">\n\t\t\t<div class=\"elementor-spacer-inner\"><\/div>\n\t\t<\/div>\n\t\t\t\t\t\t<\/div>\n\t\t\t\t<\/div>\n\t\t\t\t\t<\/div>\n\t\t\t\t<\/div>\n\t\t\t\t<\/div>\n\t\t","protected":false},"excerpt":{"rendered":"<p>Descarga el Observatorio Gen Z 2024 A trav\u00e9s de este observatorio, descubrir\u00e1s c\u00f3mo esta generaci\u00f3n interact\u00faa con las marcas, qu\u00e9 formatos publicitarios logran enamorarlos y c\u00f3mo tu estrategia puede alinearse con sus valores. Descarga el informe En este observatorio aprender\u00e1s Por qu\u00e9 las nuevas generaciones buscan autenticidadAprende c\u00f3mo conectar con audiencias j\u00f3venes que priorizan mensajes [&hellip;]<\/p>\n","protected":false},"author":8,"featured_media":12272,"parent":0,"menu_order":0,"comment_status":"closed","ping_status":"closed","template":"","meta":{"content-type":"","footnotes":""},"class_list":["post-12252","page","type-page","status-publish","has-post-thumbnail","hentry"],"yoast_head":"<!-- This site is optimized with the Yoast SEO plugin v25.6 - https:\/\/yoast.com\/wordpress\/plugins\/seo\/ -->\n<title>Observatorio de H\u00e1bitos de Consumo de la Gen Z de 2024 - Wuolah Brands<\/title>\n<meta name=\"description\" content=\"Conoce a la Gen Z. Descarga el informe sobre sus h\u00e1bitos de consumo y adapta tu estrategia de negocio a las tendencias actuales.\" \/>\n<meta name=\"robots\" content=\"index, follow, max-snippet:-1, max-image-preview:large, max-video-preview:-1\" \/>\n<link rel=\"canonical\" href=\"https:\/\/wuolah.com\/brands\/observatoriogenz24\/\" \/>\n<meta property=\"og:locale\" content=\"es_ES\" \/>\n<meta property=\"og:type\" content=\"article\" \/>\n<meta property=\"og:title\" content=\"Observatorio de H\u00e1bitos de Consumo de la Gen Z de 2024 - Wuolah Brands\" \/>\n<meta property=\"og:description\" content=\"Conoce a la Gen Z. Descarga el informe sobre sus h\u00e1bitos de consumo y adapta tu estrategia de negocio a las tendencias actuales.\" \/>\n<meta property=\"og:url\" content=\"https:\/\/wuolah.com\/brands\/observatoriogenz24\/\" \/>\n<meta property=\"og:site_name\" content=\"Wuolah Brands\" \/>\n<meta property=\"article:modified_time\" content=\"2024-12-02T13:39:16+00:00\" \/>\n<meta property=\"og:image\" content=\"https:\/\/wuolah.com\/brands\/wp-content\/uploads\/sites\/4\/2024\/12\/observatorio_gen_z_wuolah_2024.jpg\" \/>\n\t<meta property=\"og:image:width\" content=\"462\" \/>\n\t<meta property=\"og:image:height\" content=\"585\" \/>\n\t<meta property=\"og:image:type\" content=\"image\/jpeg\" \/>\n<meta name=\"twitter:card\" content=\"summary_large_image\" \/>\n<meta name=\"twitter:label1\" content=\"Tiempo de lectura\" \/>\n\t<meta name=\"twitter:data1\" content=\"1 minuto\" \/>\n<script type=\"application\/ld+json\" class=\"yoast-schema-graph\">{\"@context\":\"https:\/\/schema.org\",\"@graph\":[{\"@type\":\"WebPage\",\"@id\":\"https:\/\/wuolah.com\/brands\/observatoriogenz24\/\",\"url\":\"https:\/\/wuolah.com\/brands\/observatoriogenz24\/\",\"name\":\"Observatorio de H\u00e1bitos de Consumo de la Gen Z de 2024 - Wuolah Brands\",\"isPartOf\":{\"@id\":\"https:\/\/wuolah.com\/brands\/#website\"},\"primaryImageOfPage\":{\"@id\":\"https:\/\/wuolah.com\/brands\/observatoriogenz24\/#primaryimage\"},\"image\":{\"@id\":\"https:\/\/wuolah.com\/brands\/observatoriogenz24\/#primaryimage\"},\"thumbnailUrl\":\"https:\/\/wuolah.com\/brands\/wp-content\/uploads\/sites\/4\/2024\/12\/observatorio_gen_z_wuolah_2024.jpg\",\"datePublished\":\"2024-12-02T10:45:19+00:00\",\"dateModified\":\"2024-12-02T13:39:16+00:00\",\"description\":\"Conoce a la Gen Z. Descarga el informe sobre sus h\u00e1bitos de consumo y adapta tu estrategia de negocio a las tendencias actuales.\",\"breadcrumb\":{\"@id\":\"https:\/\/wuolah.com\/brands\/observatoriogenz24\/#breadcrumb\"},\"inLanguage\":\"es\",\"potentialAction\":[{\"@type\":\"ReadAction\",\"target\":[\"https:\/\/wuolah.com\/brands\/observatoriogenz24\/\"]}]},{\"@type\":\"ImageObject\",\"inLanguage\":\"es\",\"@id\":\"https:\/\/wuolah.com\/brands\/observatoriogenz24\/#primaryimage\",\"url\":\"https:\/\/wuolah.com\/brands\/wp-content\/uploads\/sites\/4\/2024\/12\/observatorio_gen_z_wuolah_2024.jpg\",\"contentUrl\":\"https:\/\/wuolah.com\/brands\/wp-content\/uploads\/sites\/4\/2024\/12\/observatorio_gen_z_wuolah_2024.jpg\",\"width\":462,\"height\":585},{\"@type\":\"BreadcrumbList\",\"@id\":\"https:\/\/wuolah.com\/brands\/observatoriogenz24\/#breadcrumb\",\"itemListElement\":[{\"@type\":\"ListItem\",\"position\":1,\"name\":\"Portada\",\"item\":\"https:\/\/wuolah.com\/brands\/\"},{\"@type\":\"ListItem\",\"position\":2,\"name\":\"Observatorio de H\u00e1bitos de Consumo de la Gen Z de 2024\"}]},{\"@type\":\"WebSite\",\"@id\":\"https:\/\/wuolah.com\/brands\/#website\",\"url\":\"https:\/\/wuolah.com\/brands\/\",\"name\":\"Wuolah Brands\",\"description\":\"\",\"publisher\":{\"@id\":\"https:\/\/wuolah.com\/brands\/#organization\"},\"potentialAction\":[{\"@type\":\"SearchAction\",\"target\":{\"@type\":\"EntryPoint\",\"urlTemplate\":\"https:\/\/wuolah.com\/brands\/?s={search_term_string}\"},\"query-input\":{\"@type\":\"PropertyValueSpecification\",\"valueRequired\":true,\"valueName\":\"search_term_string\"}}],\"inLanguage\":\"es\"},{\"@type\":\"Organization\",\"@id\":\"https:\/\/wuolah.com\/brands\/#organization\",\"name\":\"Wuolah Brands\",\"url\":\"https:\/\/wuolah.com\/brands\/\",\"logo\":{\"@type\":\"ImageObject\",\"inLanguage\":\"es\",\"@id\":\"https:\/\/wuolah.com\/brands\/#\/schema\/logo\/image\/\",\"url\":\"https:\/\/wuolah.com\/brands\/wp-content\/uploads\/sites\/4\/2024\/05\/Logo-Wuolah-anuncios.png\",\"contentUrl\":\"https:\/\/wuolah.com\/brands\/wp-content\/uploads\/sites\/4\/2024\/05\/Logo-Wuolah-anuncios.png\",\"width\":378,\"height\":60,\"caption\":\"Wuolah Brands\"},\"image\":{\"@id\":\"https:\/\/wuolah.com\/brands\/#\/schema\/logo\/image\/\"}}]}<\/script>\n<!-- \/ Yoast SEO plugin. -->","yoast_head_json":{"title":"Observatorio de H\u00e1bitos de Consumo de la Gen Z de 2024 - Wuolah Brands","description":"Conoce a la Gen Z. Descarga el informe sobre sus h\u00e1bitos de consumo y adapta tu estrategia de negocio a las tendencias actuales.","robots":{"index":"index","follow":"follow","max-snippet":"max-snippet:-1","max-image-preview":"max-image-preview:large","max-video-preview":"max-video-preview:-1"},"canonical":"https:\/\/wuolah.com\/brands\/observatoriogenz24\/","og_locale":"es_ES","og_type":"article","og_title":"Observatorio de H\u00e1bitos de Consumo de la Gen Z de 2024 - Wuolah Brands","og_description":"Conoce a la Gen Z. Descarga el informe sobre sus h\u00e1bitos de consumo y adapta tu estrategia de negocio a las tendencias actuales.","og_url":"https:\/\/wuolah.com\/brands\/observatoriogenz24\/","og_site_name":"Wuolah Brands","article_modified_time":"2024-12-02T13:39:16+00:00","og_image":[{"width":462,"height":585,"url":"https:\/\/wuolah.com\/brands\/wp-content\/uploads\/sites\/4\/2024\/12\/observatorio_gen_z_wuolah_2024.jpg","type":"image\/jpeg"}],"twitter_card":"summary_large_image","twitter_misc":{"Tiempo de lectura":"1 minuto"},"schema":{"@context":"https:\/\/schema.org","@graph":[{"@type":"WebPage","@id":"https:\/\/wuolah.com\/brands\/observatoriogenz24\/","url":"https:\/\/wuolah.com\/brands\/observatoriogenz24\/","name":"Observatorio de H\u00e1bitos de Consumo de la Gen Z de 2024 - Wuolah Brands","isPartOf":{"@id":"https:\/\/wuolah.com\/brands\/#website"},"primaryImageOfPage":{"@id":"https:\/\/wuolah.com\/brands\/observatoriogenz24\/#primaryimage"},"image":{"@id":"https:\/\/wuolah.com\/brands\/observatoriogenz24\/#primaryimage"},"thumbnailUrl":"https:\/\/wuolah.com\/brands\/wp-content\/uploads\/sites\/4\/2024\/12\/observatorio_gen_z_wuolah_2024.jpg","datePublished":"2024-12-02T10:45:19+00:00","dateModified":"2024-12-02T13:39:16+00:00","description":"Conoce a la Gen Z. Descarga el informe sobre sus h\u00e1bitos de consumo y adapta tu estrategia de negocio a las tendencias actuales.","breadcrumb":{"@id":"https:\/\/wuolah.com\/brands\/observatoriogenz24\/#breadcrumb"},"inLanguage":"es","potentialAction":[{"@type":"ReadAction","target":["https:\/\/wuolah.com\/brands\/observatoriogenz24\/"]}]},{"@type":"ImageObject","inLanguage":"es","@id":"https:\/\/wuolah.com\/brands\/observatoriogenz24\/#primaryimage","url":"https:\/\/wuolah.com\/brands\/wp-content\/uploads\/sites\/4\/2024\/12\/observatorio_gen_z_wuolah_2024.jpg","contentUrl":"https:\/\/wuolah.com\/brands\/wp-content\/uploads\/sites\/4\/2024\/12\/observatorio_gen_z_wuolah_2024.jpg","width":462,"height":585},{"@type":"BreadcrumbList","@id":"https:\/\/wuolah.com\/brands\/observatoriogenz24\/#breadcrumb","itemListElement":[{"@type":"ListItem","position":1,"name":"Portada","item":"https:\/\/wuolah.com\/brands\/"},{"@type":"ListItem","position":2,"name":"Observatorio de H\u00e1bitos de Consumo de la Gen Z de 2024"}]},{"@type":"WebSite","@id":"https:\/\/wuolah.com\/brands\/#website","url":"https:\/\/wuolah.com\/brands\/","name":"Wuolah Brands","description":"","publisher":{"@id":"https:\/\/wuolah.com\/brands\/#organization"},"potentialAction":[{"@type":"SearchAction","target":{"@type":"EntryPoint","urlTemplate":"https:\/\/wuolah.com\/brands\/?s={search_term_string}"},"query-input":{"@type":"PropertyValueSpecification","valueRequired":true,"valueName":"search_term_string"}}],"inLanguage":"es"},{"@type":"Organization","@id":"https:\/\/wuolah.com\/brands\/#organization","name":"Wuolah Brands","url":"https:\/\/wuolah.com\/brands\/","logo":{"@type":"ImageObject","inLanguage":"es","@id":"https:\/\/wuolah.com\/brands\/#\/schema\/logo\/image\/","url":"https:\/\/wuolah.com\/brands\/wp-content\/uploads\/sites\/4\/2024\/05\/Logo-Wuolah-anuncios.png","contentUrl":"https:\/\/wuolah.com\/brands\/wp-content\/uploads\/sites\/4\/2024\/05\/Logo-Wuolah-anuncios.png","width":378,"height":60,"caption":"Wuolah Brands"},"image":{"@id":"https:\/\/wuolah.com\/brands\/#\/schema\/logo\/image\/"}}]}},"_links":{"self":[{"href":"https:\/\/wuolah.com\/brands\/wp-json\/wp\/v2\/pages\/12252"}],"collection":[{"href":"https:\/\/wuolah.com\/brands\/wp-json\/wp\/v2\/pages"}],"about":[{"href":"https:\/\/wuolah.com\/brands\/wp-json\/wp\/v2\/types\/page"}],"author":[{"embeddable":true,"href":"https:\/\/wuolah.com\/brands\/wp-json\/wp\/v2\/users\/8"}],"replies":[{"embeddable":true,"href":"https:\/\/wuolah.com\/brands\/wp-json\/wp\/v2\/comments?post=12252"}],"version-history":[{"count":30,"href":"https:\/\/wuolah.com\/brands\/wp-json\/wp\/v2\/pages\/12252\/revisions"}],"predecessor-version":[{"id":12288,"href":"https:\/\/wuolah.com\/brands\/wp-json\/wp\/v2\/pages\/12252\/revisions\/12288"}],"wp:featuredmedia":[{"embeddable":true,"href":"https:\/\/wuolah.com\/brands\/wp-json\/wp\/v2\/media\/12272"}],"wp:attachment":[{"href":"https:\/\/wuolah.com\/brands\/wp-json\/wp\/v2\/media?parent=12252"}],"curies":[{"name":"wp","href":"https:\/\/api.w.org\/{rel}","templated":true}]}}