{"id":3,"date":"2020-10-27T09:00:50","date_gmt":"2020-10-27T09:00:50","guid":{"rendered":"https:\/\/brands.wuolah.com\/?page_id=3"},"modified":"2020-10-27T09:00:50","modified_gmt":"2020-10-27T09:00:50","slug":"politica-privacidad-cookies","status":"publish","type":"page","link":"https:\/\/wuolah.com\/brands\/politica-privacidad-cookies\/","title":{"rendered":"POL\u00cdTICA DE PRIVACIDAD Y COOKIES"},"content":{"rendered":"\n<p>Esta es la Pol\u00edtica de Privacidad de WUOLAH BRANDS\/WUOLAH, que es aplicable al tratamiento de datos personales que realizamos a trav\u00e9s nuestra p\u00e1gina Web y App(s), y que forma parte integrante de nuestro&nbsp;<strong><u>Acuerdo de Usuario.<\/u><\/strong><\/p>\n\n\n\n<p>WUOLAH respeta y protege la privacidad. A continuaci\u00f3n detallamos c\u00f3mo tratamos tus datos personales.<\/p>\n\n\n\n<p>WUOLADS, S.L. (en adelante \u201cWUOLAH\u201d), con CIF: B-90234097, estamos situados en la Calle Americo Vespucio 5 2\u00b0 planta bloque D Puerta 1 , 41092 de Sevilla (Sevilla), Espa\u00f1a.<\/p>\n\n\n\n<p>Tel\u00e9fono de contacto: 645610987<\/p>\n\n\n\n<p>Correo de contacto: info@wuolah.com<\/p>\n\n\n\n<p><strong>PROTECCI\u00d3N DE DATOS<\/strong><\/p>\n\n\n\n<p><strong>Normativa aplicable y principios de Protecci\u00f3n de Datos Personales<\/strong><\/p>\n\n\n\n<p>La recogida de datos personales, el tratamiento y su utilizaci\u00f3n posterior por parte de WUOLAH est\u00e1 sujeta al Reglamento UE 2016\/671 General de Protecci\u00f3n de Datos, de fecha 27 de abril de 2016 (en adelante, por sus siglas en ingl\u00e9s, el GDPR), y a la normativa espa\u00f1ola que desarrolle el GDPR a partir de su fecha de aplicaci\u00f3n el 25 de mayo de 2018;<\/p>\n\n\n\n<p>En WUOLAH tratamos los datos personales de nuestros Usuarios con arreglo a los siguientes principios (establecidos en dicha normativa):<\/p>\n\n\n\n<ul class=\"wp-block-list\"><li>a. Tratar los datos del usuario con&nbsp;<strong><u>licitud, lealtad y transparencia.<\/u><\/strong><\/li><li>b. Tratar los datos de forma&nbsp;<strong><u>limitada a la finalidad<\/u>&nbsp;por la que fueron recogidos.<\/strong><\/li><li>c.&nbsp;<strong><u>Minimizaci\u00f3n de datos:<\/u><\/strong>&nbsp;Tratar datos adecuados, pertinentes y limitados a lo necesario.<\/li><li>d.&nbsp;<strong><u>Exactitud:<\/u><\/strong>&nbsp;Tratar datos exactos y, cuando es necesario, actualizados.<\/li><li>e.&nbsp;<strong><u>Limitaci\u00f3n del plazo de conservaci\u00f3n<\/u><\/strong>&nbsp;(no m\u00e1s del tiempo necesario para los fines).<\/li><li>e.&nbsp;<strong><u>Integridad y confidencialidad<\/u><\/strong>&nbsp;(garantizando un nivel de seguridad adecuado).<\/li><\/ul>\n\n\n\n<p><strong>\u00bfPara qu\u00e9 utilizamos tus datos personales?<\/strong><\/p>\n\n\n\n<p>WUOLAH \u00fanicamente utiliza tus datos personales para las siguientes finalidades:<\/p>\n\n\n\n<p>1. para prestarte los servicios de WUOLAH BRANDS y puedas consultar la publicidad disponible para tu negocio;<\/p>\n\n\n\n<p>2. para atender tus peticiones o dudas, gestionar todas las comunicaciones y proporcionarte toda la informaci\u00f3n que nos solicites;<\/p>\n\n\n\n<p>3. mantenerte informado\/a sobre nuestros servicios y promociones;<\/p>\n\n\n\n<p>4. para que puedas anunciarte en nuestro sistema de apuntes y poder llegar a obtener una compensaci\u00f3n econ\u00f3mica en funci\u00f3n del n\u00famero de usuarios de Wuolah que interact\u00faen con tus anuncios.<\/p>\n\n\n\n<p>5. para poder facilitarte promociones personalizadas con terceras empresas.<\/p>\n\n\n\n<p>6. cuando tenemos tu consentimiento, facilitarte publicidad de productos o servicios de terceras empresas relacionadas con nosotros, con tus intereses y nuestros servicios, y cualquier otro producto o servicio de WUOLAH y WUOLAH BRANDS.<\/p>\n\n\n\n<p>7. para la realizar estad\u00edsticas, conocer el tr\u00e1fico y utilizaci\u00f3n de nuestras webs, APPs o dem\u00e1s plataformas de WUOLAH, como la determinaci\u00f3n de tus gustos y preferencias.<\/p>\n\n\n\n<p>8. para poder mostrarte informaci\u00f3n promocional o publicidad de nuestros servicios, de acuerdo con tus intereses.[EC2]<\/p>\n\n\n\n<p><strong>\u00bfC\u00f3mo recogemos los datos personales de nuestros Usuarios?<\/strong><\/p>\n\n\n\n<p>En WUOLAH solo recogemos y tratamos datos personales cuando tenemos tu consentimiento o cuando es necesario para prestarte nuestros servicios en base al cumplimiento de nuestros contratos y obligaciones legales, siendo estas las bases legales que nos permiten tratar tus datos.<\/p>\n\n\n\n<p>Por ello, recabamos los datos que voluntariamente nos facilitas al rellenar los formularios en nuestra Web y\/o Aplicaci\u00f3n que ponemos a tu disposici\u00f3n seg\u00fan te identifiques en cada momento.<\/p>\n\n\n\n<p><strong>\u00bfY si te registras con tus redes sociales?<\/strong><\/p>\n\n\n\n<p>El registro con Facebook o Google solo sirve para cumplimentar el formulario de registro. Por ello, si te registras usando Facebook o Google, WUOLAH solo tratar\u00e1 los datos necesarios para el registro, garantizando que no usaremos ni almacenaremos m\u00e1s datos de tus redes sociales.<\/p>\n\n\n\n<p><strong>\u00bfCu\u00e1les son nuestras bases legales?<\/strong><\/p>\n\n\n\n<p>En WUOLAH solo tratamos datos personales cuando disponemos de una base jur\u00eddica que fundamenta el tratamiento:<\/p>\n\n\n\n<ul class=\"wp-block-list\"><li>Cuando disponemos del&nbsp;<strong><u>consentimiento expl\u00edcito<\/u><\/strong>&nbsp;del interesado de acuerdo con los requisitos legales; y\/o<\/li><li>Cuando el tratamiento es necesario para la satisfacci\u00f3n de nuestros&nbsp;<strong><u>intereses leg\u00edtimos<\/u><\/strong>, cuando se manifiesta de una voluntad clara de nuestros usuarios, prevaleciendo siempre los derechos de privacidad de los Usuarios.<\/li><li>Cuando el tratamiento es necesario para&nbsp;<strong><u>ejecutar un contrato<\/u><\/strong>; y\/o<\/li><li>Cuando estamos&nbsp;<strong><u>legalmente obligados a ello.<\/u><\/strong><\/li><\/ul>\n\n\n\n<p><strong>\u00bfCon qu\u00e9 terceros compartimos tus datos personales?<\/strong><\/p>\n\n\n\n<p>Para poder ofrecerte nuestros servicios, de acuerdo con las finalidades indicadas arriba, WUOLAH compartir\u00e1 tus datos personales con:<\/p>\n\n\n\n<ul class=\"wp-block-list\"><li>con nuestros proveedores, con el fin de asegurar el mejor servicio, asegurando que garantizan la seguridad adecuada para tus datos personales.<\/li><li>con terceras empresas que colaboren o participen en promociones de WUOLAH, si as\u00ed nos autorizas expresamente con tu consentimiento.<\/li><\/ul>\n\n\n\n<p><strong>\u00bfQu\u00e9 derechos tienes como usuario de WUOLAH en materia de privacidad y c\u00f3mo ejercitarlos?<\/strong><\/p>\n\n\n\n<p>Como Usuario de WUOLAH puedes ejercitar tus derechos de privacidad en cualquier momento y de forma gratuita seg\u00fan establece la normativa aplicable, tales como:<\/p>\n\n\n\n<p>1. conocer qu\u00e9 datos de car\u00e1cter personal del Usuario han sido recabados y tratados por WUOLAH, para qu\u00e9 finalidades y con qu\u00e9 terceros destinatarios se comparten dichos datos;<\/p>\n\n\n\n<p>2. obtener una copia de dichos datos (la segunda y sucesivas copias pueden generar costes administrativos);<\/p>\n\n\n\n<p>3. solicitar la rectificaci\u00f3n de los datos personales inexactos que le conciernan, o a que se completen aquellos que sean incompletos;<\/p>\n\n\n\n<p>4. solicitar la supresi\u00f3n de los datos personales que le conciernan cuando dejen de ser necesarios en relaci\u00f3n con los fines para los que fueron recogidos;<\/p>\n\n\n\n<p>5. solicitar la limitaci\u00f3n del tratamiento de datos personales relativos al Usuario, en tanto se verifica su potencial inexactitud y dem\u00e1s supuestos previstos en la normativa aplicable;<\/p>\n\n\n\n<p>6. el derecho a que sus datos personales sean transmitidos a otra empresa en un formato com\u00fan estructurado (derecho a la portabilidad de los datos); o<\/p>\n\n\n\n<p>7. el derecho a oponerse a dicho tratamiento de sus datos personales por parte de WUOLAH.<\/p>\n\n\n\n<p>Para el ejercicio de estos derechos puedes dirigirte a&nbsp;<strong><u>nuestra Oficina de Privacidad<\/u><\/strong>&nbsp;escribiendo a la siguiente direcci\u00f3n de correo electr\u00f3nico: info@wuolah.com. [EC4]<\/p>\n\n\n\n<p><strong>Compromiso de veracidad de los datos<\/strong><\/p>\n\n\n\n<p>Recordamos que el usuario es responsable de la informaci\u00f3n facilitada y responde de su adecuaci\u00f3n y veracidad.<\/p>\n\n\n\n<p>Por ello, WUOLAH no ser\u00e1 responsable de aquellos datos que no sean verdaderos, adecuados y\/o veraces.<\/p>\n\n\n\n<p><strong>Cambios en la pol\u00edtica de tratamiento<\/strong><\/p>\n\n\n\n<p>WUOLAH se reserva el derecho de modificar en cualquier momento su pol\u00edtica de privacidad y tratamiento. En cualquier caso, WUOLAH siempre reflejar\u00e1 todos los cambios de forma transparente y visible en esta pol\u00edtica de privacidad.<\/p>\n\n\n\n<hr class=\"wp-block-separator\" \/>\n\n\n\n<h3 class=\"wp-block-heading\">Cookies<\/h3>\n\n\n\n<p>Si deja un comentario en nuestro sitio, puede optar por guardar su nombre, direcci\u00f3n de correo electr\u00f3nico y sitio web en cookies. Estos son para su conveniencia para que no tenga que volver a completar sus datos cuando deje otro comentario. Estas cookies durar\u00e1n un a\u00f1o.<\/p>\n\n\n\n<p>Si visita nuestra p\u00e1gina de inicio de sesi\u00f3n, configuraremos una cookie temporal para determinar si su navegador acepta cookies. Esta cookie no contiene datos personales y se descarta cuando cierra su navegador.<\/p>\n\n\n\n<p>Cuando inicie sesi\u00f3n, tambi\u00e9n configuraremos varias cookies para guardar su informaci\u00f3n de inicio de sesi\u00f3n y sus opciones de visualizaci\u00f3n de pantalla. Las cookies de inicio de sesi\u00f3n duran dos d\u00edas y las cookies de opciones de pantalla duran un a\u00f1o. Si selecciona \u00abRecordarme\u00bb, su inicio de sesi\u00f3n persistir\u00e1 durante dos semanas. Si cierra sesi\u00f3n en su cuenta, se eliminar\u00e1n las cookies de inicio de sesi\u00f3n.<\/p>\n\n\n\n<p>Si edita o publica un art\u00edculo, se guardar\u00e1 una cookie adicional en su navegador. Esta cookie no incluye datos personales y simplemente indica el ID de publicaci\u00f3n del art\u00edculo que acaba de editar. Caduca despu\u00e9s de 1 d\u00eda.<\/p>\n\n\n\n<h3 class=\"wp-block-heading\">Contenido incrustado de otros sitios web<\/h3>\n\n\n\n<p>Los art\u00edculos de este sitio pueden incluir contenido incrustado (por ejemplo, videos, im\u00e1genes, art\u00edculos, etc.). El contenido incrustado de otros sitios web se comporta exactamente de la misma manera que si el visitante hubiera visitado el otro sitio web.<\/p>\n\n\n\n<p>Estos sitios web pueden recopilar datos sobre usted, utilizar cookies, incrustar un seguimiento adicional de terceros y supervisar su interacci\u00f3n con ese contenido incrustado, incluido el seguimiento de su interacci\u00f3n con el contenido incrustado si tiene una cuenta y ha iniciado sesi\u00f3n en ese sitio web.<\/p>\n\n\n\n<h3 class=\"wp-block-heading\">Anal\u00edtica Digital<\/h3>\n\n\n\n<h2 class=\"wp-block-heading\">Con qui\u00e9n compartimos sus datos<\/h2>\n\n\n\n<h2 class=\"wp-block-heading\">Cu\u00e1nto tiempo conservamos sus datos<\/h2>\n\n\n\n<p>Si deja un comentario, el comentario y sus metadatos se conservan indefinidamente. Esto es para que podamos reconocer y aprobar cualquier comentario de seguimiento autom\u00e1ticamente en lugar de mantenerlos en una cola de moderaci\u00f3n.<\/p>\n\n\n\n<p>Para los usuarios que se registran en nuestro sitio web (si corresponde), tambi\u00e9n almacenamos la informaci\u00f3n personal que proporcionan en su perfil de usuario. Todos los usuarios pueden ver, editar o eliminar su informaci\u00f3n personal en cualquier momento (excepto que no pueden cambiar su nombre de usuario). Los administradores del sitio web tambi\u00e9n pueden ver y editar esa informaci\u00f3n.<\/p>\n\n\n\n<h2 class=\"wp-block-heading\">Que derechos tienes sobre tus datos<\/h2>\n\n\n\n<p>Si tiene una cuenta en este sitio o ha dejado comentarios, puede solicitar recibir un archivo exportado de los datos personales que tenemos sobre usted, incluidos los datos que nos haya proporcionado. Tambi\u00e9n puede solicitar que borremos cualquier dato personal que tengamos sobre usted. Esto no incluye ning\u00fan dato que estemos obligados a conservar con fines administrativos, legales o de seguridad.<\/p>\n\n\n\n<h2 class=\"wp-block-heading\">Donde enviamos sus datos<\/h2>\n\n\n\n<p>Los comentarios de los visitantes se pueden verificar a trav\u00e9s de un servicio autom\u00e1tico de detecci\u00f3n de spam.<\/p>\n","protected":false},"excerpt":{"rendered":"<p>Esta es la Pol\u00edtica de Privacidad de WUOLAH BRANDS\/WUOLAH, que es aplicable al tratamiento de datos personales que realizamos a trav\u00e9s nuestra p\u00e1gina Web y App(s), y que forma parte integrante de nuestro&nbsp;Acuerdo de Usuario. WUOLAH respeta y protege la privacidad. A continuaci\u00f3n detallamos c\u00f3mo tratamos tus datos personales. WUOLADS, S.L. (en adelante \u201cWUOLAH\u201d), con [&hellip;]<\/p>\n","protected":false},"author":8,"featured_media":0,"parent":0,"menu_order":0,"comment_status":"closed","ping_status":"open","template":"","meta":{"content-type":"","footnotes":""},"class_list":["post-3","page","type-page","status-publish","hentry"],"yoast_head":"<!-- This site is optimized with the Yoast SEO plugin v25.6 - https:\/\/yoast.com\/wordpress\/plugins\/seo\/ -->\n<title>POL\u00cdTICA DE PRIVACIDAD Y COOKIES - Wuolah Brands<\/title>\n<meta name=\"robots\" content=\"noindex, nofollow\" \/>\n<meta property=\"og:locale\" content=\"es_ES\" \/>\n<meta property=\"og:type\" content=\"article\" \/>\n<meta property=\"og:title\" content=\"POL\u00cdTICA DE PRIVACIDAD Y COOKIES - Wuolah Brands\" \/>\n<meta property=\"og:description\" content=\"Esta es la Pol\u00edtica de Privacidad de WUOLAH BRANDS\/WUOLAH, que es aplicable al tratamiento de datos personales que realizamos a trav\u00e9s nuestra p\u00e1gina Web y App(s), y que forma parte integrante de nuestro&nbsp;Acuerdo de Usuario. WUOLAH respeta y protege la privacidad. A continuaci\u00f3n detallamos c\u00f3mo tratamos tus datos personales. WUOLADS, S.L. (en adelante \u201cWUOLAH\u201d), con [&hellip;]\" \/>\n<meta property=\"og:url\" content=\"https:\/\/wuolah.com\/brands\/politica-privacidad-cookies\/\" \/>\n<meta property=\"og:site_name\" content=\"Wuolah Brands\" \/>\n<meta name=\"twitter:card\" content=\"summary_large_image\" \/>\n<meta name=\"twitter:label1\" content=\"Tiempo de lectura\" \/>\n\t<meta name=\"twitter:data1\" content=\"8 minutos\" \/>\n<script type=\"application\/ld+json\" class=\"yoast-schema-graph\">{\"@context\":\"https:\/\/schema.org\",\"@graph\":[{\"@type\":\"WebPage\",\"@id\":\"https:\/\/wuolah.com\/brands\/politica-privacidad-cookies\/\",\"url\":\"https:\/\/wuolah.com\/brands\/politica-privacidad-cookies\/\",\"name\":\"POL\u00cdTICA DE PRIVACIDAD Y COOKIES - Wuolah Brands\",\"isPartOf\":{\"@id\":\"https:\/\/wuolah.com\/brands\/#website\"},\"datePublished\":\"2020-10-27T09:00:50+00:00\",\"breadcrumb\":{\"@id\":\"https:\/\/wuolah.com\/brands\/politica-privacidad-cookies\/#breadcrumb\"},\"inLanguage\":\"es\",\"potentialAction\":[{\"@type\":\"ReadAction\",\"target\":[\"https:\/\/wuolah.com\/brands\/politica-privacidad-cookies\/\"]}]},{\"@type\":\"BreadcrumbList\",\"@id\":\"https:\/\/wuolah.com\/brands\/politica-privacidad-cookies\/#breadcrumb\",\"itemListElement\":[{\"@type\":\"ListItem\",\"position\":1,\"name\":\"Portada\",\"item\":\"https:\/\/wuolah.com\/brands\/\"},{\"@type\":\"ListItem\",\"position\":2,\"name\":\"POL\u00cdTICA DE PRIVACIDAD Y COOKIES\"}]},{\"@type\":\"WebSite\",\"@id\":\"https:\/\/wuolah.com\/brands\/#website\",\"url\":\"https:\/\/wuolah.com\/brands\/\",\"name\":\"Wuolah Brands\",\"description\":\"\",\"publisher\":{\"@id\":\"https:\/\/wuolah.com\/brands\/#organization\"},\"potentialAction\":[{\"@type\":\"SearchAction\",\"target\":{\"@type\":\"EntryPoint\",\"urlTemplate\":\"https:\/\/wuolah.com\/brands\/?s={search_term_string}\"},\"query-input\":{\"@type\":\"PropertyValueSpecification\",\"valueRequired\":true,\"valueName\":\"search_term_string\"}}],\"inLanguage\":\"es\"},{\"@type\":\"Organization\",\"@id\":\"https:\/\/wuolah.com\/brands\/#organization\",\"name\":\"Wuolah Brands\",\"url\":\"https:\/\/wuolah.com\/brands\/\",\"logo\":{\"@type\":\"ImageObject\",\"inLanguage\":\"es\",\"@id\":\"https:\/\/wuolah.com\/brands\/#\/schema\/logo\/image\/\",\"url\":\"https:\/\/wuolah.com\/brands\/wp-content\/uploads\/sites\/4\/2024\/05\/Logo-Wuolah-anuncios.png\",\"contentUrl\":\"https:\/\/wuolah.com\/brands\/wp-content\/uploads\/sites\/4\/2024\/05\/Logo-Wuolah-anuncios.png\",\"width\":378,\"height\":60,\"caption\":\"Wuolah Brands\"},\"image\":{\"@id\":\"https:\/\/wuolah.com\/brands\/#\/schema\/logo\/image\/\"}}]}<\/script>\n<!-- \/ Yoast SEO plugin. -->","yoast_head_json":{"title":"POL\u00cdTICA DE PRIVACIDAD Y COOKIES - Wuolah Brands","robots":{"index":"noindex","follow":"nofollow"},"og_locale":"es_ES","og_type":"article","og_title":"POL\u00cdTICA DE PRIVACIDAD Y COOKIES - Wuolah Brands","og_description":"Esta es la Pol\u00edtica de Privacidad de WUOLAH BRANDS\/WUOLAH, que es aplicable al tratamiento de datos personales que realizamos a trav\u00e9s nuestra p\u00e1gina Web y App(s), y que forma parte integrante de nuestro&nbsp;Acuerdo de Usuario. WUOLAH respeta y protege la privacidad. A continuaci\u00f3n detallamos c\u00f3mo tratamos tus datos personales. WUOLADS, S.L. (en adelante \u201cWUOLAH\u201d), con [&hellip;]","og_url":"https:\/\/wuolah.com\/brands\/politica-privacidad-cookies\/","og_site_name":"Wuolah Brands","twitter_card":"summary_large_image","twitter_misc":{"Tiempo de lectura":"8 minutos"},"schema":{"@context":"https:\/\/schema.org","@graph":[{"@type":"WebPage","@id":"https:\/\/wuolah.com\/brands\/politica-privacidad-cookies\/","url":"https:\/\/wuolah.com\/brands\/politica-privacidad-cookies\/","name":"POL\u00cdTICA DE PRIVACIDAD Y COOKIES - Wuolah Brands","isPartOf":{"@id":"https:\/\/wuolah.com\/brands\/#website"},"datePublished":"2020-10-27T09:00:50+00:00","breadcrumb":{"@id":"https:\/\/wuolah.com\/brands\/politica-privacidad-cookies\/#breadcrumb"},"inLanguage":"es","potentialAction":[{"@type":"ReadAction","target":["https:\/\/wuolah.com\/brands\/politica-privacidad-cookies\/"]}]},{"@type":"BreadcrumbList","@id":"https:\/\/wuolah.com\/brands\/politica-privacidad-cookies\/#breadcrumb","itemListElement":[{"@type":"ListItem","position":1,"name":"Portada","item":"https:\/\/wuolah.com\/brands\/"},{"@type":"ListItem","position":2,"name":"POL\u00cdTICA DE PRIVACIDAD Y COOKIES"}]},{"@type":"WebSite","@id":"https:\/\/wuolah.com\/brands\/#website","url":"https:\/\/wuolah.com\/brands\/","name":"Wuolah Brands","description":"","publisher":{"@id":"https:\/\/wuolah.com\/brands\/#organization"},"potentialAction":[{"@type":"SearchAction","target":{"@type":"EntryPoint","urlTemplate":"https:\/\/wuolah.com\/brands\/?s={search_term_string}"},"query-input":{"@type":"PropertyValueSpecification","valueRequired":true,"valueName":"search_term_string"}}],"inLanguage":"es"},{"@type":"Organization","@id":"https:\/\/wuolah.com\/brands\/#organization","name":"Wuolah Brands","url":"https:\/\/wuolah.com\/brands\/","logo":{"@type":"ImageObject","inLanguage":"es","@id":"https:\/\/wuolah.com\/brands\/#\/schema\/logo\/image\/","url":"https:\/\/wuolah.com\/brands\/wp-content\/uploads\/sites\/4\/2024\/05\/Logo-Wuolah-anuncios.png","contentUrl":"https:\/\/wuolah.com\/brands\/wp-content\/uploads\/sites\/4\/2024\/05\/Logo-Wuolah-anuncios.png","width":378,"height":60,"caption":"Wuolah Brands"},"image":{"@id":"https:\/\/wuolah.com\/brands\/#\/schema\/logo\/image\/"}}]}},"_links":{"self":[{"href":"https:\/\/wuolah.com\/brands\/wp-json\/wp\/v2\/pages\/3"}],"collection":[{"href":"https:\/\/wuolah.com\/brands\/wp-json\/wp\/v2\/pages"}],"about":[{"href":"https:\/\/wuolah.com\/brands\/wp-json\/wp\/v2\/types\/page"}],"author":[{"embeddable":true,"href":"https:\/\/wuolah.com\/brands\/wp-json\/wp\/v2\/users\/8"}],"replies":[{"embeddable":true,"href":"https:\/\/wuolah.com\/brands\/wp-json\/wp\/v2\/comments?post=3"}],"version-history":[{"count":0,"href":"https:\/\/wuolah.com\/brands\/wp-json\/wp\/v2\/pages\/3\/revisions"}],"wp:attachment":[{"href":"https:\/\/wuolah.com\/brands\/wp-json\/wp\/v2\/media?parent=3"}],"curies":[{"name":"wp","href":"https:\/\/api.w.org\/{rel}","templated":true}]}}