{"id":7588,"date":"2023-07-31T10:52:53","date_gmt":"2023-07-31T09:52:53","guid":{"rendered":"https:\/\/brands.wuolah.com\/?page_id=7588"},"modified":"2023-07-31T10:52:53","modified_gmt":"2023-07-31T09:52:53","slug":"conoce-a-tu-audiencia-que-quieres-saber","status":"publish","type":"page","link":"https:\/\/wuolah.com\/brands\/conoce-a-tu-audiencia-que-quieres-saber\/","title":{"rendered":"Conoce a tu audiencia, \u00bfqu\u00e9 quieres saber?"},"content":{"rendered":"\t\t<div data-elementor-type=\"wp-page\" data-elementor-id=\"7588\" class=\"elementor elementor-7588\" data-elementor-post-type=\"page\">\n\t\t\t\t\t\t<section class=\"elementor-section elementor-top-section elementor-element elementor-element-5c6bd85 elementor-section-boxed elementor-section-height-default elementor-section-height-default\" data-id=\"5c6bd85\" data-element_type=\"section\" data-e-type=\"section\">\n\t\t\t\t\t\t<div class=\"elementor-container elementor-column-gap-wide\">\n\t\t\t\t\t<div class=\"elementor-column elementor-col-50 elementor-top-column elementor-element elementor-element-c1a6a89\" data-id=\"c1a6a89\" data-element_type=\"column\" data-e-type=\"column\">\n\t\t\t<div class=\"elementor-widget-wrap elementor-element-populated\">\n\t\t\t\t\t\t<div class=\"elementor-element elementor-element-57f316a elementor-widget elementor-widget-heading\" data-id=\"57f316a\" data-element_type=\"widget\" data-e-type=\"widget\" data-widget_type=\"heading.default\">\n\t\t\t\t<div class=\"elementor-widget-container\">\n\t\t\t\t\t<h2 class=\"elementor-heading-title elementor-size-default\">Pregunta a tu p\u00fablico y enfoca mejor tus campa\u00f1as.<\/h2>\t\t\t\t<\/div>\n\t\t\t\t<\/div>\n\t\t\t\t<section class=\"elementor-section elementor-inner-section elementor-element elementor-element-acfde4a elementor-section-boxed elementor-section-height-default elementor-section-height-default\" data-id=\"acfde4a\" data-element_type=\"section\" data-e-type=\"section\">\n\t\t\t\t\t\t<div class=\"elementor-container elementor-column-gap-no\">\n\t\t\t\t\t<div class=\"elementor-column elementor-col-33 elementor-inner-column elementor-element elementor-element-53d9339\" data-id=\"53d9339\" data-element_type=\"column\" data-e-type=\"column\">\n\t\t\t<div class=\"elementor-widget-wrap elementor-element-populated\">\n\t\t\t\t\t\t<div class=\"elementor-element elementor-element-ce10266 elementor-widget elementor-widget-counter\" data-id=\"ce10266\" data-element_type=\"widget\" data-e-type=\"widget\" data-widget_type=\"counter.default\">\n\t\t\t\t<div class=\"elementor-widget-container\">\n\t\t\t\t\t\t\t<div class=\"elementor-counter\">\n\t\t\t<div class=\"elementor-counter-title\">Clientes satisfechos<\/div>\t\t\t<div class=\"elementor-counter-number-wrapper\">\n\t\t\t\t<span class=\"elementor-counter-number-prefix\">+<\/span>\n\t\t\t\t<span class=\"elementor-counter-number\" data-duration=\"1200\" data-to-value=\"50\" data-from-value=\"8\" data-delimiter=\",\">8<\/span>\n\t\t\t\t<span class=\"elementor-counter-number-suffix\"><\/span>\n\t\t\t<\/div>\n\t\t<\/div>\n\t\t\t\t\t\t<\/div>\n\t\t\t\t<\/div>\n\t\t\t\t\t<\/div>\n\t\t<\/div>\n\t\t\t\t<div class=\"elementor-column elementor-col-33 elementor-inner-column elementor-element elementor-element-87b4542\" data-id=\"87b4542\" data-element_type=\"column\" data-e-type=\"column\">\n\t\t\t<div class=\"elementor-widget-wrap elementor-element-populated\">\n\t\t\t\t\t\t<div class=\"elementor-element elementor-element-c906086 elementor-widget elementor-widget-counter\" data-id=\"c906086\" data-element_type=\"widget\" data-e-type=\"widget\" data-widget_type=\"counter.default\">\n\t\t\t\t<div class=\"elementor-widget-container\">\n\t\t\t\t\t\t\t<div class=\"elementor-counter\">\n\t\t\t<div class=\"elementor-counter-title\">Formularios completados<\/div>\t\t\t<div class=\"elementor-counter-number-wrapper\">\n\t\t\t\t<span class=\"elementor-counter-number-prefix\">+<\/span>\n\t\t\t\t<span class=\"elementor-counter-number\" data-duration=\"1200\" data-to-value=\"85\" data-from-value=\"8\" data-delimiter=\",\">8<\/span>\n\t\t\t\t<span class=\"elementor-counter-number-suffix\">%<\/span>\n\t\t\t<\/div>\n\t\t<\/div>\n\t\t\t\t\t\t<\/div>\n\t\t\t\t<\/div>\n\t\t\t\t\t<\/div>\n\t\t<\/div>\n\t\t\t\t<div class=\"elementor-column elementor-col-33 elementor-inner-column elementor-element elementor-element-ee6b3c2\" data-id=\"ee6b3c2\" data-element_type=\"column\" data-e-type=\"column\">\n\t\t\t<div class=\"elementor-widget-wrap elementor-element-populated\">\n\t\t\t\t\t\t<div class=\"elementor-element elementor-element-110d73e elementor-widget elementor-widget-counter\" data-id=\"110d73e\" data-element_type=\"widget\" data-e-type=\"widget\" data-widget_type=\"counter.default\">\n\t\t\t\t<div class=\"elementor-widget-container\">\n\t\t\t\t\t\t\t<div class=\"elementor-counter\">\n\t\t\t<div class=\"elementor-counter-title\">Clientes satisfechos<\/div>\t\t\t<div class=\"elementor-counter-number-wrapper\">\n\t\t\t\t<span class=\"elementor-counter-number-prefix\">+<\/span>\n\t\t\t\t<span class=\"elementor-counter-number\" data-duration=\"1200\" data-to-value=\"42\" data-from-value=\"8\" data-delimiter=\",\">8<\/span>\n\t\t\t\t<span class=\"elementor-counter-number-suffix\">%<\/span>\n\t\t\t<\/div>\n\t\t<\/div>\n\t\t\t\t\t\t<\/div>\n\t\t\t\t<\/div>\n\t\t\t\t\t<\/div>\n\t\t<\/div>\n\t\t\t\t\t<\/div>\n\t\t<\/section>\n\t\t\t\t<div class=\"elementor-element elementor-element-7249767 ws-content elementor-widget elementor-widget-text-editor\" data-id=\"7249767\" data-element_type=\"widget\" data-e-type=\"widget\" data-widget_type=\"text-editor.default\">\n\t\t\t\t<div class=\"elementor-widget-container\">\n\t\t\t\t\t\t\t\t\t<p>Hemos creado un <strong>nuevo formato en Wuolah<\/strong>, se trata de un formato en el que los anunciantes pueden hacer preguntas a su p\u00fablico objetivo. Se trata de<strong> Wuolah Surveys.<\/strong><\/p><figure id=\"attachment_7602\" aria-describedby=\"caption-attachment-7602\" style=\"width: 1353px\" class=\"wp-caption alignnone\"><img fetchpriority=\"high\" decoding=\"async\" class=\"wp-image-7602 size-full\" src=\"https:\/\/brands.wuolah.com\/wp-content\/uploads\/2023\/07\/wuolah-surveys-screenshot.png\" alt=\"Wuolah Surveys.\" width=\"1353\" height=\"768\" \/><figcaption id=\"caption-attachment-7602\" class=\"wp-caption-text\">Wuolah Surveys.<\/figcaption><\/figure>\t\t\t\t\t\t\t\t<\/div>\n\t\t\t\t<\/div>\n\t\t\t\t<div class=\"elementor-element elementor-element-4a34be1 elementor-widget elementor-widget-eael-adv-tabs\" data-id=\"4a34be1\" data-element_type=\"widget\" data-e-type=\"widget\" data-widget_type=\"eael-adv-tabs.default\">\n\t\t\t\t<div class=\"elementor-widget-container\">\n\t\t\t\t\t        <div data-scroll-on-click=\"no\" data-scroll-speed=\"300\" id=\"eael-advance-tabs-4a34be1\" class=\"eael-advance-tabs eael-tabs-horizontal eael-tab-auto-active  active-caret-on\" data-tabid=\"4a34be1\">\n            <div class=\"eael-tabs-nav\">\n                <ul class=\"\" role=\"tablist\">\n                                            <li id=\"caractersticas\" class=\"active-default eael-tab-item-trigger\" aria-selected=\"true\" data-tab=\"1\" role=\"tab\" tabindex=\"0\" aria-controls=\"caractersticas-tab\" aria-expanded=\"false\">\n                            \n                            \n                            \n                                                            <span class=\"eael-tab-title  title-after-icon\">Caracter\u00edsticas<\/span>                                                    <\/li>\n                                            <li id=\"qu-puedo-hacer\" class=\"inactive eael-tab-item-trigger\" aria-selected=\"false\" data-tab=\"2\" role=\"tab\" tabindex=\"-1\" aria-controls=\"qu-puedo-hacer-tab\" aria-expanded=\"false\">\n                            \n                            \n                            \n                                                            <span class=\"eael-tab-title  title-after-icon\">\u00bfQu\u00e9 puedo hacer?<\/span>                                                    <\/li>\n                                            <li id=\"alcance\" class=\"inactive eael-tab-item-trigger\" aria-selected=\"false\" data-tab=\"3\" role=\"tab\" tabindex=\"-1\" aria-controls=\"alcance-tab\" aria-expanded=\"false\">\n                            \n                            \n                            \n                                                            <span class=\"eael-tab-title  title-after-icon\">Alcance<\/span>                                                    <\/li>\n                                    <\/ul>\n            <\/div>\n            \n            <div class=\"eael-tabs-content\">\n\t\t        \n                    <div id=\"caractersticas-tab\" class=\"clearfix eael-tab-content-item active-default\" data-title-link=\"caractersticas-tab\">\n\t\t\t\t        \t\t\t\t\t        <ul><li>Formato digital 100%<\/li><li>Configuraci\u00f3n personalizada de la pregunta y subt\u00edtulo<\/li><li>Hasta 6 posibilidades de respuesta<\/li><li>Skin, marco de pantalla<\/li><li>Dispositivos desktop<\/li><li>Posibilidad de a\u00f1adir p\u00edxeles de medici\u00f3n<\/li><\/ul>\t\t\t\t                            <\/div>\n\t\t        \n                    <div id=\"qu-puedo-hacer-tab\" class=\"clearfix eael-tab-content-item inactive\" data-title-link=\"qu-puedo-hacer-tab\">\n\t\t\t\t        \t\t\t\t\t        <ul><li>Preguntas directas sobre tu marca o producto.<\/li><li>Conocer intenciones de compra.<\/li><li>Estudios de mercado.<\/li><li>Creaci\u00f3n de audiencias.<\/li><li>Y mucho m\u00e1s, la imaginaci\u00f3n es el l\u00edmite.<\/li><\/ul>\t\t\t\t                            <\/div>\n\t\t        \n                    <div id=\"alcance-tab\" class=\"clearfix eael-tab-content-item inactive\" data-title-link=\"alcance-tab\">\n\t\t\t\t        \t\t\t\t\t        <ul><li>Puedes llegar a todos los usuarios de Wuolah o al segmento que te interese.<\/li><li>Alta visibilidad (viewability), superior al 85%.<\/li><li>Interfaz amigable con el usuario.<\/li><\/ul>\t\t\t\t                            <\/div>\n\t\t                    <\/div>\n        <\/div>\n\t\t\t\t<\/div>\n\t\t\t\t<\/div>\n\t\t\t\t\t<\/div>\n\t\t<\/div>\n\t\t\t\t<div class=\"elementor-column elementor-col-50 elementor-top-column elementor-element elementor-element-e7c704f\" data-id=\"e7c704f\" data-element_type=\"column\" data-e-type=\"column\">\n\t\t\t<div class=\"elementor-widget-wrap elementor-element-populated\">\n\t\t\t\t\t\t<div class=\"elementor-element elementor-element-0f9f7f2 elementor-alert-success elementor-widget elementor-widget-alert\" data-id=\"0f9f7f2\" data-element_type=\"widget\" data-e-type=\"widget\" data-widget_type=\"alert.default\">\n\t\t\t\t<div class=\"elementor-widget-container\">\n\t\t\t\t\t\t\t<div class=\"elementor-alert\" role=\"alert\">\n\n\t\t\t\t\t\t<span class=\"elementor-alert-title\">Quiero encuestar a mi audiencia.<\/span>\n\t\t\t\n\t\t\t\t\t\t<span class=\"elementor-alert-description\">Env\u00eda un formulario y te resolvemos todas tus dudas.<\/span>\n\t\t\t\n\t\t\t\n\t\t<\/div>\n\t\t\t\t\t\t<\/div>\n\t\t\t\t<\/div>\n\t\t\t\t<div class=\"elementor-element elementor-element-01f3e40 elementor-button-align-stretch elementor-widget elementor-widget-form\" data-id=\"01f3e40\" data-element_type=\"widget\" data-e-type=\"widget\" data-settings=\"{&quot;step_next_label&quot;:&quot;Siguiente&quot;,&quot;step_previous_label&quot;:&quot;Anterior&quot;,&quot;button_width&quot;:&quot;100&quot;,&quot;step_type&quot;:&quot;number_text&quot;,&quot;step_icon_shape&quot;:&quot;circle&quot;}\" data-widget_type=\"form.default\">\n\t\t\t\t<div class=\"elementor-widget-container\">\n\t\t\t\t\t\t\t<form class=\"elementor-form\" method=\"post\" id=\"wuolah_surveys_1\" name=\"Wuolah Surveys - V1\">\n\t\t\t<input type=\"hidden\" name=\"post_id\" value=\"7588\"\/>\n\t\t\t<input type=\"hidden\" name=\"form_id\" value=\"01f3e40\"\/>\n\t\t\t<input type=\"hidden\" name=\"referer_title\" value=\"Conoce a tu audiencia, \u00bfqu\u00e9 quieres saber? - Wuolah Brands\" \/>\n\n\t\t\t\t\t\t\t<input type=\"hidden\" name=\"queried_id\" value=\"7588\"\/>\n\t\t\t\n\t\t\t<div class=\"elementor-form-fields-wrapper elementor-labels-above\">\n\t\t\t\t\t\t\t\t<div class=\"elementor-field-type-text elementor-field-group elementor-column elementor-field-group-name elementor-col-100 elementor-field-required elementor-mark-required\">\n\t\t\t\t\t\t\t\t\t\t\t\t<label for=\"form-field-name\" class=\"elementor-field-label\">\n\t\t\t\t\t\t\t\tNombre\t\t\t\t\t\t\t<\/label>\n\t\t\t\t\t\t\t\t\t\t\t\t\t\t<input size=\"1\" type=\"text\" name=\"form_fields[name]\" id=\"form-field-name\" class=\"elementor-field elementor-size-sm  elementor-field-textual\" placeholder=\"Nombre\" required=\"required\" aria-required=\"true\">\n\t\t\t\t\t\t\t\t\t\t\t<\/div>\n\t\t\t\t\t\t\t\t<div class=\"elementor-field-type-tel elementor-field-group elementor-column elementor-field-group-field_78036a7 elementor-col-100 elementor-field-required elementor-mark-required\">\n\t\t\t\t\t\t\t\t\t\t\t\t<label for=\"form-field-field_78036a7\" class=\"elementor-field-label\">\n\t\t\t\t\t\t\t\tTel\u00e9fono\t\t\t\t\t\t\t<\/label>\n\t\t\t\t\t\t\t\t<input size=\"1\" type=\"tel\" name=\"form_fields[field_78036a7]\" id=\"form-field-field_78036a7\" class=\"elementor-field elementor-size-sm  elementor-field-textual\" placeholder=\"Tel\u00e9fono\" required=\"required\" aria-required=\"true\" pattern=\"[0-9()#&amp;+*-=.]+\" title=\"Only numbers and phone characters (#, -, *, etc) are accepted.\">\n\n\t\t\t\t\t\t<\/div>\n\t\t\t\t\t\t\t\t<div class=\"elementor-field-type-email elementor-field-group elementor-column elementor-field-group-email elementor-col-100\">\n\t\t\t\t\t\t\t\t\t\t\t\t<label for=\"form-field-email\" class=\"elementor-field-label\">\n\t\t\t\t\t\t\t\tEmail\t\t\t\t\t\t\t<\/label>\n\t\t\t\t\t\t\t\t\t\t\t\t\t\t<input size=\"1\" type=\"email\" name=\"form_fields[email]\" id=\"form-field-email\" class=\"elementor-field elementor-size-sm  elementor-field-textual\" placeholder=\"Email\">\n\t\t\t\t\t\t\t\t\t\t\t<\/div>\n\t\t\t\t\t\t\t\t<div class=\"elementor-field-type-textarea elementor-field-group elementor-column elementor-field-group-message elementor-col-100\">\n\t\t\t\t\t\t\t\t\t\t\t\t<label for=\"form-field-message\" class=\"elementor-field-label\">\n\t\t\t\t\t\t\t\tMensaje\t\t\t\t\t\t\t<\/label>\n\t\t\t\t\t\t<textarea class=\"elementor-field-textual elementor-field  elementor-size-sm\" name=\"form_fields[message]\" id=\"form-field-message\" rows=\"4\" placeholder=\"Mensaje\"><\/textarea>\t\t\t\t<\/div>\n\t\t\t\t\t\t\t\t<div class=\"elementor-field-group elementor-column elementor-field-type-submit elementor-col-100 e-form__buttons\">\n\t\t\t\t\t<button class=\"elementor-button elementor-size-md\" type=\"submit\" id=\"wuolah_surveys_button_1\">\n\t\t\t\t\t\t<span class=\"elementor-button-content-wrapper\">\n\t\t\t\t\t\t\t\t\t\t\t\t\t\t\t\t\t\t\t\t\t\t<span class=\"elementor-button-text\">Enviar<\/span>\n\t\t\t\t\t\t\t\t\t\t\t\t\t<\/span>\n\t\t\t\t\t<\/button>\n\t\t\t\t<\/div>\n\t\t\t<\/div>\n\t\t<\/form>\n\t\t\t\t\t\t<\/div>\n\t\t\t\t<\/div>\n\t\t\t\t\t<\/div>\n\t\t<\/div>\n\t\t\t\t\t<\/div>\n\t\t<\/section>\n\t\t\t\t<\/div>\n\t\t","protected":false},"excerpt":{"rendered":"<p>Pregunta a tu p\u00fablico y enfoca mejor tus campa\u00f1as. + 8 Clientes satisfechos + 8 % Formularios completados + 8 % Clientes satisfechos Hemos creado un nuevo formato en Wuolah, se trata de un formato en el que los anunciantes pueden hacer preguntas a su p\u00fablico objetivo. Se trata de Wuolah Surveys. Caracter\u00edsticas \u00bfQu\u00e9 puedo [&hellip;]<\/p>\n","protected":false},"author":8,"featured_media":0,"parent":0,"menu_order":0,"comment_status":"closed","ping_status":"closed","template":"","meta":{"content-type":"","footnotes":""},"class_list":["post-7588","page","type-page","status-publish","hentry"],"yoast_head":"<!-- This site is optimized with the Yoast SEO plugin v25.6 - https:\/\/yoast.com\/wordpress\/plugins\/seo\/ -->\n<title>Conoce a tu audiencia, \u00bfqu\u00e9 quieres saber? - Wuolah Brands<\/title>\n<meta name=\"robots\" content=\"index, follow, max-snippet:-1, max-image-preview:large, max-video-preview:-1\" \/>\n<link rel=\"canonical\" href=\"https:\/\/wuolah.com\/brands\/conoce-a-tu-audiencia-que-quieres-saber\/\" \/>\n<meta property=\"og:locale\" content=\"es_ES\" \/>\n<meta property=\"og:type\" content=\"article\" \/>\n<meta property=\"og:title\" content=\"Conoce a tu audiencia, \u00bfqu\u00e9 quieres saber? - Wuolah Brands\" \/>\n<meta property=\"og:description\" content=\"Pregunta a tu p\u00fablico y enfoca mejor tus campa\u00f1as. + 8 Clientes satisfechos + 8 % Formularios completados + 8 % Clientes satisfechos Hemos creado un nuevo formato en Wuolah, se trata de un formato en el que los anunciantes pueden hacer preguntas a su p\u00fablico objetivo. Se trata de Wuolah Surveys. Caracter\u00edsticas \u00bfQu\u00e9 puedo [&hellip;]\" \/>\n<meta property=\"og:url\" content=\"https:\/\/wuolah.com\/brands\/conoce-a-tu-audiencia-que-quieres-saber\/\" \/>\n<meta property=\"og:site_name\" content=\"Wuolah Brands\" \/>\n<meta property=\"og:image\" content=\"https:\/\/brands.wuolah.com\/wp-content\/uploads\/2023\/07\/wuolah-surveys-screenshot.png\" \/>\n<meta name=\"twitter:card\" content=\"summary_large_image\" \/>\n<meta name=\"twitter:label1\" content=\"Tiempo de lectura\" \/>\n\t<meta name=\"twitter:data1\" content=\"1 minuto\" \/>\n<script type=\"application\/ld+json\" class=\"yoast-schema-graph\">{\"@context\":\"https:\/\/schema.org\",\"@graph\":[{\"@type\":\"WebPage\",\"@id\":\"https:\/\/wuolah.com\/brands\/conoce-a-tu-audiencia-que-quieres-saber\/\",\"url\":\"https:\/\/wuolah.com\/brands\/conoce-a-tu-audiencia-que-quieres-saber\/\",\"name\":\"Conoce a tu audiencia, \u00bfqu\u00e9 quieres saber? - Wuolah Brands\",\"isPartOf\":{\"@id\":\"https:\/\/wuolah.com\/brands\/#website\"},\"primaryImageOfPage\":{\"@id\":\"https:\/\/wuolah.com\/brands\/conoce-a-tu-audiencia-que-quieres-saber\/#primaryimage\"},\"image\":{\"@id\":\"https:\/\/wuolah.com\/brands\/conoce-a-tu-audiencia-que-quieres-saber\/#primaryimage\"},\"thumbnailUrl\":\"https:\/\/brands.wuolah.com\/wp-content\/uploads\/2023\/07\/wuolah-surveys-screenshot.png\",\"datePublished\":\"2023-07-31T09:52:53+00:00\",\"breadcrumb\":{\"@id\":\"https:\/\/wuolah.com\/brands\/conoce-a-tu-audiencia-que-quieres-saber\/#breadcrumb\"},\"inLanguage\":\"es\",\"potentialAction\":[{\"@type\":\"ReadAction\",\"target\":[\"https:\/\/wuolah.com\/brands\/conoce-a-tu-audiencia-que-quieres-saber\/\"]}]},{\"@type\":\"ImageObject\",\"inLanguage\":\"es\",\"@id\":\"https:\/\/wuolah.com\/brands\/conoce-a-tu-audiencia-que-quieres-saber\/#primaryimage\",\"url\":\"https:\/\/brands.wuolah.com\/wp-content\/uploads\/2023\/07\/wuolah-surveys-screenshot.png\",\"contentUrl\":\"https:\/\/brands.wuolah.com\/wp-content\/uploads\/2023\/07\/wuolah-surveys-screenshot.png\"},{\"@type\":\"BreadcrumbList\",\"@id\":\"https:\/\/wuolah.com\/brands\/conoce-a-tu-audiencia-que-quieres-saber\/#breadcrumb\",\"itemListElement\":[{\"@type\":\"ListItem\",\"position\":1,\"name\":\"Portada\",\"item\":\"https:\/\/wuolah.com\/brands\/\"},{\"@type\":\"ListItem\",\"position\":2,\"name\":\"Conoce a tu audiencia, \u00bfqu\u00e9 quieres saber?\"}]},{\"@type\":\"WebSite\",\"@id\":\"https:\/\/wuolah.com\/brands\/#website\",\"url\":\"https:\/\/wuolah.com\/brands\/\",\"name\":\"Wuolah Brands\",\"description\":\"\",\"publisher\":{\"@id\":\"https:\/\/wuolah.com\/brands\/#organization\"},\"potentialAction\":[{\"@type\":\"SearchAction\",\"target\":{\"@type\":\"EntryPoint\",\"urlTemplate\":\"https:\/\/wuolah.com\/brands\/?s={search_term_string}\"},\"query-input\":{\"@type\":\"PropertyValueSpecification\",\"valueRequired\":true,\"valueName\":\"search_term_string\"}}],\"inLanguage\":\"es\"},{\"@type\":\"Organization\",\"@id\":\"https:\/\/wuolah.com\/brands\/#organization\",\"name\":\"Wuolah Brands\",\"url\":\"https:\/\/wuolah.com\/brands\/\",\"logo\":{\"@type\":\"ImageObject\",\"inLanguage\":\"es\",\"@id\":\"https:\/\/wuolah.com\/brands\/#\/schema\/logo\/image\/\",\"url\":\"https:\/\/wuolah.com\/brands\/wp-content\/uploads\/sites\/4\/2024\/05\/Logo-Wuolah-anuncios.png\",\"contentUrl\":\"https:\/\/wuolah.com\/brands\/wp-content\/uploads\/sites\/4\/2024\/05\/Logo-Wuolah-anuncios.png\",\"width\":378,\"height\":60,\"caption\":\"Wuolah Brands\"},\"image\":{\"@id\":\"https:\/\/wuolah.com\/brands\/#\/schema\/logo\/image\/\"}}]}<\/script>\n<!-- \/ Yoast SEO plugin. -->","yoast_head_json":{"title":"Conoce a tu audiencia, \u00bfqu\u00e9 quieres saber? - Wuolah Brands","robots":{"index":"index","follow":"follow","max-snippet":"max-snippet:-1","max-image-preview":"max-image-preview:large","max-video-preview":"max-video-preview:-1"},"canonical":"https:\/\/wuolah.com\/brands\/conoce-a-tu-audiencia-que-quieres-saber\/","og_locale":"es_ES","og_type":"article","og_title":"Conoce a tu audiencia, \u00bfqu\u00e9 quieres saber? - Wuolah Brands","og_description":"Pregunta a tu p\u00fablico y enfoca mejor tus campa\u00f1as. + 8 Clientes satisfechos + 8 % Formularios completados + 8 % Clientes satisfechos Hemos creado un nuevo formato en Wuolah, se trata de un formato en el que los anunciantes pueden hacer preguntas a su p\u00fablico objetivo. Se trata de Wuolah Surveys. Caracter\u00edsticas \u00bfQu\u00e9 puedo [&hellip;]","og_url":"https:\/\/wuolah.com\/brands\/conoce-a-tu-audiencia-que-quieres-saber\/","og_site_name":"Wuolah Brands","og_image":[{"url":"https:\/\/brands.wuolah.com\/wp-content\/uploads\/2023\/07\/wuolah-surveys-screenshot.png","type":"","width":"","height":""}],"twitter_card":"summary_large_image","twitter_misc":{"Tiempo de lectura":"1 minuto"},"schema":{"@context":"https:\/\/schema.org","@graph":[{"@type":"WebPage","@id":"https:\/\/wuolah.com\/brands\/conoce-a-tu-audiencia-que-quieres-saber\/","url":"https:\/\/wuolah.com\/brands\/conoce-a-tu-audiencia-que-quieres-saber\/","name":"Conoce a tu audiencia, \u00bfqu\u00e9 quieres saber? - Wuolah Brands","isPartOf":{"@id":"https:\/\/wuolah.com\/brands\/#website"},"primaryImageOfPage":{"@id":"https:\/\/wuolah.com\/brands\/conoce-a-tu-audiencia-que-quieres-saber\/#primaryimage"},"image":{"@id":"https:\/\/wuolah.com\/brands\/conoce-a-tu-audiencia-que-quieres-saber\/#primaryimage"},"thumbnailUrl":"https:\/\/brands.wuolah.com\/wp-content\/uploads\/2023\/07\/wuolah-surveys-screenshot.png","datePublished":"2023-07-31T09:52:53+00:00","breadcrumb":{"@id":"https:\/\/wuolah.com\/brands\/conoce-a-tu-audiencia-que-quieres-saber\/#breadcrumb"},"inLanguage":"es","potentialAction":[{"@type":"ReadAction","target":["https:\/\/wuolah.com\/brands\/conoce-a-tu-audiencia-que-quieres-saber\/"]}]},{"@type":"ImageObject","inLanguage":"es","@id":"https:\/\/wuolah.com\/brands\/conoce-a-tu-audiencia-que-quieres-saber\/#primaryimage","url":"https:\/\/brands.wuolah.com\/wp-content\/uploads\/2023\/07\/wuolah-surveys-screenshot.png","contentUrl":"https:\/\/brands.wuolah.com\/wp-content\/uploads\/2023\/07\/wuolah-surveys-screenshot.png"},{"@type":"BreadcrumbList","@id":"https:\/\/wuolah.com\/brands\/conoce-a-tu-audiencia-que-quieres-saber\/#breadcrumb","itemListElement":[{"@type":"ListItem","position":1,"name":"Portada","item":"https:\/\/wuolah.com\/brands\/"},{"@type":"ListItem","position":2,"name":"Conoce a tu audiencia, \u00bfqu\u00e9 quieres saber?"}]},{"@type":"WebSite","@id":"https:\/\/wuolah.com\/brands\/#website","url":"https:\/\/wuolah.com\/brands\/","name":"Wuolah Brands","description":"","publisher":{"@id":"https:\/\/wuolah.com\/brands\/#organization"},"potentialAction":[{"@type":"SearchAction","target":{"@type":"EntryPoint","urlTemplate":"https:\/\/wuolah.com\/brands\/?s={search_term_string}"},"query-input":{"@type":"PropertyValueSpecification","valueRequired":true,"valueName":"search_term_string"}}],"inLanguage":"es"},{"@type":"Organization","@id":"https:\/\/wuolah.com\/brands\/#organization","name":"Wuolah Brands","url":"https:\/\/wuolah.com\/brands\/","logo":{"@type":"ImageObject","inLanguage":"es","@id":"https:\/\/wuolah.com\/brands\/#\/schema\/logo\/image\/","url":"https:\/\/wuolah.com\/brands\/wp-content\/uploads\/sites\/4\/2024\/05\/Logo-Wuolah-anuncios.png","contentUrl":"https:\/\/wuolah.com\/brands\/wp-content\/uploads\/sites\/4\/2024\/05\/Logo-Wuolah-anuncios.png","width":378,"height":60,"caption":"Wuolah Brands"},"image":{"@id":"https:\/\/wuolah.com\/brands\/#\/schema\/logo\/image\/"}}]}},"_links":{"self":[{"href":"https:\/\/wuolah.com\/brands\/wp-json\/wp\/v2\/pages\/7588"}],"collection":[{"href":"https:\/\/wuolah.com\/brands\/wp-json\/wp\/v2\/pages"}],"about":[{"href":"https:\/\/wuolah.com\/brands\/wp-json\/wp\/v2\/types\/page"}],"author":[{"embeddable":true,"href":"https:\/\/wuolah.com\/brands\/wp-json\/wp\/v2\/users\/8"}],"replies":[{"embeddable":true,"href":"https:\/\/wuolah.com\/brands\/wp-json\/wp\/v2\/comments?post=7588"}],"version-history":[{"count":0,"href":"https:\/\/wuolah.com\/brands\/wp-json\/wp\/v2\/pages\/7588\/revisions"}],"wp:attachment":[{"href":"https:\/\/wuolah.com\/brands\/wp-json\/wp\/v2\/media?parent=7588"}],"curies":[{"name":"wp","href":"https:\/\/api.w.org\/{rel}","templated":true}]}}